{"id":375,"date":"2021-06-12T09:41:49","date_gmt":"2021-06-12T09:41:49","guid":{"rendered":"https:\/\/mlynyprzemyslowe.pl\/?page_id=375"},"modified":"2021-06-12T09:41:50","modified_gmt":"2021-06-12T09:41:50","slug":"seria-pm-klasyczny-mlyn-kulowy-typu-pionowego","status":"publish","type":"page","link":"https:\/\/mlynyprzemyslowe.pl\/?page_id=375","title":{"rendered":"Seria PM \/ Klasyczny m\u0142yn kulowy typu pionowego"},"content":{"rendered":"\n<div class=\"wp-block-image\"><figure class=\"aligncenter size-large\"><img loading=\"lazy\" decoding=\"async\" width=\"500\" height=\"500\" src=\"https:\/\/mlynyprzemyslowe.pl\/wp-content\/uploads\/2021\/06\/Seria-PM-Klasyczny-mlyn-kulowy-typu-pionowego.jpg\" alt=\"\" class=\"wp-image-376\" srcset=\"https:\/\/mlynyprzemyslowe.pl\/wp-content\/uploads\/2021\/06\/Seria-PM-Klasyczny-mlyn-kulowy-typu-pionowego.jpg 500w, https:\/\/mlynyprzemyslowe.pl\/wp-content\/uploads\/2021\/06\/Seria-PM-Klasyczny-mlyn-kulowy-typu-pionowego-300x300.jpg 300w, https:\/\/mlynyprzemyslowe.pl\/wp-content\/uploads\/2021\/06\/Seria-PM-Klasyczny-mlyn-kulowy-typu-pionowego-150x150.jpg 150w\" sizes=\"auto, (max-width: 500px) 100vw, 500px\" \/><\/figure><\/div>\n\n\n\n<p>Klasyczne m\u0142yny kulkowe z serii PM s\u0105 produkowane przez YOKES od 1972 roku, aby zaoferowa\u0107 najbardziej ekonomiczne rozwi\u0105zanie dla potrzeb mielenia na mokro. Chocia\u017c zdolno\u015bci produkcyjne m\u0142yn\u00f3w PM s\u0105 niskie w por\u00f3wnaniu z nowoczesnymi m\u0142ynami na mokro, nadal s\u0105 one wymagane ze wzgl\u0119du na ich ekonomiczn\u0105 cen\u0119 i przyjazn\u0105 dla u\u017cytkownika konstrukcj\u0119.<\/p>\n\n\n\n<pre class=\"wp-block-code\"><code><pre class=\"wp-block-code\"><code><p class=\"has-text-align-center\" style=\"font-size: xx-large\"><strong>Funkcje<\/strong><\/p><\/code><\/pre><\/code><\/pre>\n\n\n\n<ul class=\"wp-block-list\"><li>Komora mielenia o podw\u00f3jnych \u015bciankach i ch\u0142odzona wod\u0105. Cylinder wewn\u0119trzny ze stali nierdzewnej AISI-304.<\/li><li>Sito ze stali nierdzewnej z koszykiem z br\u0105zu do oddzielania mielnik\u00f3w i produktu mielonego. (Rozmiar sita dobiera si\u0119 zgodnie z najmniejsz\u0105 \u015brednic\u0105 kulek miel\u0105cych.)<\/li><li>Zoptymalizowana pr\u0119dko\u015b\u0107 obwodowa tarcz mieszad\u0142a do pionowego mielenia na mokro.<\/li><li>1-calowa, z\u0119bata pompa podaj\u0105ca produkt z bezstopniow\u0105 regulacj\u0105 pr\u0119dko\u015bci \/ nat\u0119\u017cenia przep\u0142ywu. (z falownikiem)<\/li><li>Wbudowany, funkcjonalny panel sterowania z przyciskami steruj\u0105cymi i wska\u017anikami cyfrowymi \u201ePr\u0105d nap\u0119du g\u0142\u00f3wnego\u201d \/ \u201ePr\u0119dko\u015b\u0107 pompy zasilaj\u0105cej\u201d.<\/li><li>R\u00f3\u017cne opcje materia\u0142\u00f3w dla cz\u0119\u015bci miel\u0105cej, kt\u00f3re bezpo\u015brednio koliduj\u0105 z produktem. (Specjalna stal hartowana, stal nierdzewna, poliuretan itp. Standardowo tarcze mieszad\u0142a i przek\u0142adki s\u0105 wykonane ze stali nierdzewnej)<\/li><li>&#8211; Konstrukcja u\u0142atwiaj\u0105ca monta\u017c w celu dok\u0142adnego czyszczenia i konserwacji komory mielenia.<\/li><\/ul>\n\n\n<div class=\"wp-block-wptb-table-block\"><div class=\"wptb-container-legacy\" data-table-id=\"380\">\n    <table class=\"wptb-preview-table wptb-element-main-table_setting-startedid-0 edit-active\" data-reconstraction=\"1\" style=\"border: 6px solid rgb(153, 153, 153);\" data-wptb-table-tds-sum-max-width=\"547\" data-wptb-cells-width-auto-count=\"4\" data-wptb-extra-styles=\"LyogRW50ZXIgeW91ciBjdXN0b20gQ1NTIHJ1bGVzIGhlcmUgKi8=\" role=\"table\" data-wptb-table-alignment=\"center\" data-table-columns=\"4\"><tbody><tr class=\"wptb-row\"><td class=\"wptb-cell\" data-y-index=\"0\" data-x-index=\"0\" style=\"border: 5px solid rgb(153, 153, 153);\" data-wptb-css-td-auto-width=\"true\"><div class=\"wptb-text-container wptb-ph-element wptb-element-text-1\"><div class=\"\" style=\"position: relative;\"><p style=\"text-align: center;\"><strong>Model<\/strong><\/p><\/div><\/div><\/td><td class=\"wptb-cell\" data-y-index=\"0\" data-x-index=\"1\" style=\"border: 5px solid rgb(153, 153, 153);\" data-wptb-css-td-auto-width=\"true\"><div class=\"wptb-text-container wptb-ph-element wptb-element-text-2\"><div class=\"\" style=\"position: relative;\"><p style=\"text-align: center;\">PM-10<\/p><\/div><\/div><\/td><td class=\"wptb-cell\" data-y-index=\"0\" data-x-index=\"2\" style=\"border: 5px solid rgb(153, 153, 153);\" data-wptb-css-td-auto-width=\"true\"><div class=\"wptb-text-container wptb-ph-element wptb-element-text-3\"><div class=\"\" style=\"position: relative;\"><p style=\"text-align: center;\">PM-25<\/p><\/div><\/div><\/td><td class=\"wptb-cell\" data-y-index=\"0\" data-x-index=\"3\" style=\"border: 5px solid rgb(153, 153, 153);\" data-wptb-css-td-auto-width=\"true\"><div class=\"wptb-text-container wptb-ph-element wptb-element-text-4\"><div class=\"\" style=\"position: relative;\"><p style=\"text-align: center;\">PM-50<\/p><\/div><\/div><\/td><\/tr><tr class=\"wptb-row\"><td class=\"wptb-cell\" data-y-index=\"1\" data-x-index=\"0\" style=\"border: 5px solid rgb(153, 153, 153);\" data-wptb-css-td-auto-width=\"true\"><div class=\"wptb-text-container wptb-ph-element wptb-element-text-5\"><div class=\"\" style=\"position: relative;\"><p style=\"text-align: center;\"><strong>Silnik<\/strong><\/p><\/div><\/div><\/td><td class=\"wptb-cell\" data-y-index=\"1\" data-x-index=\"1\" style=\"border: 5px solid rgb(153, 153, 153);\" data-wptb-css-td-auto-width=\"true\"><div class=\"wptb-text-container wptb-ph-element wptb-element-text-6\"><div class=\"\" style=\"position: relative;\"><p style=\"text-align: center;\">7,5kW<\/p><\/div><\/div><\/td><td class=\"wptb-cell\" data-y-index=\"1\" data-x-index=\"2\" style=\"border: 5px solid rgb(153, 153, 153);\" data-wptb-css-td-auto-width=\"true\"><div class=\"wptb-text-container wptb-ph-element wptb-element-text-7\"><div class=\"\" style=\"position: relative;\"><p style=\"text-align: center;\">11kW<\/p><\/div><\/div><\/td><td class=\"wptb-cell\" data-y-index=\"1\" data-x-index=\"3\" style=\"border: 5px solid rgb(153, 153, 153);\" data-wptb-css-td-auto-width=\"true\"><div class=\"wptb-text-container wptb-ph-element wptb-element-text-8\"><div class=\"\" style=\"position: relative;\"><p style=\"text-align: center;\">18,5kW<\/p><\/div><\/div><\/td><\/tr><tr class=\"wptb-row\"><td class=\"wptb-cell\" data-y-index=\"2\" data-x-index=\"0\" style=\"border: 5px solid rgb(153, 153, 153);\" data-wptb-css-td-auto-width=\"true\"><div class=\"wptb-text-container wptb-ph-element wptb-element-text-9\"><div class=\"\" style=\"position: relative;\"><p style=\"text-align: center;\"><strong>Pojemno\u015b\u0107 komory mielenia netto<\/strong><\/p><\/div><\/div><\/td><td class=\"wptb-cell\" data-y-index=\"2\" data-x-index=\"1\" style=\"border: 5px solid rgb(153, 153, 153);\" data-wptb-css-td-auto-width=\"true\"><div class=\"wptb-text-container wptb-ph-element wptb-element-text-10\"><div class=\"\" style=\"position: relative;\"><p style=\"text-align: center;\">10L<\/p><\/div><\/div><\/td><td class=\"wptb-cell\" data-y-index=\"2\" data-x-index=\"2\" style=\"border: 5px solid rgb(153, 153, 153);\" data-wptb-css-td-auto-width=\"true\"><div class=\"wptb-text-container wptb-ph-element wptb-element-text-11\"><div class=\"\" style=\"position: relative;\"><p style=\"text-align: center;\">25L<\/p><\/div><\/div><\/td><td class=\"wptb-cell\" data-y-index=\"2\" data-x-index=\"3\" style=\"border: 5px solid rgb(153, 153, 153);\" data-wptb-css-td-auto-width=\"true\"><div class=\"wptb-text-container wptb-ph-element wptb-element-text-12\"><div class=\"\" style=\"position: relative;\"><p style=\"text-align: center;\">50L<\/p><\/div><\/div><\/td><\/tr><\/tbody><\/table>\n<\/div>\n<\/div>","protected":false},"excerpt":{"rendered":"<p>Klasyczne m\u0142yny kulkowe z serii PM s\u0105 produkowane przez YOKES od 1972 roku, aby zaoferowa\u0107 najbardziej ekonomiczne rozwi\u0105zanie dla potrzeb mielenia na mokro. Chocia\u017c zdolno\u015bci produkcyjne m\u0142yn\u00f3w PM s\u0105 niskie w por\u00f3wnaniu z nowoczesnymi m\u0142ynami na mokro, nadal s\u0105 one wymagane ze wzgl\u0119du na ich ekonomiczn\u0105 cen\u0119 i przyjazn\u0105 dla u\u017cytkownika konstrukcj\u0119. Komora mielenia o&hellip;<\/p>\n","protected":false},"author":1,"featured_media":0,"parent":0,"menu_order":0,"comment_status":"closed","ping_status":"closed","template":"","meta":{"_monsterinsights_skip_tracking":false,"_monsterinsights_sitenote_active":false,"_monsterinsights_sitenote_note":"","_monsterinsights_sitenote_category":0,"footnotes":""},"class_list":["post-375","page","type-page","status-publish","hentry"],"yoast_head":"<!-- This site is optimized with the Yoast SEO plugin v27.2 - https:\/\/yoast.com\/product\/yoast-seo-wordpress\/ -->\n<title>Seria PM \/ Klasyczny m\u0142yn kulowy typu pionowego &#8226; M\u0142yny Przemys\u0142owe<\/title>\n<meta name=\"description\" content=\"Klasyczne m\u0142yny kulkowe z serii PM s\u0105 produkowane przez YOKES od 1972 roku, aby zaoferowa\u0107 najbardziej ekonomiczne rozwi\u0105zanie dla potrzeb mielenia na mokro. Chocia\u017c zdolno\u015bci produkcyjne m\u0142yn\u00f3w PM s\u0105 niskie w por\u00f3wnaniu z nowoczesnymi m\u0142ynami na mokro, nadal s\u0105 one wymagane ze wzgl\u0119du na ich ekonomiczn\u0105 cen\u0119 i przyjazn\u0105 dla u\u017cytkownika konstrukcj\u0119. Komora mielenia o&hellip;\" \/>\n<meta name=\"robots\" content=\"index, follow, max-snippet:-1, max-image-preview:large, max-video-preview:-1\" \/>\n<link rel=\"canonical\" href=\"https:\/\/mlynyprzemyslowe.pl\/?page_id=375\" \/>\n<meta property=\"og:locale\" content=\"pl_PL\" \/>\n<meta property=\"og:type\" content=\"article\" \/>\n<meta property=\"og:title\" content=\"Seria PM \/ Klasyczny m\u0142yn kulowy typu pionowego &#8226; M\u0142yny Przemys\u0142owe\" \/>\n<meta property=\"og:description\" content=\"Klasyczne m\u0142yny kulkowe z serii PM s\u0105 produkowane przez YOKES od 1972 roku, aby zaoferowa\u0107 najbardziej ekonomiczne rozwi\u0105zanie dla potrzeb mielenia na mokro. Chocia\u017c zdolno\u015bci produkcyjne m\u0142yn\u00f3w PM s\u0105 niskie w por\u00f3wnaniu z nowoczesnymi m\u0142ynami na mokro, nadal s\u0105 one wymagane ze wzgl\u0119du na ich ekonomiczn\u0105 cen\u0119 i przyjazn\u0105 dla u\u017cytkownika konstrukcj\u0119. Komora mielenia o&hellip;\" \/>\n<meta property=\"og:url\" content=\"https:\/\/mlynyprzemyslowe.pl\/?page_id=375\" \/>\n<meta property=\"og:site_name\" content=\"M\u0142yny Przemys\u0142owe\" \/>\n<meta property=\"article:modified_time\" content=\"2021-06-12T09:41:50+00:00\" \/>\n<meta property=\"og:image\" content=\"http:\/\/mlynyprzemyslowe.pl\/wp-content\/uploads\/2021\/06\/Seria-PM-Klasyczny-mlyn-kulowy-typu-pionowego.jpg\" \/>\n<meta name=\"twitter:card\" content=\"summary_large_image\" \/>\n<meta name=\"twitter:label1\" content=\"Szacowany czas czytania\" \/>\n\t<meta name=\"twitter:data1\" content=\"1 minuta\" \/>\n<script type=\"application\/ld+json\" class=\"yoast-schema-graph\">{\"@context\":\"https:\/\/schema.org\",\"@graph\":[{\"@type\":\"WebPage\",\"@id\":\"https:\/\/mlynyprzemyslowe.pl\/?page_id=375\",\"url\":\"https:\/\/mlynyprzemyslowe.pl\/?page_id=375\",\"name\":\"Seria PM \/ Klasyczny m\u0142yn kulowy typu pionowego &#8226; M\u0142yny Przemys\u0142owe\",\"isPartOf\":{\"@id\":\"https:\/\/mlynyprzemyslowe.pl\/#website\"},\"primaryImageOfPage\":{\"@id\":\"https:\/\/mlynyprzemyslowe.pl\/?page_id=375#primaryimage\"},\"image\":{\"@id\":\"https:\/\/mlynyprzemyslowe.pl\/?page_id=375#primaryimage\"},\"thumbnailUrl\":\"http:\/\/mlynyprzemyslowe.pl\/wp-content\/uploads\/2021\/06\/Seria-PM-Klasyczny-mlyn-kulowy-typu-pionowego.jpg\",\"datePublished\":\"2021-06-12T09:41:49+00:00\",\"dateModified\":\"2021-06-12T09:41:50+00:00\",\"breadcrumb\":{\"@id\":\"https:\/\/mlynyprzemyslowe.pl\/?page_id=375#breadcrumb\"},\"inLanguage\":\"pl-PL\",\"potentialAction\":[{\"@type\":\"ReadAction\",\"target\":[\"https:\/\/mlynyprzemyslowe.pl\/?page_id=375\"]}]},{\"@type\":\"ImageObject\",\"inLanguage\":\"pl-PL\",\"@id\":\"https:\/\/mlynyprzemyslowe.pl\/?page_id=375#primaryimage\",\"url\":\"http:\/\/mlynyprzemyslowe.pl\/wp-content\/uploads\/2021\/06\/Seria-PM-Klasyczny-mlyn-kulowy-typu-pionowego.jpg\",\"contentUrl\":\"http:\/\/mlynyprzemyslowe.pl\/wp-content\/uploads\/2021\/06\/Seria-PM-Klasyczny-mlyn-kulowy-typu-pionowego.jpg\"},{\"@type\":\"BreadcrumbList\",\"@id\":\"https:\/\/mlynyprzemyslowe.pl\/?page_id=375#breadcrumb\",\"itemListElement\":[{\"@type\":\"ListItem\",\"position\":1,\"name\":\"Strona g\u0142\u00f3wna\",\"item\":\"https:\/\/mlynyprzemyslowe.pl\/\"},{\"@type\":\"ListItem\",\"position\":2,\"name\":\"Seria PM \/ Klasyczny m\u0142yn kulowy typu pionowego\"}]},{\"@type\":\"WebSite\",\"@id\":\"https:\/\/mlynyprzemyslowe.pl\/#website\",\"url\":\"https:\/\/mlynyprzemyslowe.pl\/\",\"name\":\"M\u0142yny Przemys\u0142owe\",\"description\":\"\",\"publisher\":{\"@id\":\"https:\/\/mlynyprzemyslowe.pl\/#organization\"},\"potentialAction\":[{\"@type\":\"SearchAction\",\"target\":{\"@type\":\"EntryPoint\",\"urlTemplate\":\"https:\/\/mlynyprzemyslowe.pl\/?s={search_term_string}\"},\"query-input\":{\"@type\":\"PropertyValueSpecification\",\"valueRequired\":true,\"valueName\":\"search_term_string\"}}],\"inLanguage\":\"pl-PL\"},{\"@type\":\"Organization\",\"@id\":\"https:\/\/mlynyprzemyslowe.pl\/#organization\",\"name\":\"M\u0142yny Przemys\u0142owe\",\"url\":\"https:\/\/mlynyprzemyslowe.pl\/\",\"logo\":{\"@type\":\"ImageObject\",\"inLanguage\":\"pl-PL\",\"@id\":\"https:\/\/mlynyprzemyslowe.pl\/#\/schema\/logo\/image\/\",\"url\":\"http:\/\/mlynyprzemyslowe.pl\/wp-content\/uploads\/2020\/10\/pomysl4ikons.png\",\"contentUrl\":\"http:\/\/mlynyprzemyslowe.pl\/wp-content\/uploads\/2020\/10\/pomysl4ikons.png\",\"width\":1920,\"height\":1080,\"caption\":\"M\u0142yny Przemys\u0142owe\"},\"image\":{\"@id\":\"https:\/\/mlynyprzemyslowe.pl\/#\/schema\/logo\/image\/\"}}]}<\/script>\n<!-- \/ Yoast SEO plugin. -->","yoast_head_json":{"title":"Seria PM \/ Klasyczny m\u0142yn kulowy typu pionowego &#8226; M\u0142yny Przemys\u0142owe","description":"Klasyczne m\u0142yny kulkowe z serii PM s\u0105 produkowane przez YOKES od 1972 roku, aby zaoferowa\u0107 najbardziej ekonomiczne rozwi\u0105zanie dla potrzeb mielenia na mokro. Chocia\u017c zdolno\u015bci produkcyjne m\u0142yn\u00f3w PM s\u0105 niskie w por\u00f3wnaniu z nowoczesnymi m\u0142ynami na mokro, nadal s\u0105 one wymagane ze wzgl\u0119du na ich ekonomiczn\u0105 cen\u0119 i przyjazn\u0105 dla u\u017cytkownika konstrukcj\u0119. Komora mielenia o&hellip;","robots":{"index":"index","follow":"follow","max-snippet":"max-snippet:-1","max-image-preview":"max-image-preview:large","max-video-preview":"max-video-preview:-1"},"canonical":"https:\/\/mlynyprzemyslowe.pl\/?page_id=375","og_locale":"pl_PL","og_type":"article","og_title":"Seria PM \/ Klasyczny m\u0142yn kulowy typu pionowego &#8226; M\u0142yny Przemys\u0142owe","og_description":"Klasyczne m\u0142yny kulkowe z serii PM s\u0105 produkowane przez YOKES od 1972 roku, aby zaoferowa\u0107 najbardziej ekonomiczne rozwi\u0105zanie dla potrzeb mielenia na mokro. Chocia\u017c zdolno\u015bci produkcyjne m\u0142yn\u00f3w PM s\u0105 niskie w por\u00f3wnaniu z nowoczesnymi m\u0142ynami na mokro, nadal s\u0105 one wymagane ze wzgl\u0119du na ich ekonomiczn\u0105 cen\u0119 i przyjazn\u0105 dla u\u017cytkownika konstrukcj\u0119. Komora mielenia o&hellip;","og_url":"https:\/\/mlynyprzemyslowe.pl\/?page_id=375","og_site_name":"M\u0142yny Przemys\u0142owe","article_modified_time":"2021-06-12T09:41:50+00:00","og_image":[{"url":"http:\/\/mlynyprzemyslowe.pl\/wp-content\/uploads\/2021\/06\/Seria-PM-Klasyczny-mlyn-kulowy-typu-pionowego.jpg","type":"","width":"","height":""}],"twitter_card":"summary_large_image","twitter_misc":{"Szacowany czas czytania":"1 minuta"},"schema":{"@context":"https:\/\/schema.org","@graph":[{"@type":"WebPage","@id":"https:\/\/mlynyprzemyslowe.pl\/?page_id=375","url":"https:\/\/mlynyprzemyslowe.pl\/?page_id=375","name":"Seria PM \/ Klasyczny m\u0142yn kulowy typu pionowego &#8226; M\u0142yny Przemys\u0142owe","isPartOf":{"@id":"https:\/\/mlynyprzemyslowe.pl\/#website"},"primaryImageOfPage":{"@id":"https:\/\/mlynyprzemyslowe.pl\/?page_id=375#primaryimage"},"image":{"@id":"https:\/\/mlynyprzemyslowe.pl\/?page_id=375#primaryimage"},"thumbnailUrl":"http:\/\/mlynyprzemyslowe.pl\/wp-content\/uploads\/2021\/06\/Seria-PM-Klasyczny-mlyn-kulowy-typu-pionowego.jpg","datePublished":"2021-06-12T09:41:49+00:00","dateModified":"2021-06-12T09:41:50+00:00","breadcrumb":{"@id":"https:\/\/mlynyprzemyslowe.pl\/?page_id=375#breadcrumb"},"inLanguage":"pl-PL","potentialAction":[{"@type":"ReadAction","target":["https:\/\/mlynyprzemyslowe.pl\/?page_id=375"]}]},{"@type":"ImageObject","inLanguage":"pl-PL","@id":"https:\/\/mlynyprzemyslowe.pl\/?page_id=375#primaryimage","url":"http:\/\/mlynyprzemyslowe.pl\/wp-content\/uploads\/2021\/06\/Seria-PM-Klasyczny-mlyn-kulowy-typu-pionowego.jpg","contentUrl":"http:\/\/mlynyprzemyslowe.pl\/wp-content\/uploads\/2021\/06\/Seria-PM-Klasyczny-mlyn-kulowy-typu-pionowego.jpg"},{"@type":"BreadcrumbList","@id":"https:\/\/mlynyprzemyslowe.pl\/?page_id=375#breadcrumb","itemListElement":[{"@type":"ListItem","position":1,"name":"Strona g\u0142\u00f3wna","item":"https:\/\/mlynyprzemyslowe.pl\/"},{"@type":"ListItem","position":2,"name":"Seria PM \/ Klasyczny m\u0142yn kulowy typu pionowego"}]},{"@type":"WebSite","@id":"https:\/\/mlynyprzemyslowe.pl\/#website","url":"https:\/\/mlynyprzemyslowe.pl\/","name":"M\u0142yny Przemys\u0142owe","description":"","publisher":{"@id":"https:\/\/mlynyprzemyslowe.pl\/#organization"},"potentialAction":[{"@type":"SearchAction","target":{"@type":"EntryPoint","urlTemplate":"https:\/\/mlynyprzemyslowe.pl\/?s={search_term_string}"},"query-input":{"@type":"PropertyValueSpecification","valueRequired":true,"valueName":"search_term_string"}}],"inLanguage":"pl-PL"},{"@type":"Organization","@id":"https:\/\/mlynyprzemyslowe.pl\/#organization","name":"M\u0142yny Przemys\u0142owe","url":"https:\/\/mlynyprzemyslowe.pl\/","logo":{"@type":"ImageObject","inLanguage":"pl-PL","@id":"https:\/\/mlynyprzemyslowe.pl\/#\/schema\/logo\/image\/","url":"http:\/\/mlynyprzemyslowe.pl\/wp-content\/uploads\/2020\/10\/pomysl4ikons.png","contentUrl":"http:\/\/mlynyprzemyslowe.pl\/wp-content\/uploads\/2020\/10\/pomysl4ikons.png","width":1920,"height":1080,"caption":"M\u0142yny Przemys\u0142owe"},"image":{"@id":"https:\/\/mlynyprzemyslowe.pl\/#\/schema\/logo\/image\/"}}]}},"_links":{"self":[{"href":"https:\/\/mlynyprzemyslowe.pl\/index.php?rest_route=\/wp\/v2\/pages\/375","targetHints":{"allow":["GET"]}}],"collection":[{"href":"https:\/\/mlynyprzemyslowe.pl\/index.php?rest_route=\/wp\/v2\/pages"}],"about":[{"href":"https:\/\/mlynyprzemyslowe.pl\/index.php?rest_route=\/wp\/v2\/types\/page"}],"author":[{"embeddable":true,"href":"https:\/\/mlynyprzemyslowe.pl\/index.php?rest_route=\/wp\/v2\/users\/1"}],"replies":[{"embeddable":true,"href":"https:\/\/mlynyprzemyslowe.pl\/index.php?rest_route=%2Fwp%2Fv2%2Fcomments&post=375"}],"version-history":[{"count":1,"href":"https:\/\/mlynyprzemyslowe.pl\/index.php?rest_route=\/wp\/v2\/pages\/375\/revisions"}],"predecessor-version":[{"id":381,"href":"https:\/\/mlynyprzemyslowe.pl\/index.php?rest_route=\/wp\/v2\/pages\/375\/revisions\/381"}],"wp:attachment":[{"href":"https:\/\/mlynyprzemyslowe.pl\/index.php?rest_route=%2Fwp%2Fv2%2Fmedia&parent=375"}],"curies":[{"name":"wp","href":"https:\/\/api.w.org\/{rel}","templated":true}]}}