{"id":38,"date":"2020-10-21T21:18:44","date_gmt":"2020-10-21T21:18:44","guid":{"rendered":"http:\/\/mlynyprzemyslowe.pl\/?page_id=38"},"modified":"2026-03-28T13:01:35","modified_gmt":"2026-03-28T12:01:35","slug":"strona-glowna","status":"publish","type":"page","link":"https:\/\/mlynyprzemyslowe.pl\/","title":{"rendered":""},"content":{"rendered":"\n<meta name=\"keywords\" content=\"cz\u0119\u015bci zamienne, cz\u0119\u015bci do m\u0142yn\u00f3w, zamienniki do m\u0142yn\u00f3w, cz\u0119\u015bci m\u0142yna, cz\u0119\u015bci zamienne Netzsch, cz\u0119\u015bci zamienne AlpineHosokawa, cz\u0119\u015bci zamienne Alpine, cz\u0119\u015bci zamienne Hosokawa, cz\u0119\u015bci zamienne m\u0142yn pere\u0142kowy, cz\u0119\u015bci zamienne m\u0142yn udarowy, cz\u0119\u015bci zamienne m\u0142yn \u0142opatkowy, cz\u0119\u015bci zamienne m\u0142yn palcowy, cz\u0119\u015bci zamienne m\u0142yn tn\u0105cy, cz\u0119\u015bci zamienne m\u0142yn ucieraj\u0105cy, cz\u0119\u015bci zamienne mielenie kriogeniczne, cz\u0119\u015bci zamienne mielenie z ciek\u0142ym azotem, krioseparacja, mielenie us\u0142ugowe, testy mielenia, testy kriogeniczne, testy kriomielenia, m\u0142yny dystrybutor, m\u0142yny oferta, m\u0142yny producent, m\u0142yny wycena, doradztwo techniczne, m\u0142yny pod klucz, mielenie drewna, mielenie pigment\u00f3w, mielenie zi\u00f3\u0142, mielenie tworzyw sztucznych, mielenie spo\u017cywcze, m\u0142yny cz\u0119\u015bci zamienne, m\u0142yny remont, m\u0142yny naprawa, cz\u0119\u015bci zamienne do m\u0142yn\u00f3w, zamienniki oryginalnych cz\u0119\u015bci, modernizacja m\u0142yn\u00f3w, m\u0142yn pere\u0142kowy, m\u0142yn udarowy, m\u0142yn \u0142opatkowy, m\u0142yn palcowy, m\u0142yn tn\u0105cy, m\u0142yn ucieraj\u0105cy, mielenie kriogeniczne, mielenie z ciek\u0142ym azotem, krioseparacja, mielenie us\u0142ugowe, testy mielenia, testy kriogeniczne, testy kriomielenia, m\u0142yny dystrybutor, m\u0142yny oferta, m\u0142yny producent, m\u0142yny wycena, doradztwo techniczne, m\u0142yny pod klucz \">\n\n\n\n<div class=\"wp-block-columns is-layout-flex wp-container-core-columns-is-layout-9d6595d7 wp-block-columns-is-layout-flex\">\n<div class=\"wp-block-column is-layout-flow wp-block-column-is-layout-flow\">\n<h2 class=\"wp-block-heading has-text-align-center\"><a href=\"https:\/\/mlynyprzemyslowe.pl\/?page_id=143\">Mielenie Suche<\/a><\/h2>\n<\/div>\n\n\n\n<div class=\"wp-block-column is-layout-flow wp-block-column-is-layout-flow\">\n<h2 class=\"wp-block-heading has-text-align-center\" id=\"czesci-zamienne\"><a href=\"https:\/\/mlynyprzemyslowe.pl\/?page_id=559\">Cz\u0119\u015bci zamienne<\/a><\/h2>\n<\/div>\n<\/div>\n\n\n\n<div class=\"wp-block-columns is-layout-flex wp-container-core-columns-is-layout-9d6595d7 wp-block-columns-is-layout-flex\">\n<div class=\"wp-block-column is-layout-flow wp-block-column-is-layout-flow\"><div class=\"wp-block-image\">\n<figure class=\"aligncenter size-large is-resized\"><a href=\"https:\/\/mlynyprzemyslowe.pl\/?page_id=143\"><img loading=\"lazy\" decoding=\"async\" width=\"946\" height=\"1024\" src=\"https:\/\/mlynyprzemyslowe.pl\/wp-content\/uploads\/2020\/10\/GWH400T_CAD_Screenshot-946x1024.jpg\" alt=\"\" class=\"wp-image-99\" style=\"width:386px;height:418px\" srcset=\"https:\/\/mlynyprzemyslowe.pl\/wp-content\/uploads\/2020\/10\/GWH400T_CAD_Screenshot-946x1024.jpg 946w, https:\/\/mlynyprzemyslowe.pl\/wp-content\/uploads\/2020\/10\/GWH400T_CAD_Screenshot-277x300.jpg 277w, https:\/\/mlynyprzemyslowe.pl\/wp-content\/uploads\/2020\/10\/GWH400T_CAD_Screenshot-768x831.jpg 768w, https:\/\/mlynyprzemyslowe.pl\/wp-content\/uploads\/2020\/10\/GWH400T_CAD_Screenshot-1419x1536.jpg 1419w, https:\/\/mlynyprzemyslowe.pl\/wp-content\/uploads\/2020\/10\/GWH400T_CAD_Screenshot.jpg 1486w\" sizes=\"auto, (max-width: 946px) 100vw, 946px\" \/><\/a><\/figure>\n<\/div><\/div>\n\n\n\n<div class=\"wp-block-column is-layout-flow wp-block-column-is-layout-flow\"><div class=\"wp-block-image\">\n<figure class=\"aligncenter size-large\"><a href=\"https:\/\/mlynyprzemyslowe.pl\/?page_id=559\"><img loading=\"lazy\" decoding=\"async\" width=\"1024\" height=\"683\" src=\"https:\/\/mlynyprzemyslowe.pl\/wp-content\/uploads\/2022\/02\/1-1024x683.jpg\" alt=\"\" class=\"wp-image-560\" srcset=\"https:\/\/mlynyprzemyslowe.pl\/wp-content\/uploads\/2022\/02\/1-1024x683.jpg 1024w, https:\/\/mlynyprzemyslowe.pl\/wp-content\/uploads\/2022\/02\/1-300x200.jpg 300w, https:\/\/mlynyprzemyslowe.pl\/wp-content\/uploads\/2022\/02\/1-768x512.jpg 768w, https:\/\/mlynyprzemyslowe.pl\/wp-content\/uploads\/2022\/02\/1-1536x1024.jpg 1536w, https:\/\/mlynyprzemyslowe.pl\/wp-content\/uploads\/2022\/02\/1-2048x1365.jpg 2048w\" sizes=\"auto, (max-width: 1024px) 100vw, 1024px\" \/><\/a><\/figure>\n<\/div><\/div>\n<\/div>\n\n\n\n<div class=\"wp-block-columns is-layout-flex wp-container-core-columns-is-layout-9d6595d7 wp-block-columns-is-layout-flex\">\n<div class=\"wp-block-column is-layout-flow wp-block-column-is-layout-flow\"><\/div>\n\n\n\n<div class=\"wp-block-column is-layout-flow wp-block-column-is-layout-flow\"><\/div>\n<\/div>\n\n\n\n<div class=\"wp-block-columns is-layout-flex wp-container-core-columns-is-layout-9d6595d7 wp-block-columns-is-layout-flex\">\n<div class=\"wp-block-column is-layout-flow wp-block-column-is-layout-flow\"><\/div>\n\n\n\n<div class=\"wp-block-column is-layout-flow wp-block-column-is-layout-flow\"><\/div>\n<\/div>\n\n\n\n<div class=\"wp-block-columns is-layout-flex wp-container-core-columns-is-layout-9d6595d7 wp-block-columns-is-layout-flex\">\n<div class=\"wp-block-column is-layout-flow wp-block-column-is-layout-flow\">\n<h2 class=\"wp-block-heading has-text-align-center\" id=\"mielenie-mokre\"><a title=\"Mielenie Kriogeniczne\" href=\"https:\/\/mlynyprzemyslowe.pl\/?page_id=169\">Mielenie Kriogeniczne<\/a><\/h2>\n\n\n<div class=\"wp-block-image\">\n<figure class=\"aligncenter size-full\"><a href=\"https:\/\/mlynyprzemyslowe.pl\/?page_id=169\"><img loading=\"lazy\" decoding=\"async\" width=\"1016\" height=\"797\" src=\"https:\/\/mlynyprzemyslowe.pl\/wp-content\/uploads\/2020\/10\/Obraz2-1.png\" alt=\"\" class=\"wp-image-288\" srcset=\"https:\/\/mlynyprzemyslowe.pl\/wp-content\/uploads\/2020\/10\/Obraz2-1.png 1016w, https:\/\/mlynyprzemyslowe.pl\/wp-content\/uploads\/2020\/10\/Obraz2-1-300x235.png 300w, https:\/\/mlynyprzemyslowe.pl\/wp-content\/uploads\/2020\/10\/Obraz2-1-768x602.png 768w\" sizes=\"auto, (max-width: 1016px) 100vw, 1016px\" \/><\/a><\/figure>\n<\/div><\/div>\n\n\n\n<div class=\"wp-block-column is-layout-flow wp-block-column-is-layout-flow\">\n<h2 class=\"wp-block-heading has-text-align-center\"><a href=\"https:\/\/mlynyprzemyslowe.pl\/?page_id=171\">Testy<\/a><\/h2>\n\n\n<div class=\"wp-block-image\">\n<figure class=\"aligncenter size-full\"><a href=\"https:\/\/mlynyprzemyslowe.pl\/?page_id=171\"><img loading=\"lazy\" decoding=\"async\" width=\"450\" height=\"450\" src=\"https:\/\/mlynyprzemyslowe.pl\/wp-content\/uploads\/2020\/10\/WhatsApp-Image-2020-10-30-at-13.13.05.jpeg\" alt=\"\" class=\"wp-image-292\" srcset=\"https:\/\/mlynyprzemyslowe.pl\/wp-content\/uploads\/2020\/10\/WhatsApp-Image-2020-10-30-at-13.13.05.jpeg 450w, https:\/\/mlynyprzemyslowe.pl\/wp-content\/uploads\/2020\/10\/WhatsApp-Image-2020-10-30-at-13.13.05-300x300.jpeg 300w, https:\/\/mlynyprzemyslowe.pl\/wp-content\/uploads\/2020\/10\/WhatsApp-Image-2020-10-30-at-13.13.05-150x150.jpeg 150w\" sizes=\"auto, (max-width: 450px) 100vw, 450px\" \/><\/a><\/figure>\n<\/div><\/div>\n<\/div>\n\n\n\n<div class=\"wp-block-columns is-layout-flex wp-container-core-columns-is-layout-9d6595d7 wp-block-columns-is-layout-flex\">\n<div class=\"wp-block-column is-layout-flow wp-block-column-is-layout-flow\"><\/div>\n\n\n\n<div class=\"wp-block-column is-layout-flow wp-block-column-is-layout-flow\"><\/div>\n<\/div>\n\n\n\n<div class=\"wp-block-columns is-layout-flex wp-container-core-columns-is-layout-9d6595d7 wp-block-columns-is-layout-flex\">\n<div class=\"wp-block-column is-layout-flow wp-block-column-is-layout-flow\"><\/div>\n\n\n\n<div class=\"wp-block-column is-layout-flow wp-block-column-is-layout-flow\"><\/div>\n<\/div>\n\n\n\n<div class=\"wp-block-columns is-layout-flex wp-container-core-columns-is-layout-9d6595d7 wp-block-columns-is-layout-flex\">\n<div class=\"wp-block-column is-layout-flow wp-block-column-is-layout-flow\">\n<h2 class=\"wp-block-heading has-text-align-center\" id=\"urzadzenia-laboratoryjne\"><\/h2>\n<\/div>\n\n\n\n<div class=\"wp-block-column is-layout-flow wp-block-column-is-layout-flow\"><\/div>\n<\/div>\n\n\n\n<div class=\"wp-block-columns is-layout-flex wp-container-core-columns-is-layout-9d6595d7 wp-block-columns-is-layout-flex\">\n<div class=\"wp-block-column is-layout-flow wp-block-column-is-layout-flow\"><\/div>\n\n\n\n<div class=\"wp-block-column is-layout-flow wp-block-column-is-layout-flow\"><\/div>\n<\/div>\n\n\n\n<meta name=\"keywords\" content=\"cz\u0119\u015bci zamienne, cz\u0119\u015bci do m\u0142yn\u00f3w, zamienniki do m\u0142yn\u00f3w, cz\u0119\u015bci m\u0142yna, cz\u0119\u015bci zamienne Netzsch, cz\u0119\u015bci zamienne AlpineHosokawa, cz\u0119\u015bci zamienne Alpine, cz\u0119\u015bci zamienne Hosokawa, cz\u0119\u015bci zamienne m\u0142yn pere\u0142kowy, cz\u0119\u015bci zamienne m\u0142yn udarowy, cz\u0119\u015bci zamienne m\u0142yn \u0142opatkowy, cz\u0119\u015bci zamienne m\u0142yn palcowy, cz\u0119\u015bci zamienne m\u0142yn tn\u0105cy, cz\u0119\u015bci zamienne m\u0142yn ucieraj\u0105cy, cz\u0119\u015bci zamienne mielenie kriogeniczne, cz\u0119\u015bci zamienne mielenie z ciek\u0142ym azotem, krioseparacja, mielenie us\u0142ugowe, testy mielenia, testy kriogeniczne, testy kriomielenia, m\u0142yny dystrybutor, m\u0142yny oferta, m\u0142yny producent, m\u0142yny wycena, doradztwo techniczne, m\u0142yny pod klucz, mielenie drewna, mielenie pigment\u00f3w, mielenie zi\u00f3\u0142, mielenie tworzyw sztucznych, mielenie spo\u017cywcze, m\u0142yny cz\u0119\u015bci zamienne, m\u0142yny remont, m\u0142yny naprawa, cz\u0119\u015bci zamienne do m\u0142yn\u00f3w, zamienniki oryginalnych cz\u0119\u015bci, modernizacja m\u0142yn\u00f3w, m\u0142yn pere\u0142kowy, m\u0142yn udarowy, m\u0142yn \u0142opatkowy, m\u0142yn palcowy, m\u0142yn tn\u0105cy, m\u0142yn ucieraj\u0105cy, mielenie kriogeniczne, mielenie z ciek\u0142ym azotem, krioseparacja, mielenie us\u0142ugowe, testy mielenia, testy kriogeniczne, testy kriomielenia, m\u0142yny dystrybutor, m\u0142yny oferta, m\u0142yny producent, m\u0142yny wycena, doradztwo techniczne, m\u0142yny pod klucz\">\n\n\n\n<h2 class=\"wp-block-heading\"><\/h2>\n","protected":false},"excerpt":{"rendered":"<p>Mielenie Suche Cz\u0119\u015bci zamienne Mielenie Kriogeniczne Testy<\/p>\n","protected":false},"author":1,"featured_media":0,"parent":0,"menu_order":0,"comment_status":"closed","ping_status":"open","template":"","meta":{"_monsterinsights_skip_tracking":false,"_monsterinsights_sitenote_active":false,"_monsterinsights_sitenote_note":"","_monsterinsights_sitenote_category":0,"footnotes":""},"class_list":["post-38","page","type-page","status-publish","hentry"],"yoast_head":"<!-- This site is optimized with the Yoast SEO plugin v27.2 - https:\/\/yoast.com\/product\/yoast-seo-wordpress\/ -->\n<title>&#8226; M\u0142yny Przemys\u0142owe<\/title>\n<meta name=\"description\" content=\"Mielenie Suche Cz\u0119\u015bci zamienne Mielenie Kriogeniczne Testy\" \/>\n<meta name=\"robots\" content=\"index, follow, max-snippet:-1, max-image-preview:large, max-video-preview:-1\" \/>\n<link rel=\"canonical\" href=\"https:\/\/mlynyprzemyslowe.pl\/\" \/>\n<meta property=\"og:locale\" content=\"pl_PL\" \/>\n<meta property=\"og:type\" content=\"article\" \/>\n<meta property=\"og:title\" content=\"&#8226; M\u0142yny Przemys\u0142owe\" \/>\n<meta property=\"og:description\" content=\"Mielenie Suche Cz\u0119\u015bci zamienne Mielenie Kriogeniczne Testy\" \/>\n<meta property=\"og:url\" content=\"https:\/\/mlynyprzemyslowe.pl\/\" \/>\n<meta property=\"og:site_name\" content=\"M\u0142yny Przemys\u0142owe\" \/>\n<meta property=\"article:modified_time\" content=\"2026-03-28T12:01:35+00:00\" \/>\n<meta property=\"og:image\" content=\"http:\/\/mlynyprzemyslowe.pl\/wp-content\/uploads\/2020\/10\/GWH400T_CAD_Screenshot-946x1024.jpg\" \/>\n<meta name=\"twitter:card\" content=\"summary_large_image\" \/>\n<script type=\"application\/ld+json\" class=\"yoast-schema-graph\">{\"@context\":\"https:\/\/schema.org\",\"@graph\":[{\"@type\":\"WebPage\",\"@id\":\"https:\/\/mlynyprzemyslowe.pl\/\",\"url\":\"https:\/\/mlynyprzemyslowe.pl\/\",\"name\":\"&#8226; M\u0142yny Przemys\u0142owe\",\"isPartOf\":{\"@id\":\"https:\/\/mlynyprzemyslowe.pl\/#website\"},\"primaryImageOfPage\":{\"@id\":\"https:\/\/mlynyprzemyslowe.pl\/#primaryimage\"},\"image\":{\"@id\":\"https:\/\/mlynyprzemyslowe.pl\/#primaryimage\"},\"thumbnailUrl\":\"http:\/\/mlynyprzemyslowe.pl\/wp-content\/uploads\/2020\/10\/GWH400T_CAD_Screenshot-946x1024.jpg\",\"datePublished\":\"2020-10-21T21:18:44+00:00\",\"dateModified\":\"2026-03-28T12:01:35+00:00\",\"inLanguage\":\"pl-PL\",\"potentialAction\":[{\"@type\":\"ReadAction\",\"target\":[\"https:\/\/mlynyprzemyslowe.pl\/\"]}]},{\"@type\":\"ImageObject\",\"inLanguage\":\"pl-PL\",\"@id\":\"https:\/\/mlynyprzemyslowe.pl\/#primaryimage\",\"url\":\"http:\/\/mlynyprzemyslowe.pl\/wp-content\/uploads\/2020\/10\/GWH400T_CAD_Screenshot-946x1024.jpg\",\"contentUrl\":\"http:\/\/mlynyprzemyslowe.pl\/wp-content\/uploads\/2020\/10\/GWH400T_CAD_Screenshot-946x1024.jpg\"},{\"@type\":\"WebSite\",\"@id\":\"https:\/\/mlynyprzemyslowe.pl\/#website\",\"url\":\"https:\/\/mlynyprzemyslowe.pl\/\",\"name\":\"M\u0142yny Przemys\u0142owe\",\"description\":\"\",\"publisher\":{\"@id\":\"https:\/\/mlynyprzemyslowe.pl\/#organization\"},\"potentialAction\":[{\"@type\":\"SearchAction\",\"target\":{\"@type\":\"EntryPoint\",\"urlTemplate\":\"https:\/\/mlynyprzemyslowe.pl\/?s={search_term_string}\"},\"query-input\":{\"@type\":\"PropertyValueSpecification\",\"valueRequired\":true,\"valueName\":\"search_term_string\"}}],\"inLanguage\":\"pl-PL\"},{\"@type\":\"Organization\",\"@id\":\"https:\/\/mlynyprzemyslowe.pl\/#organization\",\"name\":\"M\u0142yny Przemys\u0142owe\",\"url\":\"https:\/\/mlynyprzemyslowe.pl\/\",\"logo\":{\"@type\":\"ImageObject\",\"inLanguage\":\"pl-PL\",\"@id\":\"https:\/\/mlynyprzemyslowe.pl\/#\/schema\/logo\/image\/\",\"url\":\"http:\/\/mlynyprzemyslowe.pl\/wp-content\/uploads\/2020\/10\/pomysl4ikons.png\",\"contentUrl\":\"http:\/\/mlynyprzemyslowe.pl\/wp-content\/uploads\/2020\/10\/pomysl4ikons.png\",\"width\":1920,\"height\":1080,\"caption\":\"M\u0142yny Przemys\u0142owe\"},\"image\":{\"@id\":\"https:\/\/mlynyprzemyslowe.pl\/#\/schema\/logo\/image\/\"}}]}<\/script>\n<!-- \/ Yoast SEO plugin. -->","yoast_head_json":{"title":"&#8226; M\u0142yny Przemys\u0142owe","description":"Mielenie Suche Cz\u0119\u015bci zamienne Mielenie Kriogeniczne Testy","robots":{"index":"index","follow":"follow","max-snippet":"max-snippet:-1","max-image-preview":"max-image-preview:large","max-video-preview":"max-video-preview:-1"},"canonical":"https:\/\/mlynyprzemyslowe.pl\/","og_locale":"pl_PL","og_type":"article","og_title":"&#8226; M\u0142yny Przemys\u0142owe","og_description":"Mielenie Suche Cz\u0119\u015bci zamienne Mielenie Kriogeniczne Testy","og_url":"https:\/\/mlynyprzemyslowe.pl\/","og_site_name":"M\u0142yny Przemys\u0142owe","article_modified_time":"2026-03-28T12:01:35+00:00","og_image":[{"url":"http:\/\/mlynyprzemyslowe.pl\/wp-content\/uploads\/2020\/10\/GWH400T_CAD_Screenshot-946x1024.jpg","type":"","width":"","height":""}],"twitter_card":"summary_large_image","schema":{"@context":"https:\/\/schema.org","@graph":[{"@type":"WebPage","@id":"https:\/\/mlynyprzemyslowe.pl\/","url":"https:\/\/mlynyprzemyslowe.pl\/","name":"&#8226; M\u0142yny Przemys\u0142owe","isPartOf":{"@id":"https:\/\/mlynyprzemyslowe.pl\/#website"},"primaryImageOfPage":{"@id":"https:\/\/mlynyprzemyslowe.pl\/#primaryimage"},"image":{"@id":"https:\/\/mlynyprzemyslowe.pl\/#primaryimage"},"thumbnailUrl":"http:\/\/mlynyprzemyslowe.pl\/wp-content\/uploads\/2020\/10\/GWH400T_CAD_Screenshot-946x1024.jpg","datePublished":"2020-10-21T21:18:44+00:00","dateModified":"2026-03-28T12:01:35+00:00","inLanguage":"pl-PL","potentialAction":[{"@type":"ReadAction","target":["https:\/\/mlynyprzemyslowe.pl\/"]}]},{"@type":"ImageObject","inLanguage":"pl-PL","@id":"https:\/\/mlynyprzemyslowe.pl\/#primaryimage","url":"http:\/\/mlynyprzemyslowe.pl\/wp-content\/uploads\/2020\/10\/GWH400T_CAD_Screenshot-946x1024.jpg","contentUrl":"http:\/\/mlynyprzemyslowe.pl\/wp-content\/uploads\/2020\/10\/GWH400T_CAD_Screenshot-946x1024.jpg"},{"@type":"WebSite","@id":"https:\/\/mlynyprzemyslowe.pl\/#website","url":"https:\/\/mlynyprzemyslowe.pl\/","name":"M\u0142yny Przemys\u0142owe","description":"","publisher":{"@id":"https:\/\/mlynyprzemyslowe.pl\/#organization"},"potentialAction":[{"@type":"SearchAction","target":{"@type":"EntryPoint","urlTemplate":"https:\/\/mlynyprzemyslowe.pl\/?s={search_term_string}"},"query-input":{"@type":"PropertyValueSpecification","valueRequired":true,"valueName":"search_term_string"}}],"inLanguage":"pl-PL"},{"@type":"Organization","@id":"https:\/\/mlynyprzemyslowe.pl\/#organization","name":"M\u0142yny Przemys\u0142owe","url":"https:\/\/mlynyprzemyslowe.pl\/","logo":{"@type":"ImageObject","inLanguage":"pl-PL","@id":"https:\/\/mlynyprzemyslowe.pl\/#\/schema\/logo\/image\/","url":"http:\/\/mlynyprzemyslowe.pl\/wp-content\/uploads\/2020\/10\/pomysl4ikons.png","contentUrl":"http:\/\/mlynyprzemyslowe.pl\/wp-content\/uploads\/2020\/10\/pomysl4ikons.png","width":1920,"height":1080,"caption":"M\u0142yny Przemys\u0142owe"},"image":{"@id":"https:\/\/mlynyprzemyslowe.pl\/#\/schema\/logo\/image\/"}}]}},"_links":{"self":[{"href":"https:\/\/mlynyprzemyslowe.pl\/index.php?rest_route=\/wp\/v2\/pages\/38","targetHints":{"allow":["GET"]}}],"collection":[{"href":"https:\/\/mlynyprzemyslowe.pl\/index.php?rest_route=\/wp\/v2\/pages"}],"about":[{"href":"https:\/\/mlynyprzemyslowe.pl\/index.php?rest_route=\/wp\/v2\/types\/page"}],"author":[{"embeddable":true,"href":"https:\/\/mlynyprzemyslowe.pl\/index.php?rest_route=\/wp\/v2\/users\/1"}],"replies":[{"embeddable":true,"href":"https:\/\/mlynyprzemyslowe.pl\/index.php?rest_route=%2Fwp%2Fv2%2Fcomments&post=38"}],"version-history":[{"count":116,"href":"https:\/\/mlynyprzemyslowe.pl\/index.php?rest_route=\/wp\/v2\/pages\/38\/revisions"}],"predecessor-version":[{"id":10030,"href":"https:\/\/mlynyprzemyslowe.pl\/index.php?rest_route=\/wp\/v2\/pages\/38\/revisions\/10030"}],"wp:attachment":[{"href":"https:\/\/mlynyprzemyslowe.pl\/index.php?rest_route=%2Fwp%2Fv2%2Fmedia&parent=38"}],"curies":[{"name":"wp","href":"https:\/\/api.w.org\/{rel}","templated":true}]}}