{"id":397,"date":"2021-06-12T11:11:00","date_gmt":"2021-06-12T11:11:00","guid":{"rendered":"https:\/\/mlynyprzemyslowe.pl\/?page_id=397"},"modified":"2021-06-12T11:11:00","modified_gmt":"2021-06-12T11:11:00","slug":"seria-slv-mieszalnik-szybkoobrotowy","status":"publish","type":"page","link":"https:\/\/mlynyprzemyslowe.pl\/?page_id=397","title":{"rendered":"Seria SLV \/ Mieszalnik szybkoobrotowy"},"content":{"rendered":"\n<div class=\"wp-block-image\"><figure class=\"aligncenter size-large\"><img loading=\"lazy\" decoding=\"async\" width=\"435\" height=\"700\" src=\"https:\/\/mlynyprzemyslowe.pl\/wp-content\/uploads\/2021\/06\/Seria-SLV-Mieszalnik-szybkoobrotowy.jpg\" alt=\"\" class=\"wp-image-398\" srcset=\"https:\/\/mlynyprzemyslowe.pl\/wp-content\/uploads\/2021\/06\/Seria-SLV-Mieszalnik-szybkoobrotowy.jpg 435w, https:\/\/mlynyprzemyslowe.pl\/wp-content\/uploads\/2021\/06\/Seria-SLV-Mieszalnik-szybkoobrotowy-186x300.jpg 186w\" sizes=\"auto, (max-width: 435px) 100vw, 435px\" \/><\/figure><\/div>\n\n\n\n<p>Mieszalnik \/ homogenizator z wysokim \u015bcinaniem serii SLV to nie tylko podstawowy mikser, ale bardzo wydajna maszyna, kt\u00f3ra s\u0142u\u017cy do dyspersji, homogenizacji, zawieszania i dezintegracji cia\u0142 sta\u0142ych w cieczach, a zw\u0142aszcza do emulgowania cieczy.<\/p>\n\n\n\n<p>Dzi\u0119ki specjalnie zaprojektowanej g\u0142owicy roboczej wirnik-stojan zaobserwowano, \u017ce czas procesu znacznie si\u0119 skraca, konsystencja produktu i wydajno\u015b\u0107 procesu ulegaj\u0105 poprawie o 90%, poniewa\u017c maszyna jest por\u00f3wnywana z konwencjonalnymi mieszalnikami.<\/p>\n\n\n\n<p>Wysoka pr\u0119dko\u015b\u0107 obrotowa \u0142opatek wirnika w specjalnie zaprojektowanej g\u0142owicy roboczej wywiera silne ssanie, wci\u0105gaj\u0105c p\u0142ynne i sta\u0142e materia\u0142y w g\u00f3r\u0119 od dna pojemnika do \u015brodka g\u0142owicy roboczej. Si\u0142a od\u015brodkowa przyspiesza materia\u0142y w kierunku bok\u00f3w g\u0142owicy stojana. Pomi\u0119dzy \u0142opatkami wirnika a wewn\u0119trzn\u0105 \u015bcian\u0105 g\u0142owicy roboczej stojana nast\u0119puje pot\u0119\u017cne dzia\u0142anie miel\u0105ce. Nast\u0119pnie materia\u0142y s\u0105 przepychane przez g\u0142owic\u0119 robocz\u0105 stojana z du\u017c\u0105 pr\u0119dko\u015bci\u0105 i przedostaj\u0105 si\u0119 z powrotem do mieszanego materia\u0142u. Materia\u0142y wyrzucane z g\u0142owicy roboczej stojana s\u0105 wyrzucane promieni\u015bcie z du\u017c\u0105 pr\u0119dko\u015bci\u0105 w kierunku bok\u00f3w pojemnika mieszaj\u0105cego. W tym samym czasie nowy materia\u0142 jest wci\u0105gany do g\u0142owicy roboczej. Promieniowe wypychanie i zasysanie do g\u0142owicy roboczej ma na celu ustanowienie cyrkulacji, kt\u00f3ra minimalizuje napowietrzanie spowodowane zaburzeniem powierzchni cieczy. (Nie zaobserwowano wiru)<\/p>\n\n\n\n<pre class=\"wp-block-code\"><code><p class=\"has-text-align-center\" style=\"font-size: xx-large\"><strong>Funkcje i Zalety<\/strong><\/p><\/code><\/pre>\n\n\n\n<ul class=\"wp-block-list\"><li>Efektywny system kontroli pr\u0119dko\u015bci z przetwornic\u0105 cz\u0119stotliwo\u015bci.<\/li><li>Wszystkie cz\u0119\u015bci maj\u0105ce kontakt z produktem s\u0105 wykonane ze stali nierdzewnej.<\/li><li>Hydrauliczny system podnoszenia dla zespo\u0142u silnika i mieszad\u0142a na bocznych szynach.<\/li><li>Wbudowany panel sterowania z przyciskami i wska\u017anikami cyfrowymi.<\/li><li>Bezwibracyjna i niezawodna praca grupy mieszalnik\u00f3w dzi\u0119ki precyzyjnie wykonanym, szybko poruszaj\u0105cym si\u0119 elementom.<\/li><li>\u201eSystem wahad\u0142owy\u201d dla grupy mieszalnik\u00f3w wirnik-stojan w celu zwi\u0119kszenia wydajno\u015bci podczas procesu.<\/li><li>Mieszad\u0142a serii SLV mog\u0105 by\u0107 r\u00f3wnie\u017c oferowane jako \u201etylko cz\u0119\u015b\u0107 mieszalnika\u201d, aby uzyska\u0107 ekonomiczne rozwi\u0105zanie do cel\u00f3w produkcyjnych. Poniewa\u017c w\u0142a\u015bciwo\u015bci mieszania produktu podczas procesu s\u0105 bardzo optymalne i nie obserwuje si\u0119 wir\u00f3w, grup\u0119 mieszaj\u0105c\u0105 mo\u017cna swobodnie porusza\u0107 wewn\u0105trz naczynia, po prostu zawieszaj\u0105c j\u0105 za pomoc\u0105 d\u017awigu. Samoczynnie ko\u0142ysze si\u0119 w naczyniu i tworzy bardzo efektywne mieszanie. Panel operatorski mo\u017cna zamontowa\u0107 na \u015bcianie.<\/li><\/ul>\n\n\n<div class=\"wp-block-wptb-table-block\"><div class=\"wptb-container-legacy\" data-table-id=\"399\">\n    <table class=\"wptb-preview-table wptb-element-main-table_setting-startedid-0\" data-reconstraction=\"1\" style=\"border: 1px solid rgb(209, 209, 209);\" data-wptb-table-tds-sum-max-width=\"656\" data-wptb-cells-width-auto-count=\"5\" data-wptb-extra-styles=\"LyogRW50ZXIgeW91ciBjdXN0b20gQ1NTIHJ1bGVzIGhlcmUgKi8=\" role=\"table\" data-table-columns=\"5\"><tbody><tr class=\"wptb-row\"><td class=\"wptb-cell\" data-y-index=\"0\" data-x-index=\"0\" style=\"border: 1px solid rgb(209, 209, 209);\" data-wptb-css-td-auto-width=\"true\"><div class=\"wptb-text-container wptb-ph-element wptb-element-text-1\"><div class=\"\" style=\"position: relative;\"><p style=\"text-align: center;\"><strong>MODEL<\/strong><\/p><\/div><\/div><\/td><td class=\"wptb-cell\" data-y-index=\"0\" data-x-index=\"1\" style=\"border: 1px solid rgb(209, 209, 209);\" data-wptb-css-td-auto-width=\"true\"><div class=\"wptb-text-container wptb-ph-element wptb-element-text-2\"><div class=\"\"><p style=\"text-align: center;\"><strong>SLV &#8211; 10<\/strong><\/p><\/div><\/div><\/td><td class=\"wptb-cell\" data-y-index=\"0\" data-x-index=\"2\" style=\"border: 1px solid rgb(209, 209, 209);\" data-wptb-css-td-auto-width=\"true\"><div class=\"wptb-text-container wptb-ph-element wptb-element-text-3\"><div class=\"\" style=\"position: relative;\"><p style=\"text-align: center;\"><strong>SLV &#8211; 15<\/strong><\/p><\/div><\/div><\/td><td class=\"wptb-cell\" data-y-index=\"0\" data-x-index=\"3\" style=\"border: 1px solid rgb(209, 209, 209);\" data-wptb-css-td-auto-width=\"true\"><div class=\"wptb-text-container wptb-ph-element wptb-element-text-4\"><div class=\"\" style=\"position: relative;\"><p style=\"text-align: center;\"><strong>SLV &#8211; 20<\/strong><\/p><\/div><\/div><\/td><td class=\"wptb-cell\" data-y-index=\"0\" data-x-index=\"4\" style=\"border: 1px solid rgb(209, 209, 209);\" data-wptb-css-td-auto-width=\"true\"><div class=\"wptb-text-container wptb-ph-element wptb-element-text-5\"><div class=\"\" style=\"position: relative;\"><p style=\"text-align: center;\"><strong>SLV &#8211; 50<\/strong><\/p><\/div><\/div><\/td><\/tr><tr class=\"wptb-row\"><td class=\"wptb-cell\" data-y-index=\"1\" data-x-index=\"0\" style=\"border: 1px solid rgb(209, 209, 209);\" data-wptb-css-td-auto-width=\"true\"><div class=\"wptb-text-container wptb-ph-element wptb-element-text-6\"><div class=\"\" style=\"position: relative;\"><p style=\"text-align: center;\"><strong>Silnik<\/strong><\/p><\/div><\/div><\/td><td class=\"wptb-cell\" data-y-index=\"1\" data-x-index=\"1\" style=\"border: 1px solid rgb(209, 209, 209);\" data-wptb-css-td-auto-width=\"true\"><div class=\"wptb-text-container wptb-ph-element wptb-element-text-7\"><div class=\"\" style=\"position: relative;\"><p style=\"text-align: center;\">7,5 kW&nbsp;<\/p><\/div><\/div><\/td><td class=\"wptb-cell\" data-y-index=\"1\" data-x-index=\"2\" style=\"border: 1px solid rgb(209, 209, 209);\" data-wptb-css-td-auto-width=\"true\"><div class=\"wptb-text-container wptb-ph-element wptb-element-text-8\"><div class=\"\" style=\"position: relative;\"><p style=\"text-align: center;\">11 kW<\/p><\/div><\/div><\/td><td class=\"wptb-cell\" data-y-index=\"1\" data-x-index=\"3\" style=\"border: 1px solid rgb(209, 209, 209);\" data-wptb-css-td-auto-width=\"true\"><div class=\"wptb-text-container wptb-ph-element wptb-element-text-9\"><div class=\"\" style=\"position: relative;\"><p style=\"text-align: center;\">15 kW<\/p><\/div><\/div><\/td><td class=\"wptb-cell\" data-y-index=\"1\" data-x-index=\"4\" style=\"border: 1px solid rgb(209, 209, 209);\" data-wptb-css-td-auto-width=\"true\"><div class=\"wptb-text-container wptb-ph-element wptb-element-text-10\"><div class=\"\" style=\"position: relative;\"><p style=\"text-align: center;\">37 kW<\/p><\/div><\/div><\/td><\/tr><tr class=\"wptb-row\"><td class=\"wptb-cell\" data-y-index=\"2\" data-x-index=\"0\" style=\"border: 1px solid rgb(209, 209, 209);\" data-wptb-css-td-auto-width=\"true\"><div class=\"wptb-text-container wptb-ph-element wptb-element-text-11\"><div class=\"\"><p style=\"text-align: center;\"><strong>Pr\u0119dko\u015b\u0107 obrot\u00f3w<\/strong><\/p><\/div><\/div><\/td><td class=\"wptb-cell\" data-y-index=\"2\" data-x-index=\"1\" style=\"border: 1px solid rgb(209, 209, 209);\" data-wptb-css-td-auto-width=\"true\"><div class=\"wptb-text-container wptb-ph-element wptb-element-text-12\"><div class=\"\" style=\"position: relative;\"><p style=\"text-align: center;\">0 &#8211; 3000 rpm<\/p><\/div><\/div><\/td><td class=\"wptb-cell\" data-y-index=\"2\" data-x-index=\"2\" style=\"border: 1px solid rgb(209, 209, 209);\" data-wptb-css-td-auto-width=\"true\"><div class=\"wptb-text-container wptb-ph-element wptb-element-text-13\"><div class=\"\" style=\"position: relative;\"><p style=\"text-align: center;\">0 &#8211; 3000 rpm<\/p><\/div><\/div><\/td><td class=\"wptb-cell\" data-y-index=\"2\" data-x-index=\"3\" style=\"border: 1px solid rgb(209, 209, 209);\" data-wptb-css-td-auto-width=\"true\"><div class=\"wptb-text-container wptb-ph-element wptb-element-text-14\"><div class=\"\" style=\"position: relative;\"><p style=\"text-align: center;\">0 &#8211; 1500 rpm<\/p><\/div><\/div><\/td><td class=\"wptb-cell\" data-y-index=\"2\" data-x-index=\"4\" style=\"border: 1px solid rgb(209, 209, 209);\" data-wptb-css-td-auto-width=\"true\"><div class=\"wptb-text-container wptb-ph-element wptb-element-text-15\"><div class=\"\" style=\"position: relative;\"><p style=\"text-align: center;\">0 &#8211; 1500 rpm<\/p><\/div><\/div><\/td><\/tr><tr class=\"wptb-row\"><td class=\"wptb-cell\" data-y-index=\"3\" data-x-index=\"0\" style=\"border: 1px solid rgb(209, 209, 209);\" data-wptb-css-td-auto-width=\"true\"><div class=\"wptb-text-container wptb-ph-element wptb-element-text-16\"><div class=\"\" style=\"position: relative;\"><p style=\"text-align: center;\"><strong>\u015arednica g\u0142owicy<\/strong><\/p><\/div><\/div><\/td><td class=\"wptb-cell\" data-y-index=\"3\" data-x-index=\"1\" style=\"border: 1px solid rgb(209, 209, 209);\" data-wptb-css-td-auto-width=\"true\"><div class=\"wptb-text-container wptb-ph-element wptb-element-text-17\"><div class=\"\" style=\"position: relative;\"><p style=\"text-align: center;\">290 mm<\/p><\/div><\/div><\/td><td class=\"wptb-cell\" data-y-index=\"3\" data-x-index=\"2\" style=\"border: 1px solid rgb(209, 209, 209);\" data-wptb-css-td-auto-width=\"true\"><div class=\"wptb-text-container wptb-ph-element wptb-element-text-18\"><div class=\"\" style=\"position: relative;\"><p style=\"text-align: center;\">350 mm<\/p><\/div><\/div><\/td><td class=\"wptb-cell\" data-y-index=\"3\" data-x-index=\"3\" style=\"border: 1px solid rgb(209, 209, 209);\" data-wptb-css-td-auto-width=\"true\"><div class=\"wptb-text-container wptb-ph-element wptb-element-text-19\"><div class=\"\" style=\"position: relative;\"><p style=\"text-align: center;\">360 mm<\/p><\/div><\/div><\/td><td class=\"wptb-cell\" data-y-index=\"3\" data-x-index=\"4\" style=\"border: 1px solid rgb(209, 209, 209);\" data-wptb-css-td-auto-width=\"true\"><div class=\"wptb-text-container wptb-ph-element wptb-element-text-20 edit-active\"><div class=\"\" style=\"position: relative;\"><p style=\"text-align: center;\">430 mm<\/p><\/div><\/div><\/td><\/tr><\/tbody><\/table>\n<\/div>\n<\/div>","protected":false},"excerpt":{"rendered":"<p>Mieszalnik \/ homogenizator z wysokim \u015bcinaniem serii SLV to nie tylko podstawowy mikser, ale bardzo wydajna maszyna, kt\u00f3ra s\u0142u\u017cy do dyspersji, homogenizacji, zawieszania i dezintegracji cia\u0142 sta\u0142ych w cieczach, a zw\u0142aszcza do emulgowania cieczy. Dzi\u0119ki specjalnie zaprojektowanej g\u0142owicy roboczej wirnik-stojan zaobserwowano, \u017ce czas procesu znacznie si\u0119 skraca, konsystencja produktu i wydajno\u015b\u0107 procesu ulegaj\u0105 poprawie o&hellip;<\/p>\n","protected":false},"author":1,"featured_media":0,"parent":0,"menu_order":0,"comment_status":"closed","ping_status":"closed","template":"","meta":{"_monsterinsights_skip_tracking":false,"_monsterinsights_sitenote_active":false,"_monsterinsights_sitenote_note":"","_monsterinsights_sitenote_category":0,"footnotes":""},"class_list":["post-397","page","type-page","status-publish","hentry"],"yoast_head":"<!-- This site is optimized with the Yoast SEO plugin v27.2 - https:\/\/yoast.com\/product\/yoast-seo-wordpress\/ -->\n<title>Seria SLV \/ Mieszalnik szybkoobrotowy &#8226; M\u0142yny Przemys\u0142owe<\/title>\n<meta name=\"description\" content=\"Mieszalnik \/ homogenizator z wysokim \u015bcinaniem serii SLV to nie tylko podstawowy mikser, ale bardzo wydajna maszyna, kt\u00f3ra s\u0142u\u017cy do dyspersji, homogenizacji, zawieszania i dezintegracji cia\u0142 sta\u0142ych w cieczach, a zw\u0142aszcza do emulgowania cieczy. Dzi\u0119ki specjalnie zaprojektowanej g\u0142owicy roboczej wirnik-stojan zaobserwowano, \u017ce czas procesu znacznie si\u0119 skraca, konsystencja produktu i wydajno\u015b\u0107 procesu ulegaj\u0105 poprawie o&hellip;\" \/>\n<meta name=\"robots\" content=\"index, follow, max-snippet:-1, max-image-preview:large, max-video-preview:-1\" \/>\n<link rel=\"canonical\" href=\"https:\/\/mlynyprzemyslowe.pl\/?page_id=397\" \/>\n<meta property=\"og:locale\" content=\"pl_PL\" \/>\n<meta property=\"og:type\" content=\"article\" \/>\n<meta property=\"og:title\" content=\"Seria SLV \/ Mieszalnik szybkoobrotowy &#8226; M\u0142yny Przemys\u0142owe\" \/>\n<meta property=\"og:description\" content=\"Mieszalnik \/ homogenizator z wysokim \u015bcinaniem serii SLV to nie tylko podstawowy mikser, ale bardzo wydajna maszyna, kt\u00f3ra s\u0142u\u017cy do dyspersji, homogenizacji, zawieszania i dezintegracji cia\u0142 sta\u0142ych w cieczach, a zw\u0142aszcza do emulgowania cieczy. Dzi\u0119ki specjalnie zaprojektowanej g\u0142owicy roboczej wirnik-stojan zaobserwowano, \u017ce czas procesu znacznie si\u0119 skraca, konsystencja produktu i wydajno\u015b\u0107 procesu ulegaj\u0105 poprawie o&hellip;\" \/>\n<meta property=\"og:url\" content=\"https:\/\/mlynyprzemyslowe.pl\/?page_id=397\" \/>\n<meta property=\"og:site_name\" content=\"M\u0142yny Przemys\u0142owe\" \/>\n<meta property=\"og:image\" content=\"http:\/\/mlynyprzemyslowe.pl\/wp-content\/uploads\/2021\/06\/Seria-SLV-Mieszalnik-szybkoobrotowy.jpg\" \/>\n<meta name=\"twitter:card\" content=\"summary_large_image\" \/>\n<meta name=\"twitter:label1\" content=\"Szacowany czas czytania\" \/>\n\t<meta name=\"twitter:data1\" content=\"2 minuty\" \/>\n<script type=\"application\/ld+json\" class=\"yoast-schema-graph\">{\"@context\":\"https:\/\/schema.org\",\"@graph\":[{\"@type\":\"WebPage\",\"@id\":\"https:\/\/mlynyprzemyslowe.pl\/?page_id=397\",\"url\":\"https:\/\/mlynyprzemyslowe.pl\/?page_id=397\",\"name\":\"Seria SLV \/ Mieszalnik szybkoobrotowy &#8226; M\u0142yny Przemys\u0142owe\",\"isPartOf\":{\"@id\":\"https:\/\/mlynyprzemyslowe.pl\/#website\"},\"primaryImageOfPage\":{\"@id\":\"https:\/\/mlynyprzemyslowe.pl\/?page_id=397#primaryimage\"},\"image\":{\"@id\":\"https:\/\/mlynyprzemyslowe.pl\/?page_id=397#primaryimage\"},\"thumbnailUrl\":\"http:\/\/mlynyprzemyslowe.pl\/wp-content\/uploads\/2021\/06\/Seria-SLV-Mieszalnik-szybkoobrotowy.jpg\",\"datePublished\":\"2021-06-12T11:11:00+00:00\",\"breadcrumb\":{\"@id\":\"https:\/\/mlynyprzemyslowe.pl\/?page_id=397#breadcrumb\"},\"inLanguage\":\"pl-PL\",\"potentialAction\":[{\"@type\":\"ReadAction\",\"target\":[\"https:\/\/mlynyprzemyslowe.pl\/?page_id=397\"]}]},{\"@type\":\"ImageObject\",\"inLanguage\":\"pl-PL\",\"@id\":\"https:\/\/mlynyprzemyslowe.pl\/?page_id=397#primaryimage\",\"url\":\"http:\/\/mlynyprzemyslowe.pl\/wp-content\/uploads\/2021\/06\/Seria-SLV-Mieszalnik-szybkoobrotowy.jpg\",\"contentUrl\":\"http:\/\/mlynyprzemyslowe.pl\/wp-content\/uploads\/2021\/06\/Seria-SLV-Mieszalnik-szybkoobrotowy.jpg\"},{\"@type\":\"BreadcrumbList\",\"@id\":\"https:\/\/mlynyprzemyslowe.pl\/?page_id=397#breadcrumb\",\"itemListElement\":[{\"@type\":\"ListItem\",\"position\":1,\"name\":\"Strona g\u0142\u00f3wna\",\"item\":\"https:\/\/mlynyprzemyslowe.pl\/\"},{\"@type\":\"ListItem\",\"position\":2,\"name\":\"Seria SLV \/ Mieszalnik szybkoobrotowy\"}]},{\"@type\":\"WebSite\",\"@id\":\"https:\/\/mlynyprzemyslowe.pl\/#website\",\"url\":\"https:\/\/mlynyprzemyslowe.pl\/\",\"name\":\"M\u0142yny Przemys\u0142owe\",\"description\":\"\",\"publisher\":{\"@id\":\"https:\/\/mlynyprzemyslowe.pl\/#organization\"},\"potentialAction\":[{\"@type\":\"SearchAction\",\"target\":{\"@type\":\"EntryPoint\",\"urlTemplate\":\"https:\/\/mlynyprzemyslowe.pl\/?s={search_term_string}\"},\"query-input\":{\"@type\":\"PropertyValueSpecification\",\"valueRequired\":true,\"valueName\":\"search_term_string\"}}],\"inLanguage\":\"pl-PL\"},{\"@type\":\"Organization\",\"@id\":\"https:\/\/mlynyprzemyslowe.pl\/#organization\",\"name\":\"M\u0142yny Przemys\u0142owe\",\"url\":\"https:\/\/mlynyprzemyslowe.pl\/\",\"logo\":{\"@type\":\"ImageObject\",\"inLanguage\":\"pl-PL\",\"@id\":\"https:\/\/mlynyprzemyslowe.pl\/#\/schema\/logo\/image\/\",\"url\":\"http:\/\/mlynyprzemyslowe.pl\/wp-content\/uploads\/2020\/10\/pomysl4ikons.png\",\"contentUrl\":\"http:\/\/mlynyprzemyslowe.pl\/wp-content\/uploads\/2020\/10\/pomysl4ikons.png\",\"width\":1920,\"height\":1080,\"caption\":\"M\u0142yny Przemys\u0142owe\"},\"image\":{\"@id\":\"https:\/\/mlynyprzemyslowe.pl\/#\/schema\/logo\/image\/\"}}]}<\/script>\n<!-- \/ Yoast SEO plugin. -->","yoast_head_json":{"title":"Seria SLV \/ Mieszalnik szybkoobrotowy &#8226; M\u0142yny Przemys\u0142owe","description":"Mieszalnik \/ homogenizator z wysokim \u015bcinaniem serii SLV to nie tylko podstawowy mikser, ale bardzo wydajna maszyna, kt\u00f3ra s\u0142u\u017cy do dyspersji, homogenizacji, zawieszania i dezintegracji cia\u0142 sta\u0142ych w cieczach, a zw\u0142aszcza do emulgowania cieczy. Dzi\u0119ki specjalnie zaprojektowanej g\u0142owicy roboczej wirnik-stojan zaobserwowano, \u017ce czas procesu znacznie si\u0119 skraca, konsystencja produktu i wydajno\u015b\u0107 procesu ulegaj\u0105 poprawie o&hellip;","robots":{"index":"index","follow":"follow","max-snippet":"max-snippet:-1","max-image-preview":"max-image-preview:large","max-video-preview":"max-video-preview:-1"},"canonical":"https:\/\/mlynyprzemyslowe.pl\/?page_id=397","og_locale":"pl_PL","og_type":"article","og_title":"Seria SLV \/ Mieszalnik szybkoobrotowy &#8226; M\u0142yny Przemys\u0142owe","og_description":"Mieszalnik \/ homogenizator z wysokim \u015bcinaniem serii SLV to nie tylko podstawowy mikser, ale bardzo wydajna maszyna, kt\u00f3ra s\u0142u\u017cy do dyspersji, homogenizacji, zawieszania i dezintegracji cia\u0142 sta\u0142ych w cieczach, a zw\u0142aszcza do emulgowania cieczy. Dzi\u0119ki specjalnie zaprojektowanej g\u0142owicy roboczej wirnik-stojan zaobserwowano, \u017ce czas procesu znacznie si\u0119 skraca, konsystencja produktu i wydajno\u015b\u0107 procesu ulegaj\u0105 poprawie o&hellip;","og_url":"https:\/\/mlynyprzemyslowe.pl\/?page_id=397","og_site_name":"M\u0142yny Przemys\u0142owe","og_image":[{"url":"http:\/\/mlynyprzemyslowe.pl\/wp-content\/uploads\/2021\/06\/Seria-SLV-Mieszalnik-szybkoobrotowy.jpg","type":"","width":"","height":""}],"twitter_card":"summary_large_image","twitter_misc":{"Szacowany czas czytania":"2 minuty"},"schema":{"@context":"https:\/\/schema.org","@graph":[{"@type":"WebPage","@id":"https:\/\/mlynyprzemyslowe.pl\/?page_id=397","url":"https:\/\/mlynyprzemyslowe.pl\/?page_id=397","name":"Seria SLV \/ Mieszalnik szybkoobrotowy &#8226; M\u0142yny Przemys\u0142owe","isPartOf":{"@id":"https:\/\/mlynyprzemyslowe.pl\/#website"},"primaryImageOfPage":{"@id":"https:\/\/mlynyprzemyslowe.pl\/?page_id=397#primaryimage"},"image":{"@id":"https:\/\/mlynyprzemyslowe.pl\/?page_id=397#primaryimage"},"thumbnailUrl":"http:\/\/mlynyprzemyslowe.pl\/wp-content\/uploads\/2021\/06\/Seria-SLV-Mieszalnik-szybkoobrotowy.jpg","datePublished":"2021-06-12T11:11:00+00:00","breadcrumb":{"@id":"https:\/\/mlynyprzemyslowe.pl\/?page_id=397#breadcrumb"},"inLanguage":"pl-PL","potentialAction":[{"@type":"ReadAction","target":["https:\/\/mlynyprzemyslowe.pl\/?page_id=397"]}]},{"@type":"ImageObject","inLanguage":"pl-PL","@id":"https:\/\/mlynyprzemyslowe.pl\/?page_id=397#primaryimage","url":"http:\/\/mlynyprzemyslowe.pl\/wp-content\/uploads\/2021\/06\/Seria-SLV-Mieszalnik-szybkoobrotowy.jpg","contentUrl":"http:\/\/mlynyprzemyslowe.pl\/wp-content\/uploads\/2021\/06\/Seria-SLV-Mieszalnik-szybkoobrotowy.jpg"},{"@type":"BreadcrumbList","@id":"https:\/\/mlynyprzemyslowe.pl\/?page_id=397#breadcrumb","itemListElement":[{"@type":"ListItem","position":1,"name":"Strona g\u0142\u00f3wna","item":"https:\/\/mlynyprzemyslowe.pl\/"},{"@type":"ListItem","position":2,"name":"Seria SLV \/ Mieszalnik szybkoobrotowy"}]},{"@type":"WebSite","@id":"https:\/\/mlynyprzemyslowe.pl\/#website","url":"https:\/\/mlynyprzemyslowe.pl\/","name":"M\u0142yny Przemys\u0142owe","description":"","publisher":{"@id":"https:\/\/mlynyprzemyslowe.pl\/#organization"},"potentialAction":[{"@type":"SearchAction","target":{"@type":"EntryPoint","urlTemplate":"https:\/\/mlynyprzemyslowe.pl\/?s={search_term_string}"},"query-input":{"@type":"PropertyValueSpecification","valueRequired":true,"valueName":"search_term_string"}}],"inLanguage":"pl-PL"},{"@type":"Organization","@id":"https:\/\/mlynyprzemyslowe.pl\/#organization","name":"M\u0142yny Przemys\u0142owe","url":"https:\/\/mlynyprzemyslowe.pl\/","logo":{"@type":"ImageObject","inLanguage":"pl-PL","@id":"https:\/\/mlynyprzemyslowe.pl\/#\/schema\/logo\/image\/","url":"http:\/\/mlynyprzemyslowe.pl\/wp-content\/uploads\/2020\/10\/pomysl4ikons.png","contentUrl":"http:\/\/mlynyprzemyslowe.pl\/wp-content\/uploads\/2020\/10\/pomysl4ikons.png","width":1920,"height":1080,"caption":"M\u0142yny Przemys\u0142owe"},"image":{"@id":"https:\/\/mlynyprzemyslowe.pl\/#\/schema\/logo\/image\/"}}]}},"_links":{"self":[{"href":"https:\/\/mlynyprzemyslowe.pl\/index.php?rest_route=\/wp\/v2\/pages\/397","targetHints":{"allow":["GET"]}}],"collection":[{"href":"https:\/\/mlynyprzemyslowe.pl\/index.php?rest_route=\/wp\/v2\/pages"}],"about":[{"href":"https:\/\/mlynyprzemyslowe.pl\/index.php?rest_route=\/wp\/v2\/types\/page"}],"author":[{"embeddable":true,"href":"https:\/\/mlynyprzemyslowe.pl\/index.php?rest_route=\/wp\/v2\/users\/1"}],"replies":[{"embeddable":true,"href":"https:\/\/mlynyprzemyslowe.pl\/index.php?rest_route=%2Fwp%2Fv2%2Fcomments&post=397"}],"version-history":[{"count":1,"href":"https:\/\/mlynyprzemyslowe.pl\/index.php?rest_route=\/wp\/v2\/pages\/397\/revisions"}],"predecessor-version":[{"id":400,"href":"https:\/\/mlynyprzemyslowe.pl\/index.php?rest_route=\/wp\/v2\/pages\/397\/revisions\/400"}],"wp:attachment":[{"href":"https:\/\/mlynyprzemyslowe.pl\/index.php?rest_route=%2Fwp%2Fv2%2Fmedia&parent=397"}],"curies":[{"name":"wp","href":"https:\/\/api.w.org\/{rel}","templated":true}]}}