{"id":412,"date":"2021-06-12T11:58:59","date_gmt":"2021-06-12T11:58:59","guid":{"rendered":"https:\/\/mlynyprzemyslowe.pl\/?page_id=412"},"modified":"2021-06-12T11:59:00","modified_gmt":"2021-06-12T11:59:00","slug":"vbr-h-disolwer-pilotazowy-50-100-l","status":"publish","type":"page","link":"https:\/\/mlynyprzemyslowe.pl\/?page_id=412","title":{"rendered":"VBR-H \/ disolwer pilota\u017cowy (50-100 L)"},"content":{"rendered":"\n<div class=\"wp-block-image\"><figure class=\"aligncenter size-large\"><img loading=\"lazy\" decoding=\"async\" width=\"337\" height=\"500\" src=\"https:\/\/mlynyprzemyslowe.pl\/wp-content\/uploads\/2021\/06\/VBR-H-disolwer-labolatoryjny-wdrozeniowy-50-100-L.jpg\" alt=\"\" class=\"wp-image-413\" srcset=\"https:\/\/mlynyprzemyslowe.pl\/wp-content\/uploads\/2021\/06\/VBR-H-disolwer-labolatoryjny-wdrozeniowy-50-100-L.jpg 337w, https:\/\/mlynyprzemyslowe.pl\/wp-content\/uploads\/2021\/06\/VBR-H-disolwer-labolatoryjny-wdrozeniowy-50-100-L-202x300.jpg 202w\" sizes=\"auto, (max-width: 337px) 100vw, 337px\" \/><\/figure><\/div>\n\n\n\n<p>VBR-H \/ disolwer pilota\u017cowy (50-100 L) stoi pomi\u0119dzy maszyn\u0105 laboratoryjn\u0105 a maszyn\u0105 produkcyjn\u0105.<\/p>\n\n\n\n<p>Dzi\u0119ki kompaktowej konstrukcji, mocnemu silnikowi, szerokiemu zakresowi pr\u0119dko\u015bci, efektywnemu systemowi sterowania i sprz\u0119towi, VBR &#8211; H jest bardzo wydajn\u0105 maszyn\u0105 do szybkich proces\u00f3w dyspersji i homogenizacji dla partii 50-100 litr\u00f3w.<\/p>\n\n\n\n<p>Parametry maszyn s\u0105 precyzyjnie optymalizowane w celu uzyskania symulacji jeden do jednego proces\u00f3w produkcyjnych osi\u0105ganych przez maszyny produkcyjne.<\/p>\n\n\n\n<pre class=\"wp-block-code\"><code><p class=\"has-text-align-center\" style=\"font-size: xx-large\"><strong>Funkcje i Zalety<\/strong><\/p><\/code><\/pre>\n\n\n\n<ul class=\"wp-block-list\"><li>Efektywna regulacja pr\u0119dko\u015bci za pomoc\u0105 falownika.<\/li><li>Elektromechaniczne podnoszenie zespo\u0142u nap\u0119dowego sterowane przyciskiem.<\/li><li>Wszystkie cz\u0119\u015bci, kt\u00f3re koliduj\u0105 z produktem, s\u0105 wykonane ze stali nierdzewnej o mikro wyko\u0144czeniu, co u\u0142atwia czyszczenie.<\/li><li>Niezawodny system zacisk\u00f3w, kt\u00f3ry po jednej regulacji centruje naczynie wzgl\u0119dem osi wa\u0142u.<\/li><li>Nadaje si\u0119 do stosowania z r\u00f3\u017cnymi typami i rozmiarami pojemnik\u00f3w do mieszania.<\/li><li>System kontroli temperatury.<\/li><li>Pe\u0142ne sterowanie PLC systemu do sterowania parametrami pracy maszyny i w\u0142a\u015bciwo\u015bciami produktu.<\/li><\/ul>\n\n\n<div class=\"wp-block-wptb-table-block\"><div class=\"wptb-container-legacy\" data-table-id=\"414\">\n    <table class=\"wptb-preview-table wptb-element-main-table_setting-414 edit-active\" data-reconstraction=\"1\" style=\"border: 6px solid rgb(153, 153, 153);\" data-wptb-table-tds-sum-max-width=\"276\" data-wptb-cells-width-auto-count=\"2\" data-wptb-extra-styles=\"LyogRW50ZXIgeW91ciBjdXN0b20gQ1NTIHJ1bGVzIGhlcmUgKi8=\" role=\"table\" data-table-columns=\"2\"><tbody><tr class=\"wptb-row\"><td class=\"wptb-cell\" data-y-index=\"0\" data-x-index=\"0\" style=\"border: 4px solid rgb(153, 153, 153);\" data-wptb-css-td-auto-width=\"true\"><div class=\"wptb-text-container wptb-ph-element wptb-element-text-1\"><div class=\"\" style=\"position: relative;\"><p style=\"text-align: center;\"><strong>MODEL<\/strong><\/p><\/div><\/div><\/td><td class=\"wptb-cell\" data-y-index=\"0\" data-x-index=\"1\" style=\"border: 4px solid rgb(153, 153, 153);\" data-wptb-css-td-auto-width=\"true\"><div class=\"wptb-text-container wptb-ph-element wptb-element-text-2\"><div class=\"\" style=\"position: relative;\"><p style=\"text-align: center;\"><strong>VBR &#8211; H<\/strong><\/p><\/div><\/div><\/td><\/tr><tr class=\"wptb-row\"><td class=\"wptb-cell\" data-y-index=\"1\" data-x-index=\"0\" style=\"border: 4px solid rgb(153, 153, 153);\" data-wptb-css-td-auto-width=\"true\"><div class=\"wptb-text-container wptb-ph-element wptb-element-text-3\"><div class=\"\" style=\"position: relative;\"><p style=\"text-align: center;\"><strong>Silnik<\/strong><\/p><\/div><\/div><\/td><td class=\"wptb-cell\" data-y-index=\"1\" data-x-index=\"1\" style=\"border: 4px solid rgb(153, 153, 153);\" data-wptb-css-td-auto-width=\"true\"><div class=\"wptb-text-container wptb-ph-element wptb-element-text-4\"><div class=\"\" style=\"position: relative;\"><p style=\"text-align: center;\">5,5 kW<\/p><\/div><\/div><\/td><\/tr><tr class=\"wptb-row\"><td class=\"wptb-cell\" data-y-index=\"2\" data-x-index=\"0\" style=\"border: 4px solid rgb(153, 153, 153);\" data-wptb-css-td-auto-width=\"true\"><div class=\"wptb-text-container wptb-ph-element wptb-element-text-5\"><div class=\"\" style=\"position: relative;\"><p style=\"text-align: center;\"><strong>Pr\u0119dko\u015b\u0107 obrot\u00f3w<\/strong><\/p><\/div><\/div><\/td><td class=\"wptb-cell\" data-y-index=\"2\" data-x-index=\"1\" style=\"border: 4px solid rgb(153, 153, 153);\" data-wptb-css-td-auto-width=\"true\"><div class=\"wptb-text-container wptb-ph-element wptb-element-text-6\"><div class=\"\" style=\"position: relative;\"><p style=\"text-align: center;\">0 &#8211; 3000 rpm<\/p><\/div><\/div><\/td><\/tr><tr class=\"wptb-row\"><td class=\"wptb-cell\" data-y-index=\"3\" data-x-index=\"0\" style=\"border: 4px solid rgb(153, 153, 153);\" data-wptb-css-td-auto-width=\"true\"><div class=\"wptb-text-container wptb-ph-element wptb-element-text-7\"><div class=\"\" style=\"position: relative;\"><p style=\"text-align: center;\"><strong>Minimalna pojemno\u015b\u0107 kadzi<\/strong><\/p><\/div><\/div><\/td><td class=\"wptb-cell\" data-y-index=\"3\" data-x-index=\"1\" style=\"border: 4px solid rgb(153, 153, 153);\" data-wptb-css-td-auto-width=\"true\"><div class=\"wptb-text-container wptb-ph-element wptb-element-text-8\"><div class=\"\" style=\"position: relative;\"><p style=\"text-align: center;\">50 L<\/p><\/div><\/div><\/td><\/tr><tr class=\"wptb-row\"><td class=\"wptb-cell\" data-y-index=\"4\" data-x-index=\"0\" style=\"border: 4px solid rgb(153, 153, 153);\" data-wptb-css-td-auto-width=\"true\"><div class=\"wptb-text-container wptb-ph-element wptb-element-text-9\"><div class=\"\" style=\"position: relative;\"><p style=\"text-align: center;\"><strong>Maksymalna pojemno\u015b\u0107 kadzi<\/strong><\/p><\/div><\/div><\/td><td class=\"wptb-cell\" data-y-index=\"4\" data-x-index=\"1\" style=\"border: 4px solid rgb(153, 153, 153);\" data-wptb-css-td-auto-width=\"true\"><div class=\"wptb-text-container wptb-ph-element wptb-element-text-10\"><div class=\"\" style=\"position: relative;\"><p style=\"text-align: center;\">100 L<\/p><\/div><\/div><\/td><\/tr><\/tbody><\/table>\n<\/div>\n<\/div>","protected":false},"excerpt":{"rendered":"<p>VBR-H \/ disolwer pilota\u017cowy (50-100 L) stoi pomi\u0119dzy maszyn\u0105 laboratoryjn\u0105 a maszyn\u0105 produkcyjn\u0105. Dzi\u0119ki kompaktowej konstrukcji, mocnemu silnikowi, szerokiemu zakresowi pr\u0119dko\u015bci, efektywnemu systemowi sterowania i sprz\u0119towi, VBR &#8211; H jest bardzo wydajn\u0105 maszyn\u0105 do szybkich proces\u00f3w dyspersji i homogenizacji dla partii 50-100 litr\u00f3w. Parametry maszyn s\u0105 precyzyjnie optymalizowane w celu uzyskania symulacji jeden do jednego&hellip;<\/p>\n","protected":false},"author":1,"featured_media":0,"parent":0,"menu_order":0,"comment_status":"closed","ping_status":"closed","template":"","meta":{"_monsterinsights_skip_tracking":false,"_monsterinsights_sitenote_active":false,"_monsterinsights_sitenote_note":"","_monsterinsights_sitenote_category":0,"footnotes":""},"class_list":["post-412","page","type-page","status-publish","hentry"],"yoast_head":"<!-- This site is optimized with the Yoast SEO plugin v27.2 - https:\/\/yoast.com\/product\/yoast-seo-wordpress\/ -->\n<title>VBR-H \/ disolwer pilota\u017cowy (50-100 L) &#8226; M\u0142yny Przemys\u0142owe<\/title>\n<meta name=\"description\" content=\"VBR-H \/ disolwer pilota\u017cowy (50-100 L) stoi pomi\u0119dzy maszyn\u0105 laboratoryjn\u0105 a maszyn\u0105 produkcyjn\u0105. Dzi\u0119ki kompaktowej konstrukcji, mocnemu silnikowi, szerokiemu zakresowi pr\u0119dko\u015bci, efektywnemu systemowi sterowania i sprz\u0119towi, VBR &#8211; H jest bardzo wydajn\u0105 maszyn\u0105 do szybkich proces\u00f3w dyspersji i homogenizacji dla partii 50-100 litr\u00f3w. Parametry maszyn s\u0105 precyzyjnie optymalizowane w celu uzyskania symulacji jeden do jednego&hellip;\" \/>\n<meta name=\"robots\" content=\"index, follow, max-snippet:-1, max-image-preview:large, max-video-preview:-1\" \/>\n<link rel=\"canonical\" href=\"https:\/\/mlynyprzemyslowe.pl\/?page_id=412\" \/>\n<meta property=\"og:locale\" content=\"pl_PL\" \/>\n<meta property=\"og:type\" content=\"article\" \/>\n<meta property=\"og:title\" content=\"VBR-H \/ disolwer pilota\u017cowy (50-100 L) &#8226; M\u0142yny Przemys\u0142owe\" \/>\n<meta property=\"og:description\" content=\"VBR-H \/ disolwer pilota\u017cowy (50-100 L) stoi pomi\u0119dzy maszyn\u0105 laboratoryjn\u0105 a maszyn\u0105 produkcyjn\u0105. Dzi\u0119ki kompaktowej konstrukcji, mocnemu silnikowi, szerokiemu zakresowi pr\u0119dko\u015bci, efektywnemu systemowi sterowania i sprz\u0119towi, VBR &#8211; H jest bardzo wydajn\u0105 maszyn\u0105 do szybkich proces\u00f3w dyspersji i homogenizacji dla partii 50-100 litr\u00f3w. Parametry maszyn s\u0105 precyzyjnie optymalizowane w celu uzyskania symulacji jeden do jednego&hellip;\" \/>\n<meta property=\"og:url\" content=\"https:\/\/mlynyprzemyslowe.pl\/?page_id=412\" \/>\n<meta property=\"og:site_name\" content=\"M\u0142yny Przemys\u0142owe\" \/>\n<meta property=\"article:modified_time\" content=\"2021-06-12T11:59:00+00:00\" \/>\n<meta property=\"og:image\" content=\"http:\/\/mlynyprzemyslowe.pl\/wp-content\/uploads\/2021\/06\/VBR-H-disolwer-labolatoryjny-wdrozeniowy-50-100-L.jpg\" \/>\n<meta name=\"twitter:card\" content=\"summary_large_image\" \/>\n<meta name=\"twitter:label1\" content=\"Szacowany czas czytania\" \/>\n\t<meta name=\"twitter:data1\" content=\"1 minuta\" \/>\n<script type=\"application\/ld+json\" class=\"yoast-schema-graph\">{\"@context\":\"https:\/\/schema.org\",\"@graph\":[{\"@type\":\"WebPage\",\"@id\":\"https:\/\/mlynyprzemyslowe.pl\/?page_id=412\",\"url\":\"https:\/\/mlynyprzemyslowe.pl\/?page_id=412\",\"name\":\"VBR-H \/ disolwer pilota\u017cowy (50-100 L) &#8226; M\u0142yny Przemys\u0142owe\",\"isPartOf\":{\"@id\":\"https:\/\/mlynyprzemyslowe.pl\/#website\"},\"primaryImageOfPage\":{\"@id\":\"https:\/\/mlynyprzemyslowe.pl\/?page_id=412#primaryimage\"},\"image\":{\"@id\":\"https:\/\/mlynyprzemyslowe.pl\/?page_id=412#primaryimage\"},\"thumbnailUrl\":\"http:\/\/mlynyprzemyslowe.pl\/wp-content\/uploads\/2021\/06\/VBR-H-disolwer-labolatoryjny-wdrozeniowy-50-100-L.jpg\",\"datePublished\":\"2021-06-12T11:58:59+00:00\",\"dateModified\":\"2021-06-12T11:59:00+00:00\",\"breadcrumb\":{\"@id\":\"https:\/\/mlynyprzemyslowe.pl\/?page_id=412#breadcrumb\"},\"inLanguage\":\"pl-PL\",\"potentialAction\":[{\"@type\":\"ReadAction\",\"target\":[\"https:\/\/mlynyprzemyslowe.pl\/?page_id=412\"]}]},{\"@type\":\"ImageObject\",\"inLanguage\":\"pl-PL\",\"@id\":\"https:\/\/mlynyprzemyslowe.pl\/?page_id=412#primaryimage\",\"url\":\"http:\/\/mlynyprzemyslowe.pl\/wp-content\/uploads\/2021\/06\/VBR-H-disolwer-labolatoryjny-wdrozeniowy-50-100-L.jpg\",\"contentUrl\":\"http:\/\/mlynyprzemyslowe.pl\/wp-content\/uploads\/2021\/06\/VBR-H-disolwer-labolatoryjny-wdrozeniowy-50-100-L.jpg\"},{\"@type\":\"BreadcrumbList\",\"@id\":\"https:\/\/mlynyprzemyslowe.pl\/?page_id=412#breadcrumb\",\"itemListElement\":[{\"@type\":\"ListItem\",\"position\":1,\"name\":\"Strona g\u0142\u00f3wna\",\"item\":\"https:\/\/mlynyprzemyslowe.pl\/\"},{\"@type\":\"ListItem\",\"position\":2,\"name\":\"VBR-H \/ disolwer pilota\u017cowy (50-100 L)\"}]},{\"@type\":\"WebSite\",\"@id\":\"https:\/\/mlynyprzemyslowe.pl\/#website\",\"url\":\"https:\/\/mlynyprzemyslowe.pl\/\",\"name\":\"M\u0142yny Przemys\u0142owe\",\"description\":\"\",\"publisher\":{\"@id\":\"https:\/\/mlynyprzemyslowe.pl\/#organization\"},\"potentialAction\":[{\"@type\":\"SearchAction\",\"target\":{\"@type\":\"EntryPoint\",\"urlTemplate\":\"https:\/\/mlynyprzemyslowe.pl\/?s={search_term_string}\"},\"query-input\":{\"@type\":\"PropertyValueSpecification\",\"valueRequired\":true,\"valueName\":\"search_term_string\"}}],\"inLanguage\":\"pl-PL\"},{\"@type\":\"Organization\",\"@id\":\"https:\/\/mlynyprzemyslowe.pl\/#organization\",\"name\":\"M\u0142yny Przemys\u0142owe\",\"url\":\"https:\/\/mlynyprzemyslowe.pl\/\",\"logo\":{\"@type\":\"ImageObject\",\"inLanguage\":\"pl-PL\",\"@id\":\"https:\/\/mlynyprzemyslowe.pl\/#\/schema\/logo\/image\/\",\"url\":\"http:\/\/mlynyprzemyslowe.pl\/wp-content\/uploads\/2020\/10\/pomysl4ikons.png\",\"contentUrl\":\"http:\/\/mlynyprzemyslowe.pl\/wp-content\/uploads\/2020\/10\/pomysl4ikons.png\",\"width\":1920,\"height\":1080,\"caption\":\"M\u0142yny Przemys\u0142owe\"},\"image\":{\"@id\":\"https:\/\/mlynyprzemyslowe.pl\/#\/schema\/logo\/image\/\"}}]}<\/script>\n<!-- \/ Yoast SEO plugin. -->","yoast_head_json":{"title":"VBR-H \/ disolwer pilota\u017cowy (50-100 L) &#8226; M\u0142yny Przemys\u0142owe","description":"VBR-H \/ disolwer pilota\u017cowy (50-100 L) stoi pomi\u0119dzy maszyn\u0105 laboratoryjn\u0105 a maszyn\u0105 produkcyjn\u0105. Dzi\u0119ki kompaktowej konstrukcji, mocnemu silnikowi, szerokiemu zakresowi pr\u0119dko\u015bci, efektywnemu systemowi sterowania i sprz\u0119towi, VBR &#8211; H jest bardzo wydajn\u0105 maszyn\u0105 do szybkich proces\u00f3w dyspersji i homogenizacji dla partii 50-100 litr\u00f3w. Parametry maszyn s\u0105 precyzyjnie optymalizowane w celu uzyskania symulacji jeden do jednego&hellip;","robots":{"index":"index","follow":"follow","max-snippet":"max-snippet:-1","max-image-preview":"max-image-preview:large","max-video-preview":"max-video-preview:-1"},"canonical":"https:\/\/mlynyprzemyslowe.pl\/?page_id=412","og_locale":"pl_PL","og_type":"article","og_title":"VBR-H \/ disolwer pilota\u017cowy (50-100 L) &#8226; M\u0142yny Przemys\u0142owe","og_description":"VBR-H \/ disolwer pilota\u017cowy (50-100 L) stoi pomi\u0119dzy maszyn\u0105 laboratoryjn\u0105 a maszyn\u0105 produkcyjn\u0105. Dzi\u0119ki kompaktowej konstrukcji, mocnemu silnikowi, szerokiemu zakresowi pr\u0119dko\u015bci, efektywnemu systemowi sterowania i sprz\u0119towi, VBR &#8211; H jest bardzo wydajn\u0105 maszyn\u0105 do szybkich proces\u00f3w dyspersji i homogenizacji dla partii 50-100 litr\u00f3w. Parametry maszyn s\u0105 precyzyjnie optymalizowane w celu uzyskania symulacji jeden do jednego&hellip;","og_url":"https:\/\/mlynyprzemyslowe.pl\/?page_id=412","og_site_name":"M\u0142yny Przemys\u0142owe","article_modified_time":"2021-06-12T11:59:00+00:00","og_image":[{"url":"http:\/\/mlynyprzemyslowe.pl\/wp-content\/uploads\/2021\/06\/VBR-H-disolwer-labolatoryjny-wdrozeniowy-50-100-L.jpg","type":"","width":"","height":""}],"twitter_card":"summary_large_image","twitter_misc":{"Szacowany czas czytania":"1 minuta"},"schema":{"@context":"https:\/\/schema.org","@graph":[{"@type":"WebPage","@id":"https:\/\/mlynyprzemyslowe.pl\/?page_id=412","url":"https:\/\/mlynyprzemyslowe.pl\/?page_id=412","name":"VBR-H \/ disolwer pilota\u017cowy (50-100 L) &#8226; M\u0142yny Przemys\u0142owe","isPartOf":{"@id":"https:\/\/mlynyprzemyslowe.pl\/#website"},"primaryImageOfPage":{"@id":"https:\/\/mlynyprzemyslowe.pl\/?page_id=412#primaryimage"},"image":{"@id":"https:\/\/mlynyprzemyslowe.pl\/?page_id=412#primaryimage"},"thumbnailUrl":"http:\/\/mlynyprzemyslowe.pl\/wp-content\/uploads\/2021\/06\/VBR-H-disolwer-labolatoryjny-wdrozeniowy-50-100-L.jpg","datePublished":"2021-06-12T11:58:59+00:00","dateModified":"2021-06-12T11:59:00+00:00","breadcrumb":{"@id":"https:\/\/mlynyprzemyslowe.pl\/?page_id=412#breadcrumb"},"inLanguage":"pl-PL","potentialAction":[{"@type":"ReadAction","target":["https:\/\/mlynyprzemyslowe.pl\/?page_id=412"]}]},{"@type":"ImageObject","inLanguage":"pl-PL","@id":"https:\/\/mlynyprzemyslowe.pl\/?page_id=412#primaryimage","url":"http:\/\/mlynyprzemyslowe.pl\/wp-content\/uploads\/2021\/06\/VBR-H-disolwer-labolatoryjny-wdrozeniowy-50-100-L.jpg","contentUrl":"http:\/\/mlynyprzemyslowe.pl\/wp-content\/uploads\/2021\/06\/VBR-H-disolwer-labolatoryjny-wdrozeniowy-50-100-L.jpg"},{"@type":"BreadcrumbList","@id":"https:\/\/mlynyprzemyslowe.pl\/?page_id=412#breadcrumb","itemListElement":[{"@type":"ListItem","position":1,"name":"Strona g\u0142\u00f3wna","item":"https:\/\/mlynyprzemyslowe.pl\/"},{"@type":"ListItem","position":2,"name":"VBR-H \/ disolwer pilota\u017cowy (50-100 L)"}]},{"@type":"WebSite","@id":"https:\/\/mlynyprzemyslowe.pl\/#website","url":"https:\/\/mlynyprzemyslowe.pl\/","name":"M\u0142yny Przemys\u0142owe","description":"","publisher":{"@id":"https:\/\/mlynyprzemyslowe.pl\/#organization"},"potentialAction":[{"@type":"SearchAction","target":{"@type":"EntryPoint","urlTemplate":"https:\/\/mlynyprzemyslowe.pl\/?s={search_term_string}"},"query-input":{"@type":"PropertyValueSpecification","valueRequired":true,"valueName":"search_term_string"}}],"inLanguage":"pl-PL"},{"@type":"Organization","@id":"https:\/\/mlynyprzemyslowe.pl\/#organization","name":"M\u0142yny Przemys\u0142owe","url":"https:\/\/mlynyprzemyslowe.pl\/","logo":{"@type":"ImageObject","inLanguage":"pl-PL","@id":"https:\/\/mlynyprzemyslowe.pl\/#\/schema\/logo\/image\/","url":"http:\/\/mlynyprzemyslowe.pl\/wp-content\/uploads\/2020\/10\/pomysl4ikons.png","contentUrl":"http:\/\/mlynyprzemyslowe.pl\/wp-content\/uploads\/2020\/10\/pomysl4ikons.png","width":1920,"height":1080,"caption":"M\u0142yny Przemys\u0142owe"},"image":{"@id":"https:\/\/mlynyprzemyslowe.pl\/#\/schema\/logo\/image\/"}}]}},"_links":{"self":[{"href":"https:\/\/mlynyprzemyslowe.pl\/index.php?rest_route=\/wp\/v2\/pages\/412","targetHints":{"allow":["GET"]}}],"collection":[{"href":"https:\/\/mlynyprzemyslowe.pl\/index.php?rest_route=\/wp\/v2\/pages"}],"about":[{"href":"https:\/\/mlynyprzemyslowe.pl\/index.php?rest_route=\/wp\/v2\/types\/page"}],"author":[{"embeddable":true,"href":"https:\/\/mlynyprzemyslowe.pl\/index.php?rest_route=\/wp\/v2\/users\/1"}],"replies":[{"embeddable":true,"href":"https:\/\/mlynyprzemyslowe.pl\/index.php?rest_route=%2Fwp%2Fv2%2Fcomments&post=412"}],"version-history":[{"count":1,"href":"https:\/\/mlynyprzemyslowe.pl\/index.php?rest_route=\/wp\/v2\/pages\/412\/revisions"}],"predecessor-version":[{"id":415,"href":"https:\/\/mlynyprzemyslowe.pl\/index.php?rest_route=\/wp\/v2\/pages\/412\/revisions\/415"}],"wp:attachment":[{"href":"https:\/\/mlynyprzemyslowe.pl\/index.php?rest_route=%2Fwp%2Fv2%2Fmedia&parent=412"}],"curies":[{"name":"wp","href":"https:\/\/api.w.org\/{rel}","templated":true}]}}