{"id":416,"date":"2021-06-12T12:06:54","date_gmt":"2021-06-12T12:06:54","guid":{"rendered":"https:\/\/mlynyprzemyslowe.pl\/?page_id=416"},"modified":"2021-06-12T12:06:54","modified_gmt":"2021-06-12T12:06:54","slug":"dbm-100-mlyn-koszowy-pilotazowy-50-100-l","status":"publish","type":"page","link":"https:\/\/mlynyprzemyslowe.pl\/?page_id=416","title":{"rendered":"DBM-100 \/ M\u0142yn koszowy pilota\u017cowy (50-100 L)"},"content":{"rendered":"\n<div class=\"wp-block-image\"><figure class=\"aligncenter size-large\"><img loading=\"lazy\" decoding=\"async\" width=\"499\" height=\"500\" src=\"https:\/\/mlynyprzemyslowe.pl\/wp-content\/uploads\/2021\/06\/DBM-100-Mlyn-koszowy-laboratoryjny-wdrozeniowy-50-100-L-1.jpg\" alt=\"\" class=\"wp-image-417\" srcset=\"https:\/\/mlynyprzemyslowe.pl\/wp-content\/uploads\/2021\/06\/DBM-100-Mlyn-koszowy-laboratoryjny-wdrozeniowy-50-100-L-1.jpg 499w, https:\/\/mlynyprzemyslowe.pl\/wp-content\/uploads\/2021\/06\/DBM-100-Mlyn-koszowy-laboratoryjny-wdrozeniowy-50-100-L-1-300x300.jpg 300w, https:\/\/mlynyprzemyslowe.pl\/wp-content\/uploads\/2021\/06\/DBM-100-Mlyn-koszowy-laboratoryjny-wdrozeniowy-50-100-L-1-150x150.jpg 150w\" sizes=\"auto, (max-width: 499px) 100vw, 499px\" \/><\/figure><\/div>\n\n\n\n<p>DBM-100 \/ M\u0142yn koszowy pilota\u017cowy, sytuowany pomi\u0119dzy maszynami laboratoryjnymi a produkcyjnymi m\u0142ynami koszowymi.<\/p>\n\n\n\n<p>Dzi\u0119ki kompaktowej konstrukcji, mocnemu silnikowi, szerokiemu zakresowi pr\u0119dko\u015bci, efektywnemu systemowi sterowania i osprz\u0119towi, DBM-100 jest bardzo wydajn\u0105 maszyn\u0105 do proces\u00f3w mielenia na mokro dla partii 50-100 litr\u00f3w.<\/p>\n\n\n\n<p>DBM-100 zosta\u0142 zaprojektowany z my\u015bl\u0105 o potrzebach nowoczesnej technologii mielenia na mokro. G\u0142\u00f3wnym celem systemu m\u0142yn\u00f3w koszowych jest uproszczenie procesu mielenia, wyeliminowanie potrzeby stosowania dodatkowych trudnych do czyszczenia zbiornik\u00f3w, w\u0119\u017cy itp. oraz uzyskanie optymalnego rozk\u0142adu wielko\u015bci cz\u0105stek i lepszych wynik\u00f3w w kr\u00f3tszym czasie.<\/p>\n\n\n\n<pre class=\"wp-block-code\"><code><p class=\"has-text-align-center\" style=\"font-size: xx-large\"><strong>Zasada Dzia\u0142ania<\/strong><\/p><\/code><\/pre>\n\n\n\n<p>Obracaj\u0105ca si\u0119 tarcza pod koszem zasysa produkt przez wlot w g\u00f3rnej cz\u0119\u015bci kosza do komory mielenia, gdzie odbywa si\u0119 mielenie na mokro. Dodatkowe tarcze mieszaj\u0105ce przyspieszaj\u0105 mielenie w komorze mielenia, miel\u0105c przechodz\u0105cy produkt, powoduj\u0105c po\u015blizg i toczenie si\u0119 kulek. Produkt przechodzi nast\u0119pnie przez wielkogabarytowe sito szczelinowe, kt\u00f3re oddziela materia\u0142 od wsadu i zatrzymuje kulki miel\u0105ce wewn\u0105trz komory mielenia. Dzi\u0119ki sile od\u015brodkowej generowanej przez obracaj\u0105c\u0105 si\u0119 tarcz\u0119 poni\u017cej, zmielony produkt jest wysy\u0142any z powrotem do partii, aby ponownie wej\u015b\u0107 do komory mielenia od g\u00f3ry kosza.<\/p>\n\n\n\n<p>Zamiast jednego lub dw\u00f3ch przej\u015b\u0107 przez konwencjonalny m\u0142yn pere\u0142kowy z mieszad\u0142em o zmniejszonej przepustowo\u015bci, skuteczniejsze jest zwi\u0119kszenie liczby przej\u015b\u0107 z wy\u017csz\u0105 wydajno\u015bci\u0105. DBM-100 dzia\u0142a na tej zasadzie, zapewniaj\u0105c, \u017ce ca\u0142y produkt podstawowy wewn\u0105trz naczynia przechodzi przez komor\u0119 mielenia wiele razy podczas pracy. W rezultacie uzyskuje si\u0119 bardziej jednolity i progresywnie zmielony gotowy materia\u0142 o w\u0105skim spektrum rozdrobnienia i intensywno\u015bci koloru.<\/p>\n\n\n\n<pre class=\"wp-block-code\"><code><p class=\"has-text-align-center\" style=\"font-size: xx-large\"><strong>Zalety<\/strong><\/p><\/code><\/pre>\n\n\n\n<ul class=\"wp-block-list\"><li>W por\u00f3wnaniu z konwencjonalnymi m\u0142ynami pere\u0142kowymi z mieszad\u0142em, DMB-100 ma wiele zalet. Pozwala to na przej\u015bcie wi\u0119kszej ilo\u015bci materia\u0142u przez komor\u0119 mielenia w okre\u015blonym czasie, co skutkuje znacznym skr\u00f3ceniem czasu mielenia i zmniejszeniem koszt\u00f3w energii. Dzi\u0119ki unikalnej konstrukcji komory mielenia i cz\u0119\u015bci mieszad\u0142a uzyskuje si\u0119 du\u017c\u0105 moc rozdrabniania.<\/li><li>Produkty s\u0105 przetwarzane w tym samym pojemniku od pocz\u0105tku do ko\u0144ca procesu, dodatkowe zbiorniki, pompy i systemy ruroci\u0105g\u00f3w s\u0105 wyeliminowane, a operacja wst\u0119pnego mieszania jest ograniczona do minimum.<\/li><li>Komora mielenia i naczynie miel\u0105ce DMB-100 s\u0105 ch\u0142odzone wod\u0105 za pomoc\u0105 wydajnego systemu ch\u0142odzenia. Pomaga to usun\u0105\u0107 nagromadzone ciep\u0142o, kt\u00f3re powsta\u0142o podczas przechodzenia produktu przez komor\u0119 mielenia. Temperatura przetwarzanego produktu efektywnie spada podczas pracy co pozwala na utrzymanie optymalnej temperatury procesu.<\/li><li>Je\u015bli struktura produktu zmienia si\u0119 podczas operacji, do kadzi mo\u017cna doda\u0107 spoiwo, rozpuszczalnik lub inne po\u017c\u0105dane dodatki bez zatrzymywania procesu.<\/li><li>Czyszczenie ca\u0142ej komory mielenia i materia\u0142u miel\u0105cego jest bardzo proste i szybkie.<\/li><\/ul>\n\n\n\n<pre class=\"wp-block-code\"><code><p class=\"has-text-align-center\" style=\"font-size: xx-large\"><strong>Funkcje<\/strong><\/p><\/code><\/pre>\n\n\n\n<ul class=\"wp-block-list\"><li>Stal nierdzewna, specjalnie hartowana stal i twarde materia\u0142y na wszystkie cz\u0119\u015bci maj\u0105ce kontakt z medium, w celu minimalnego zu\u017cycia.<\/li><li>Szybko poruszaj\u0105ce si\u0119 cz\u0119\u015bci wykonane z materia\u0142\u00f3w o wysokiej wytrzyma\u0142o\u015bci.<\/li><li>Kompletna konstrukcja ze stali nierdzewnej wyko\u0144czonej mikropolerowaniem, kt\u00f3re bezpo\u015brednio koliduj\u0105 z produktem, w tym kosza, wa\u0142u g\u0142\u00f3wnego, wa\u0142k\u00f3w podtrzymuj\u0105cych i tarczy obrotowej, w celu skr\u00f3cenia czasu czyszczenia do minimum.<\/li><li>Podnoszenie g\u00f3rnej cz\u0119\u015bci maszyny sterowane elektrohydraulicznie.<\/li><li>Efektywny system sterowania zmienn\u0105 pr\u0119dko\u015bci\u0105 z falownikiem.<\/li><li>Mocny i niezawodny mechaniczny system mocowania naczy\u0144.<\/li><li>P\u0142yta centruj\u0105ca naczynia, kt\u00f3ra zapewnia, \u017ce \u200b\u200bnaczynie jest obracane centrycznie w stosunku do osi wa\u0142u, gdy zbli\u017ca si\u0119 do maszyny.<\/li><li>Standardowy pneumatyczny system zamykania naczynia z wytrzyma\u0142\u0105 aluminiow\u0105 pokryw\u0105, o\u015bwietleniem, wizjerem i ko\u0142nierzem wentylacyjnym.<\/li><li>Standardowy system bezpiecze\u0144stwa elektrycznego z prze\u0142\u0105cznikami elektrycznymi i wyposa\u017ceniem dla maksymalnego bezpiecze\u0144stwa pracy.<\/li><li>Wbudowany, funkcjonalny panel steruj\u0105cy z przyciskami steruj\u0105cymi i wska\u017anikami cyfrowymi do sterowania parametrami procesu.<\/li><li>Zaawansowany system sterowania PLC (system sterowania DSBM z kolorowym panelem dotykowym 3,5 \u201dTFT-LCD) z opcj\u0105 wprowadzania danych do sterowania parametrami procesu w szerszym zakresie.<\/li><li>Mo\u017cliwo\u015b\u0107 u\u017cycia wszystkich rodzaj\u00f3w r\u00f3\u017cnych medi\u00f3w dla uzyskania optymalnych rezultat\u00f3w mielenia na mokro.<\/li><\/ul>\n\n\n<div class=\"wp-block-wptb-table-block\"><div class=\"wptb-container-legacy\" data-table-id=\"418\">\n    <table class=\"wptb-preview-table wptb-element-main-table_setting-418 edit-active\" data-reconstraction=\"1\" style=\"border: 6px solid rgb(153, 153, 153);\" data-wptb-table-tds-sum-max-width=\"276\" data-wptb-cells-width-auto-count=\"2\" data-wptb-extra-styles=\"LyogRW50ZXIgeW91ciBjdXN0b20gQ1NTIHJ1bGVzIGhlcmUgKi8=\" role=\"table\" data-table-columns=\"2\"><tbody><tr class=\"wptb-row\"><td class=\"wptb-cell\" data-y-index=\"0\" data-x-index=\"0\" style=\"border: 4px solid rgb(153, 153, 153);\" data-wptb-css-td-auto-width=\"true\"><div class=\"wptb-text-container wptb-ph-element wptb-element-text-1\"><div class=\"\" style=\"position: relative;\"><p style=\"text-align: center;\"><strong>MODEL<\/strong><\/p><\/div><\/div><\/td><td class=\"wptb-cell\" data-y-index=\"0\" data-x-index=\"1\" style=\"border: 4px solid rgb(153, 153, 153);\" data-wptb-css-td-auto-width=\"true\"><div class=\"wptb-text-container wptb-ph-element wptb-element-text-2\"><div class=\"\" style=\"position: relative;\"><p style=\"text-align: center;\"><strong>DBM &#8211; 100<\/strong><\/p><\/div><\/div><\/td><\/tr><tr class=\"wptb-row\"><td class=\"wptb-cell\" data-y-index=\"1\" data-x-index=\"0\" style=\"border: 4px solid rgb(153, 153, 153);\" data-wptb-css-td-auto-width=\"true\"><div class=\"wptb-text-container wptb-ph-element wptb-element-text-3\"><div class=\"\" style=\"position: relative;\"><p style=\"text-align: center;\"><strong>Silnik<\/strong><\/p><\/div><\/div><\/td><td class=\"wptb-cell\" data-y-index=\"1\" data-x-index=\"1\" style=\"border: 4px solid rgb(153, 153, 153);\" data-wptb-css-td-auto-width=\"true\"><div class=\"wptb-text-container wptb-ph-element wptb-element-text-4\"><div class=\"\" style=\"position: relative;\"><p style=\"text-align: center;\">7,5 kW<\/p><\/div><\/div><\/td><\/tr><tr class=\"wptb-row\"><td class=\"wptb-cell\" data-y-index=\"2\" data-x-index=\"0\" style=\"border: 4px solid rgb(153, 153, 153);\" data-wptb-css-td-auto-width=\"true\"><div class=\"wptb-text-container wptb-ph-element wptb-element-text-5\"><div class=\"\" style=\"position: relative;\"><p style=\"text-align: center;\"><strong>Pojemno\u015b\u0107 kadzi<\/strong><\/p><\/div><\/div><\/td><td class=\"wptb-cell\" data-y-index=\"2\" data-x-index=\"1\" style=\"border: 4px solid rgb(153, 153, 153);\" data-wptb-css-td-auto-width=\"true\"><div class=\"wptb-text-container wptb-ph-element wptb-element-text-6\"><div class=\"\" style=\"position: relative;\"><p style=\"text-align: center;\">50 &#8211; 100 L<\/p><\/div><\/div><\/td><\/tr><tr class=\"wptb-row\"><td class=\"wptb-cell\" data-y-index=\"3\" data-x-index=\"0\" style=\"border: 4px solid rgb(153, 153, 153);\" data-wptb-css-td-auto-width=\"true\"><div class=\"wptb-text-container wptb-ph-element wptb-element-text-7\"><div class=\"\" style=\"position: relative;\"><p style=\"text-align: center;\"><strong>Pojemno\u015b\u0107 komory mielenia<\/strong><\/p><\/div><\/div><\/td><td class=\"wptb-cell\" data-y-index=\"3\" data-x-index=\"1\" style=\"border: 4px solid rgb(153, 153, 153);\" data-wptb-css-td-auto-width=\"true\"><div class=\"wptb-text-container wptb-ph-element wptb-element-text-8\"><div class=\"\" style=\"position: relative;\"><p style=\"text-align: center;\">3L<\/p><\/div><\/div><\/td><\/tr><\/tbody><\/table>\n<\/div>\n<\/div>","protected":false},"excerpt":{"rendered":"<p>DBM-100 \/ M\u0142yn koszowy pilota\u017cowy, sytuowany pomi\u0119dzy maszynami laboratoryjnymi a produkcyjnymi m\u0142ynami koszowymi. Dzi\u0119ki kompaktowej konstrukcji, mocnemu silnikowi, szerokiemu zakresowi pr\u0119dko\u015bci, efektywnemu systemowi sterowania i osprz\u0119towi, DBM-100 jest bardzo wydajn\u0105 maszyn\u0105 do proces\u00f3w mielenia na mokro dla partii 50-100 litr\u00f3w. DBM-100 zosta\u0142 zaprojektowany z my\u015bl\u0105 o potrzebach nowoczesnej technologii mielenia na mokro. G\u0142\u00f3wnym celem systemu&hellip;<\/p>\n","protected":false},"author":1,"featured_media":0,"parent":0,"menu_order":0,"comment_status":"closed","ping_status":"closed","template":"","meta":{"_monsterinsights_skip_tracking":false,"_monsterinsights_sitenote_active":false,"_monsterinsights_sitenote_note":"","_monsterinsights_sitenote_category":0,"footnotes":""},"class_list":["post-416","page","type-page","status-publish","hentry"],"yoast_head":"<!-- This site is optimized with the Yoast SEO plugin v27.2 - https:\/\/yoast.com\/product\/yoast-seo-wordpress\/ -->\n<title>DBM-100 \/ M\u0142yn koszowy pilota\u017cowy (50-100 L) &#8226; M\u0142yny Przemys\u0142owe<\/title>\n<meta name=\"description\" content=\"DBM-100 \/ M\u0142yn koszowy pilota\u017cowy, sytuowany pomi\u0119dzy maszynami laboratoryjnymi a produkcyjnymi m\u0142ynami koszowymi. Dzi\u0119ki kompaktowej konstrukcji, mocnemu silnikowi, szerokiemu zakresowi pr\u0119dko\u015bci, efektywnemu systemowi sterowania i osprz\u0119towi, DBM-100 jest bardzo wydajn\u0105 maszyn\u0105 do proces\u00f3w mielenia na mokro dla partii 50-100 litr\u00f3w. DBM-100 zosta\u0142 zaprojektowany z my\u015bl\u0105 o potrzebach nowoczesnej technologii mielenia na mokro. G\u0142\u00f3wnym celem systemu&hellip;\" \/>\n<meta name=\"robots\" content=\"index, follow, max-snippet:-1, max-image-preview:large, max-video-preview:-1\" \/>\n<link rel=\"canonical\" href=\"https:\/\/mlynyprzemyslowe.pl\/?page_id=416\" \/>\n<meta property=\"og:locale\" content=\"pl_PL\" \/>\n<meta property=\"og:type\" content=\"article\" \/>\n<meta property=\"og:title\" content=\"DBM-100 \/ M\u0142yn koszowy pilota\u017cowy (50-100 L) &#8226; M\u0142yny Przemys\u0142owe\" \/>\n<meta property=\"og:description\" content=\"DBM-100 \/ M\u0142yn koszowy pilota\u017cowy, sytuowany pomi\u0119dzy maszynami laboratoryjnymi a produkcyjnymi m\u0142ynami koszowymi. Dzi\u0119ki kompaktowej konstrukcji, mocnemu silnikowi, szerokiemu zakresowi pr\u0119dko\u015bci, efektywnemu systemowi sterowania i osprz\u0119towi, DBM-100 jest bardzo wydajn\u0105 maszyn\u0105 do proces\u00f3w mielenia na mokro dla partii 50-100 litr\u00f3w. DBM-100 zosta\u0142 zaprojektowany z my\u015bl\u0105 o potrzebach nowoczesnej technologii mielenia na mokro. G\u0142\u00f3wnym celem systemu&hellip;\" \/>\n<meta property=\"og:url\" content=\"https:\/\/mlynyprzemyslowe.pl\/?page_id=416\" \/>\n<meta property=\"og:site_name\" content=\"M\u0142yny Przemys\u0142owe\" \/>\n<meta property=\"og:image\" content=\"http:\/\/mlynyprzemyslowe.pl\/wp-content\/uploads\/2021\/06\/DBM-100-Mlyn-koszowy-laboratoryjny-wdrozeniowy-50-100-L-1.jpg\" \/>\n<meta name=\"twitter:card\" content=\"summary_large_image\" \/>\n<meta name=\"twitter:label1\" content=\"Szacowany czas czytania\" \/>\n\t<meta name=\"twitter:data1\" content=\"3 minuty\" \/>\n<script type=\"application\/ld+json\" class=\"yoast-schema-graph\">{\"@context\":\"https:\/\/schema.org\",\"@graph\":[{\"@type\":\"WebPage\",\"@id\":\"https:\/\/mlynyprzemyslowe.pl\/?page_id=416\",\"url\":\"https:\/\/mlynyprzemyslowe.pl\/?page_id=416\",\"name\":\"DBM-100 \/ M\u0142yn koszowy pilota\u017cowy (50-100 L) &#8226; M\u0142yny Przemys\u0142owe\",\"isPartOf\":{\"@id\":\"https:\/\/mlynyprzemyslowe.pl\/#website\"},\"primaryImageOfPage\":{\"@id\":\"https:\/\/mlynyprzemyslowe.pl\/?page_id=416#primaryimage\"},\"image\":{\"@id\":\"https:\/\/mlynyprzemyslowe.pl\/?page_id=416#primaryimage\"},\"thumbnailUrl\":\"http:\/\/mlynyprzemyslowe.pl\/wp-content\/uploads\/2021\/06\/DBM-100-Mlyn-koszowy-laboratoryjny-wdrozeniowy-50-100-L-1.jpg\",\"datePublished\":\"2021-06-12T12:06:54+00:00\",\"breadcrumb\":{\"@id\":\"https:\/\/mlynyprzemyslowe.pl\/?page_id=416#breadcrumb\"},\"inLanguage\":\"pl-PL\",\"potentialAction\":[{\"@type\":\"ReadAction\",\"target\":[\"https:\/\/mlynyprzemyslowe.pl\/?page_id=416\"]}]},{\"@type\":\"ImageObject\",\"inLanguage\":\"pl-PL\",\"@id\":\"https:\/\/mlynyprzemyslowe.pl\/?page_id=416#primaryimage\",\"url\":\"http:\/\/mlynyprzemyslowe.pl\/wp-content\/uploads\/2021\/06\/DBM-100-Mlyn-koszowy-laboratoryjny-wdrozeniowy-50-100-L-1.jpg\",\"contentUrl\":\"http:\/\/mlynyprzemyslowe.pl\/wp-content\/uploads\/2021\/06\/DBM-100-Mlyn-koszowy-laboratoryjny-wdrozeniowy-50-100-L-1.jpg\"},{\"@type\":\"BreadcrumbList\",\"@id\":\"https:\/\/mlynyprzemyslowe.pl\/?page_id=416#breadcrumb\",\"itemListElement\":[{\"@type\":\"ListItem\",\"position\":1,\"name\":\"Strona g\u0142\u00f3wna\",\"item\":\"https:\/\/mlynyprzemyslowe.pl\/\"},{\"@type\":\"ListItem\",\"position\":2,\"name\":\"DBM-100 \/ M\u0142yn koszowy pilota\u017cowy (50-100 L)\"}]},{\"@type\":\"WebSite\",\"@id\":\"https:\/\/mlynyprzemyslowe.pl\/#website\",\"url\":\"https:\/\/mlynyprzemyslowe.pl\/\",\"name\":\"M\u0142yny Przemys\u0142owe\",\"description\":\"\",\"publisher\":{\"@id\":\"https:\/\/mlynyprzemyslowe.pl\/#organization\"},\"potentialAction\":[{\"@type\":\"SearchAction\",\"target\":{\"@type\":\"EntryPoint\",\"urlTemplate\":\"https:\/\/mlynyprzemyslowe.pl\/?s={search_term_string}\"},\"query-input\":{\"@type\":\"PropertyValueSpecification\",\"valueRequired\":true,\"valueName\":\"search_term_string\"}}],\"inLanguage\":\"pl-PL\"},{\"@type\":\"Organization\",\"@id\":\"https:\/\/mlynyprzemyslowe.pl\/#organization\",\"name\":\"M\u0142yny Przemys\u0142owe\",\"url\":\"https:\/\/mlynyprzemyslowe.pl\/\",\"logo\":{\"@type\":\"ImageObject\",\"inLanguage\":\"pl-PL\",\"@id\":\"https:\/\/mlynyprzemyslowe.pl\/#\/schema\/logo\/image\/\",\"url\":\"http:\/\/mlynyprzemyslowe.pl\/wp-content\/uploads\/2020\/10\/pomysl4ikons.png\",\"contentUrl\":\"http:\/\/mlynyprzemyslowe.pl\/wp-content\/uploads\/2020\/10\/pomysl4ikons.png\",\"width\":1920,\"height\":1080,\"caption\":\"M\u0142yny Przemys\u0142owe\"},\"image\":{\"@id\":\"https:\/\/mlynyprzemyslowe.pl\/#\/schema\/logo\/image\/\"}}]}<\/script>\n<!-- \/ Yoast SEO plugin. -->","yoast_head_json":{"title":"DBM-100 \/ M\u0142yn koszowy pilota\u017cowy (50-100 L) &#8226; M\u0142yny Przemys\u0142owe","description":"DBM-100 \/ M\u0142yn koszowy pilota\u017cowy, sytuowany pomi\u0119dzy maszynami laboratoryjnymi a produkcyjnymi m\u0142ynami koszowymi. Dzi\u0119ki kompaktowej konstrukcji, mocnemu silnikowi, szerokiemu zakresowi pr\u0119dko\u015bci, efektywnemu systemowi sterowania i osprz\u0119towi, DBM-100 jest bardzo wydajn\u0105 maszyn\u0105 do proces\u00f3w mielenia na mokro dla partii 50-100 litr\u00f3w. DBM-100 zosta\u0142 zaprojektowany z my\u015bl\u0105 o potrzebach nowoczesnej technologii mielenia na mokro. G\u0142\u00f3wnym celem systemu&hellip;","robots":{"index":"index","follow":"follow","max-snippet":"max-snippet:-1","max-image-preview":"max-image-preview:large","max-video-preview":"max-video-preview:-1"},"canonical":"https:\/\/mlynyprzemyslowe.pl\/?page_id=416","og_locale":"pl_PL","og_type":"article","og_title":"DBM-100 \/ M\u0142yn koszowy pilota\u017cowy (50-100 L) &#8226; M\u0142yny Przemys\u0142owe","og_description":"DBM-100 \/ M\u0142yn koszowy pilota\u017cowy, sytuowany pomi\u0119dzy maszynami laboratoryjnymi a produkcyjnymi m\u0142ynami koszowymi. Dzi\u0119ki kompaktowej konstrukcji, mocnemu silnikowi, szerokiemu zakresowi pr\u0119dko\u015bci, efektywnemu systemowi sterowania i osprz\u0119towi, DBM-100 jest bardzo wydajn\u0105 maszyn\u0105 do proces\u00f3w mielenia na mokro dla partii 50-100 litr\u00f3w. DBM-100 zosta\u0142 zaprojektowany z my\u015bl\u0105 o potrzebach nowoczesnej technologii mielenia na mokro. G\u0142\u00f3wnym celem systemu&hellip;","og_url":"https:\/\/mlynyprzemyslowe.pl\/?page_id=416","og_site_name":"M\u0142yny Przemys\u0142owe","og_image":[{"url":"http:\/\/mlynyprzemyslowe.pl\/wp-content\/uploads\/2021\/06\/DBM-100-Mlyn-koszowy-laboratoryjny-wdrozeniowy-50-100-L-1.jpg","type":"","width":"","height":""}],"twitter_card":"summary_large_image","twitter_misc":{"Szacowany czas czytania":"3 minuty"},"schema":{"@context":"https:\/\/schema.org","@graph":[{"@type":"WebPage","@id":"https:\/\/mlynyprzemyslowe.pl\/?page_id=416","url":"https:\/\/mlynyprzemyslowe.pl\/?page_id=416","name":"DBM-100 \/ M\u0142yn koszowy pilota\u017cowy (50-100 L) &#8226; M\u0142yny Przemys\u0142owe","isPartOf":{"@id":"https:\/\/mlynyprzemyslowe.pl\/#website"},"primaryImageOfPage":{"@id":"https:\/\/mlynyprzemyslowe.pl\/?page_id=416#primaryimage"},"image":{"@id":"https:\/\/mlynyprzemyslowe.pl\/?page_id=416#primaryimage"},"thumbnailUrl":"http:\/\/mlynyprzemyslowe.pl\/wp-content\/uploads\/2021\/06\/DBM-100-Mlyn-koszowy-laboratoryjny-wdrozeniowy-50-100-L-1.jpg","datePublished":"2021-06-12T12:06:54+00:00","breadcrumb":{"@id":"https:\/\/mlynyprzemyslowe.pl\/?page_id=416#breadcrumb"},"inLanguage":"pl-PL","potentialAction":[{"@type":"ReadAction","target":["https:\/\/mlynyprzemyslowe.pl\/?page_id=416"]}]},{"@type":"ImageObject","inLanguage":"pl-PL","@id":"https:\/\/mlynyprzemyslowe.pl\/?page_id=416#primaryimage","url":"http:\/\/mlynyprzemyslowe.pl\/wp-content\/uploads\/2021\/06\/DBM-100-Mlyn-koszowy-laboratoryjny-wdrozeniowy-50-100-L-1.jpg","contentUrl":"http:\/\/mlynyprzemyslowe.pl\/wp-content\/uploads\/2021\/06\/DBM-100-Mlyn-koszowy-laboratoryjny-wdrozeniowy-50-100-L-1.jpg"},{"@type":"BreadcrumbList","@id":"https:\/\/mlynyprzemyslowe.pl\/?page_id=416#breadcrumb","itemListElement":[{"@type":"ListItem","position":1,"name":"Strona g\u0142\u00f3wna","item":"https:\/\/mlynyprzemyslowe.pl\/"},{"@type":"ListItem","position":2,"name":"DBM-100 \/ M\u0142yn koszowy pilota\u017cowy (50-100 L)"}]},{"@type":"WebSite","@id":"https:\/\/mlynyprzemyslowe.pl\/#website","url":"https:\/\/mlynyprzemyslowe.pl\/","name":"M\u0142yny Przemys\u0142owe","description":"","publisher":{"@id":"https:\/\/mlynyprzemyslowe.pl\/#organization"},"potentialAction":[{"@type":"SearchAction","target":{"@type":"EntryPoint","urlTemplate":"https:\/\/mlynyprzemyslowe.pl\/?s={search_term_string}"},"query-input":{"@type":"PropertyValueSpecification","valueRequired":true,"valueName":"search_term_string"}}],"inLanguage":"pl-PL"},{"@type":"Organization","@id":"https:\/\/mlynyprzemyslowe.pl\/#organization","name":"M\u0142yny Przemys\u0142owe","url":"https:\/\/mlynyprzemyslowe.pl\/","logo":{"@type":"ImageObject","inLanguage":"pl-PL","@id":"https:\/\/mlynyprzemyslowe.pl\/#\/schema\/logo\/image\/","url":"http:\/\/mlynyprzemyslowe.pl\/wp-content\/uploads\/2020\/10\/pomysl4ikons.png","contentUrl":"http:\/\/mlynyprzemyslowe.pl\/wp-content\/uploads\/2020\/10\/pomysl4ikons.png","width":1920,"height":1080,"caption":"M\u0142yny Przemys\u0142owe"},"image":{"@id":"https:\/\/mlynyprzemyslowe.pl\/#\/schema\/logo\/image\/"}}]}},"_links":{"self":[{"href":"https:\/\/mlynyprzemyslowe.pl\/index.php?rest_route=\/wp\/v2\/pages\/416","targetHints":{"allow":["GET"]}}],"collection":[{"href":"https:\/\/mlynyprzemyslowe.pl\/index.php?rest_route=\/wp\/v2\/pages"}],"about":[{"href":"https:\/\/mlynyprzemyslowe.pl\/index.php?rest_route=\/wp\/v2\/types\/page"}],"author":[{"embeddable":true,"href":"https:\/\/mlynyprzemyslowe.pl\/index.php?rest_route=\/wp\/v2\/users\/1"}],"replies":[{"embeddable":true,"href":"https:\/\/mlynyprzemyslowe.pl\/index.php?rest_route=%2Fwp%2Fv2%2Fcomments&post=416"}],"version-history":[{"count":1,"href":"https:\/\/mlynyprzemyslowe.pl\/index.php?rest_route=\/wp\/v2\/pages\/416\/revisions"}],"predecessor-version":[{"id":419,"href":"https:\/\/mlynyprzemyslowe.pl\/index.php?rest_route=\/wp\/v2\/pages\/416\/revisions\/419"}],"wp:attachment":[{"href":"https:\/\/mlynyprzemyslowe.pl\/index.php?rest_route=%2Fwp%2Fv2%2Fmedia&parent=416"}],"curies":[{"name":"wp","href":"https:\/\/api.w.org\/{rel}","templated":true}]}}