{"id":559,"date":"2022-02-08T18:05:55","date_gmt":"2022-02-08T18:05:55","guid":{"rendered":"https:\/\/mlynyprzemyslowe.pl\/?page_id=559"},"modified":"2022-02-16T10:40:03","modified_gmt":"2022-02-16T10:40:03","slug":"czesci-zamienne","status":"publish","type":"page","link":"https:\/\/mlynyprzemyslowe.pl\/?page_id=559","title":{"rendered":"Cz\u0119\u015bci zamienne"},"content":{"rendered":"<p>&nbsp; &nbsp; &nbsp; &nbsp; &nbsp; &nbsp;Produkujemy nast\u0119puj\u0105ce cz\u0119\u015bci zamienne do m\u0142yn\u00f3w w\u0142asnych i innych producent\u00f3w: bijaki, no\u017ce krusz\u0105ce, wirniki krusz\u0105ce, kruszarki wentylatorowe, ok\u0142adziny, \u015bciernice, ko\u0142ki\/piny, tarcze ko\u0142kowe, bijaki wahad\u0142owe, ko\u0142ki i wa\u0142y do m\u0142yn\u00f3w mieszaj\u0105cych, p\u0142yty, wa\u0142y, sita, przesiewacze, lamele z\u0119bate, wirniki turbo, pier\u015bcienie \u015blizgowe . . .<!-- ZDJ\u0118CIE 1,6, 7, 8\n --><\/p>\n\n\n<div class=\"wp-block-columns is-layout-flex wp-container-core-columns-is-layout-9d6595d7 wp-block-columns-is-layout-flex\">\n<div class=\"wp-block-column is-layout-flow wp-block-column-is-layout-flow\">\n<div class=\"wp-block-columns is-layout-flex wp-container-core-columns-is-layout-9d6595d7 wp-block-columns-is-layout-flex\">\n<div class=\"wp-block-column is-layout-flow wp-block-column-is-layout-flow\">\n<div class=\"wp-block-image\"><figure class=\"aligncenter size-large\"><img loading=\"lazy\" decoding=\"async\" width=\"1024\" height=\"683\" src=\"https:\/\/mlynyprzemyslowe.pl\/wp-content\/uploads\/2022\/02\/1-1024x683.jpg\" alt=\"\" class=\"wp-image-560\" srcset=\"https:\/\/mlynyprzemyslowe.pl\/wp-content\/uploads\/2022\/02\/1-1024x683.jpg 1024w, https:\/\/mlynyprzemyslowe.pl\/wp-content\/uploads\/2022\/02\/1-300x200.jpg 300w, https:\/\/mlynyprzemyslowe.pl\/wp-content\/uploads\/2022\/02\/1-768x512.jpg 768w, https:\/\/mlynyprzemyslowe.pl\/wp-content\/uploads\/2022\/02\/1-1536x1024.jpg 1536w, https:\/\/mlynyprzemyslowe.pl\/wp-content\/uploads\/2022\/02\/1-2048x1365.jpg 2048w\" sizes=\"auto, (max-width: 1024px) 100vw, 1024px\" \/><\/figure><\/div>\n<\/div>\n\n\n\n<div class=\"wp-block-column is-layout-flow wp-block-column-is-layout-flow\">\n<div class=\"wp-block-image\"><figure class=\"aligncenter size-large is-resized\"><img loading=\"lazy\" decoding=\"async\" src=\"https:\/\/mlynyprzemyslowe.pl\/wp-content\/uploads\/2022\/02\/6-819x1024.jpg\" alt=\"\" class=\"wp-image-561\" width=\"153\" height=\"191\" srcset=\"https:\/\/mlynyprzemyslowe.pl\/wp-content\/uploads\/2022\/02\/6-819x1024.jpg 819w, https:\/\/mlynyprzemyslowe.pl\/wp-content\/uploads\/2022\/02\/6-240x300.jpg 240w, https:\/\/mlynyprzemyslowe.pl\/wp-content\/uploads\/2022\/02\/6-768x960.jpg 768w, https:\/\/mlynyprzemyslowe.pl\/wp-content\/uploads\/2022\/02\/6-1229x1536.jpg 1229w, https:\/\/mlynyprzemyslowe.pl\/wp-content\/uploads\/2022\/02\/6-1639x2048.jpg 1639w, https:\/\/mlynyprzemyslowe.pl\/wp-content\/uploads\/2022\/02\/6-scaled.jpg 2048w\" sizes=\"auto, (max-width: 153px) 100vw, 153px\" \/><\/figure><\/div>\n<\/div>\n<\/div>\n<\/div>\n\n\n\n<div class=\"wp-block-column is-layout-flow wp-block-column-is-layout-flow\">\n<div class=\"wp-block-columns is-layout-flex wp-container-core-columns-is-layout-9d6595d7 wp-block-columns-is-layout-flex\">\n<div class=\"wp-block-column is-layout-flow wp-block-column-is-layout-flow\">\n<div class=\"wp-block-image\"><figure class=\"aligncenter size-large\"><img loading=\"lazy\" decoding=\"async\" width=\"1024\" height=\"683\" src=\"https:\/\/mlynyprzemyslowe.pl\/wp-content\/uploads\/2022\/02\/7-1024x683.jpg\" alt=\"\" class=\"wp-image-562\" srcset=\"https:\/\/mlynyprzemyslowe.pl\/wp-content\/uploads\/2022\/02\/7-1024x683.jpg 1024w, https:\/\/mlynyprzemyslowe.pl\/wp-content\/uploads\/2022\/02\/7-300x200.jpg 300w, https:\/\/mlynyprzemyslowe.pl\/wp-content\/uploads\/2022\/02\/7-768x512.jpg 768w, https:\/\/mlynyprzemyslowe.pl\/wp-content\/uploads\/2022\/02\/7-1536x1024.jpg 1536w, https:\/\/mlynyprzemyslowe.pl\/wp-content\/uploads\/2022\/02\/7-2048x1365.jpg 2048w\" sizes=\"auto, (max-width: 1024px) 100vw, 1024px\" \/><\/figure><\/div>\n<\/div>\n\n\n\n<div class=\"wp-block-column is-layout-flow wp-block-column-is-layout-flow\">\n<div class=\"wp-block-image\"><figure class=\"aligncenter size-large\"><img loading=\"lazy\" decoding=\"async\" width=\"1024\" height=\"683\" src=\"https:\/\/mlynyprzemyslowe.pl\/wp-content\/uploads\/2022\/02\/8-1024x683.jpg\" alt=\"\" class=\"wp-image-563\" srcset=\"https:\/\/mlynyprzemyslowe.pl\/wp-content\/uploads\/2022\/02\/8-1024x683.jpg 1024w, https:\/\/mlynyprzemyslowe.pl\/wp-content\/uploads\/2022\/02\/8-300x200.jpg 300w, https:\/\/mlynyprzemyslowe.pl\/wp-content\/uploads\/2022\/02\/8-768x512.jpg 768w, https:\/\/mlynyprzemyslowe.pl\/wp-content\/uploads\/2022\/02\/8-1536x1024.jpg 1536w, https:\/\/mlynyprzemyslowe.pl\/wp-content\/uploads\/2022\/02\/8-2048x1365.jpg 2048w\" sizes=\"auto, (max-width: 1024px) 100vw, 1024px\" \/><\/figure><\/div>\n<\/div>\n<\/div>\n<\/div>\n<\/div>\n\n\n<p>&nbsp; &nbsp; &nbsp; &nbsp; &nbsp; Mo\u017cemy r\u00f3wnie\u017c dostarczy\u0107 te narz\u0119dzia do mielenia w lepszej jako\u015bci dobieraj\u0105c idealne materia\u0142y i stosuj\u0105c specjalne techniki hartowania, dzi\u0119ki czemu zu\u017cycie jest znacznie zmniejszone. Mo\u017cemy r\u00f3wnie\u017c nada\u0107 stali nierdzewnej odporn\u0105 na zu\u017cycie, utwardzon\u0105 powierzchni\u0119. Do mielenia na zimno dostarczamy narz\u0119dzia wykonane z materia\u0142u, kt\u00f3ry jest odporny na ujemne temperatury, a tak\u017ce mo\u017ce by\u0107 hartowany.<!-- Wst\u0119p \n --><!-- ZDJ\u0118CIE 2 --><\/p>\n\n\n<div class=\"wp-block-image\"><figure class=\"aligncenter size-large is-resized\"><img loading=\"lazy\" decoding=\"async\" src=\"https:\/\/mlynyprzemyslowe.pl\/wp-content\/uploads\/2022\/02\/2-1024x793.jpg\" alt=\"\" class=\"wp-image-565\" width=\"609\" height=\"471\" srcset=\"https:\/\/mlynyprzemyslowe.pl\/wp-content\/uploads\/2022\/02\/2-1024x793.jpg 1024w, https:\/\/mlynyprzemyslowe.pl\/wp-content\/uploads\/2022\/02\/2-300x232.jpg 300w, https:\/\/mlynyprzemyslowe.pl\/wp-content\/uploads\/2022\/02\/2-768x595.jpg 768w, https:\/\/mlynyprzemyslowe.pl\/wp-content\/uploads\/2022\/02\/2-1536x1189.jpg 1536w, https:\/\/mlynyprzemyslowe.pl\/wp-content\/uploads\/2022\/02\/2-2048x1586.jpg 2048w\" sizes=\"auto, (max-width: 609px) 100vw, 609px\" \/><\/figure><\/div>\n\n\n<p><span style=\"font-size: x-large;\"><b>CZ\u0118\u015aCI DOST\u0118PNE Z NASZEGO MAGAZYNU I WYSY\u0141ANE W NAWET W CI\u0104GU 24 GODZIN OD ZG\u0141OSZENIA<!-- ZDJ\u0118CIE 3\n --> <\/b><\/span><\/p>\n\n\n<div class=\"wp-block-image\"><figure class=\"aligncenter size-large is-resized\"><img loading=\"lazy\" decoding=\"async\" src=\"https:\/\/mlynyprzemyslowe.pl\/wp-content\/uploads\/2022\/02\/3-768x1024.jpg\" alt=\"\" class=\"wp-image-566\" width=\"609\" height=\"812\" srcset=\"https:\/\/mlynyprzemyslowe.pl\/wp-content\/uploads\/2022\/02\/3-768x1024.jpg 768w, https:\/\/mlynyprzemyslowe.pl\/wp-content\/uploads\/2022\/02\/3-225x300.jpg 225w, https:\/\/mlynyprzemyslowe.pl\/wp-content\/uploads\/2022\/02\/3-1152x1536.jpg 1152w, https:\/\/mlynyprzemyslowe.pl\/wp-content\/uploads\/2022\/02\/3-1536x2048.jpg 1536w, https:\/\/mlynyprzemyslowe.pl\/wp-content\/uploads\/2022\/02\/3-scaled.jpg 1920w\" sizes=\"auto, (max-width: 609px) 100vw, 609px\" \/><\/figure><\/div>\n\n\n\n<p><strong><\/strong><\/p><h2><strong>Piny\/Ko\u0142ki \u017c\u0142obione\/karbowane<\/strong><\/h2><p><\/p>\n\n\n<p>W istniej\u0105cych m\u0142ynach ko\u0142kowych mo\u017cna stosowa\u0107 karbowane ko\u0142ki zamiast zwyk\u0142ych ko\u0142k\u00f3w okr\u0105g\u0142ych. Zamiast okr\u0105g\u0142ego przekroju, ko\u0142ki tego typu s\u0105 \u017c\u0142obione wzd\u0142u\u017cnie.<\/p>\n<p>\u00a0<\/p>\n<h4><i><u>Zalety<\/u><\/i><\/h4>\n<p>\u00a0<\/p>\n<p>Drobniejszy materia\u0142 do mielenia (mniejszy rozmiar cz\u0105stek)<\/p>\n<p>Kruszenie udarowe po\u0142\u0105czone z efektem p\u0119kni\u0119cia<\/p>\n<p>\u00a0<\/p>\n<h4><i><u>Spos\u00f3b dzia\u0142ania<\/u><\/i><\/h4>\n<p>\u00a0<\/p>\n<p>\u00a0 \u00a0 Powierzchnia, na tym samym obszar kontaktu cz\u0105stek, jest wi\u0119ksza. Cz\u0105steczki cz\u0119\u015bciej i skuteczniej odbijaj\u0105 si\u0119 od ko\u0142k\u00f3w, zwi\u0119kszaj\u0105c tym samym wydajno\u015b\u0107 m\u0142yna.<\/p>\n<p>\u00a0 \u00a0 Rowkowanie w ko\u0142kach generuje wi\u0119ksze turbulencje ni\u017c w przypadku ko\u0142k\u00f3w okr\u0105g\u0142ych. Zwi\u0119ksza to skuteczno\u015b\u0107 operacji kruszenia, poniewa\u017c zderzenie cz\u0105stek o siebie powoduje r\u00f3wnie\u017c ich kruszenie.<\/p>\n<p>\u00a0 \u00a0 \u00a0Cz\u0105steczki, kt\u00f3re odbijaj\u0105 si\u0119 w pobli\u017cu kraw\u0119dzi ko\u0142ka, s\u0105 odchylane przez ko\u0142ki okr\u0105g\u0142e tylko pod rozwartym k\u0105tem, podczas gdy ko\u0142ki karbowane posiadaj\u0105 rowki. Tam s\u0105 mia\u017cd\u017cone i odrzucane pod ostrym k\u0105tem.<\/p>\n<p>\u00a0 \u00a0 \u00a0Opr\u00f3cz mia\u017cd\u017cenia uderzeniowego istnieje r\u00f3wnie\u017c dodatkowy efekt: \u017c\u0142obkowana powierzchnia powoduje p\u0119kanie cz\u0105stek przy uderzeniu. Ten efekt p\u0119kania jest szczeg\u00f3lnie skuteczny w przypadku materia\u0142\u00f3w, kt\u00f3re s\u0105 tylko nieznacznie kruche i mog\u0105 wymaga\u0107 ch\u0142odzenia<!-- ZDJ\u0118CIE 4\n -->.<\/p>\n<p>\u00a0<\/p>\n\n\n<div class=\"wp-block-image\"><figure class=\"aligncenter size-large is-resized\"><img loading=\"lazy\" decoding=\"async\" src=\"https:\/\/mlynyprzemyslowe.pl\/wp-content\/uploads\/2022\/02\/4-635x1024.jpg\" alt=\"\" class=\"wp-image-564\" width=\"281\" height=\"453\" srcset=\"https:\/\/mlynyprzemyslowe.pl\/wp-content\/uploads\/2022\/02\/4-635x1024.jpg 635w, https:\/\/mlynyprzemyslowe.pl\/wp-content\/uploads\/2022\/02\/4-186x300.jpg 186w, https:\/\/mlynyprzemyslowe.pl\/wp-content\/uploads\/2022\/02\/4-768x1239.jpg 768w, https:\/\/mlynyprzemyslowe.pl\/wp-content\/uploads\/2022\/02\/4-952x1536.jpg 952w, https:\/\/mlynyprzemyslowe.pl\/wp-content\/uploads\/2022\/02\/4-1270x2048.jpg 1270w, https:\/\/mlynyprzemyslowe.pl\/wp-content\/uploads\/2022\/02\/4-scaled.jpg 1587w\" sizes=\"auto, (max-width: 281px) 100vw, 281px\" \/><\/figure><\/div>\n\n\n<p><\/p>\n<h4><i><u>Przyk\u0142ady aplikacji<\/u><\/i><\/h4>\n<p><\/p>\n<p>&nbsp; &nbsp; Wszystkie materia\u0142y do \u200b\u200bzmielenia wymagaj\u0105ce dok\u0142adnego mielenia, np. drobny proszek przyprawowy.<\/p>\n<p>&nbsp; &nbsp; Doskona\u0142e wyniki mielenia podczas mielenia kriogenicznego, m.in. mi. z produktami lepkoplastycznymi, kt\u00f3re wymagaj\u0105 wytworzenia krucho\u015bci ciek\u0142ym azotem, m.in. tworzywa sztuczne i elastomery.<\/p>\n\n\n<p><h2><strong>Serwis<\/strong><\/h2><\/p>\n\n\n<p>&nbsp; &nbsp; &nbsp; Naszym priorytetem jest jako\u015b\u0107 i zadowolenie klienta. Nasze us\u0142ugi wykraczaj\u0105 daleko poza sam\u0105 dostaw\u0119 narz\u0119dzi do mielenia i m\u0142yn\u00f3w.<\/p>\n<p><\/p>\n\n\n<p><strong><h2>Naprawa\/modernizacja<\/h2><\/strong><\/p>\n\n\n<p><\/p>\n<p>&nbsp; &nbsp; Naprawiamy narz\u0119dzia mielnicze (np. dopasowujemy nowe ko\u0142ki do tarcz ko\u0142kowych), a nast\u0119pnie wywa\u017camy je na naszej wywa\u017carce dynamicznej. Remonty przek\u0142adni wykonujemy w naszej siedzibie.<\/p>\n<p>Oferujemy r\u00f3wnie\u017c regeneracj\u0119 starych m\u0142yn\u00f3w r\u00f3\u017cnych produkcji \u2013 zapytaj si\u0119 o modernizacj\u0119 swojego m\u0142yna <a href=\"https:\/\/mlynyprzemyslowe.pl\/?page_id=22\">tutaj<\/a><!-- Kolejny akapit --><!-- Link do klikni\u0119cia do formularza kontaktowego\n --><!-- Zdj\u0119cia 10(1) i 2 --><\/p>\n\n\n<div class=\"wp-block-columns is-layout-flex wp-container-core-columns-is-layout-9d6595d7 wp-block-columns-is-layout-flex\">\n<div class=\"wp-block-column is-layout-flow wp-block-column-is-layout-flow\">\n<figure class=\"wp-block-image size-large\"><img loading=\"lazy\" decoding=\"async\" width=\"1024\" height=\"768\" src=\"https:\/\/mlynyprzemyslowe.pl\/wp-content\/uploads\/2022\/02\/10-1-1-1024x768.jpg\" alt=\"\" class=\"wp-image-568\" srcset=\"https:\/\/mlynyprzemyslowe.pl\/wp-content\/uploads\/2022\/02\/10-1-1-1024x768.jpg 1024w, https:\/\/mlynyprzemyslowe.pl\/wp-content\/uploads\/2022\/02\/10-1-1-300x225.jpg 300w, https:\/\/mlynyprzemyslowe.pl\/wp-content\/uploads\/2022\/02\/10-1-1-768x576.jpg 768w, https:\/\/mlynyprzemyslowe.pl\/wp-content\/uploads\/2022\/02\/10-1-1-1536x1152.jpg 1536w, https:\/\/mlynyprzemyslowe.pl\/wp-content\/uploads\/2022\/02\/10-1-1-2048x1536.jpg 2048w, https:\/\/mlynyprzemyslowe.pl\/wp-content\/uploads\/2022\/02\/10-1-1-160x120.jpg 160w\" sizes=\"auto, (max-width: 1024px) 100vw, 1024px\" \/><\/figure>\n<\/div>\n\n\n\n<div class=\"wp-block-column is-layout-flow wp-block-column-is-layout-flow\">\n<figure class=\"wp-block-image size-large\"><img loading=\"lazy\" decoding=\"async\" width=\"1024\" height=\"768\" src=\"https:\/\/mlynyprzemyslowe.pl\/wp-content\/uploads\/2022\/02\/10-2-1024x768.jpg\" alt=\"\" class=\"wp-image-569\" srcset=\"https:\/\/mlynyprzemyslowe.pl\/wp-content\/uploads\/2022\/02\/10-2-1024x768.jpg 1024w, https:\/\/mlynyprzemyslowe.pl\/wp-content\/uploads\/2022\/02\/10-2-300x225.jpg 300w, https:\/\/mlynyprzemyslowe.pl\/wp-content\/uploads\/2022\/02\/10-2-768x576.jpg 768w, https:\/\/mlynyprzemyslowe.pl\/wp-content\/uploads\/2022\/02\/10-2-1536x1152.jpg 1536w, https:\/\/mlynyprzemyslowe.pl\/wp-content\/uploads\/2022\/02\/10-2-2048x1536.jpg 2048w, https:\/\/mlynyprzemyslowe.pl\/wp-content\/uploads\/2022\/02\/10-2-160x120.jpg 160w\" sizes=\"auto, (max-width: 1024px) 100vw, 1024px\" \/><\/figure>\n<\/div>\n<\/div>\n","protected":false},"excerpt":{"rendered":"<p>&nbsp; &nbsp; &nbsp; &nbsp; &nbsp; &nbsp;Produkujemy nast\u0119puj\u0105ce cz\u0119\u015bci zamienne do m\u0142yn\u00f3w w\u0142asnych i innych producent\u00f3w: bijaki, no\u017ce krusz\u0105ce, wirniki krusz\u0105ce, kruszarki wentylatorowe, ok\u0142adziny, \u015bciernice, ko\u0142ki\/piny, tarcze ko\u0142kowe, bijaki wahad\u0142owe, ko\u0142ki i wa\u0142y do m\u0142yn\u00f3w mieszaj\u0105cych, p\u0142yty, wa\u0142y, sita, przesiewacze, lamele z\u0119bate, wirniki turbo, pier\u015bcienie \u015blizgowe . . . &nbsp; &nbsp; &nbsp; &nbsp; &nbsp; Mo\u017cemy r\u00f3wnie\u017c&hellip;<\/p>\n","protected":false},"author":1,"featured_media":0,"parent":0,"menu_order":0,"comment_status":"closed","ping_status":"closed","template":"","meta":{"_monsterinsights_skip_tracking":false,"_monsterinsights_sitenote_active":false,"_monsterinsights_sitenote_note":"","_monsterinsights_sitenote_category":0,"footnotes":""},"class_list":["post-559","page","type-page","status-publish","hentry"],"yoast_head":"<!-- This site is optimized with the Yoast SEO plugin v27.2 - https:\/\/yoast.com\/product\/yoast-seo-wordpress\/ -->\n<title>Cz\u0119\u015bci zamienne &#8226; M\u0142yny Przemys\u0142owe<\/title>\n<meta name=\"description\" content=\"&nbsp; &nbsp; &nbsp; &nbsp; &nbsp; &nbsp;Produkujemy nast\u0119puj\u0105ce cz\u0119\u015bci zamienne do m\u0142yn\u00f3w w\u0142asnych i innych producent\u00f3w: bijaki, no\u017ce krusz\u0105ce, wirniki krusz\u0105ce, kruszarki wentylatorowe, ok\u0142adziny, \u015bciernice, ko\u0142ki\/piny, tarcze ko\u0142kowe, bijaki wahad\u0142owe, ko\u0142ki i wa\u0142y do m\u0142yn\u00f3w mieszaj\u0105cych, p\u0142yty, wa\u0142y, sita, przesiewacze, lamele z\u0119bate, wirniki turbo, pier\u015bcienie \u015blizgowe . . . &nbsp; &nbsp; &nbsp; &nbsp; &nbsp; Mo\u017cemy r\u00f3wnie\u017c&hellip;\" \/>\n<meta name=\"robots\" content=\"index, follow, max-snippet:-1, max-image-preview:large, max-video-preview:-1\" \/>\n<link rel=\"canonical\" href=\"https:\/\/mlynyprzemyslowe.pl\/?page_id=559\" \/>\n<meta property=\"og:locale\" content=\"pl_PL\" \/>\n<meta property=\"og:type\" content=\"article\" \/>\n<meta property=\"og:title\" content=\"Cz\u0119\u015bci zamienne &#8226; M\u0142yny Przemys\u0142owe\" \/>\n<meta property=\"og:description\" content=\"&nbsp; &nbsp; &nbsp; &nbsp; &nbsp; &nbsp;Produkujemy nast\u0119puj\u0105ce cz\u0119\u015bci zamienne do m\u0142yn\u00f3w w\u0142asnych i innych producent\u00f3w: bijaki, no\u017ce krusz\u0105ce, wirniki krusz\u0105ce, kruszarki wentylatorowe, ok\u0142adziny, \u015bciernice, ko\u0142ki\/piny, tarcze ko\u0142kowe, bijaki wahad\u0142owe, ko\u0142ki i wa\u0142y do m\u0142yn\u00f3w mieszaj\u0105cych, p\u0142yty, wa\u0142y, sita, przesiewacze, lamele z\u0119bate, wirniki turbo, pier\u015bcienie \u015blizgowe . . . &nbsp; &nbsp; &nbsp; &nbsp; &nbsp; Mo\u017cemy r\u00f3wnie\u017c&hellip;\" \/>\n<meta property=\"og:url\" content=\"https:\/\/mlynyprzemyslowe.pl\/?page_id=559\" \/>\n<meta property=\"og:site_name\" content=\"M\u0142yny Przemys\u0142owe\" \/>\n<meta property=\"article:modified_time\" content=\"2022-02-16T10:40:03+00:00\" \/>\n<meta property=\"og:image\" content=\"http:\/\/mlynyprzemyslowe.pl\/wp-content\/uploads\/2022\/02\/1-1024x683.jpg\" \/>\n<meta name=\"twitter:card\" content=\"summary_large_image\" \/>\n<meta name=\"twitter:label1\" content=\"Szacowany czas czytania\" \/>\n\t<meta name=\"twitter:data1\" content=\"3 minuty\" \/>\n<script type=\"application\/ld+json\" class=\"yoast-schema-graph\">{\"@context\":\"https:\/\/schema.org\",\"@graph\":[{\"@type\":\"WebPage\",\"@id\":\"https:\/\/mlynyprzemyslowe.pl\/?page_id=559\",\"url\":\"https:\/\/mlynyprzemyslowe.pl\/?page_id=559\",\"name\":\"Cz\u0119\u015bci zamienne &#8226; M\u0142yny Przemys\u0142owe\",\"isPartOf\":{\"@id\":\"https:\/\/mlynyprzemyslowe.pl\/#website\"},\"primaryImageOfPage\":{\"@id\":\"https:\/\/mlynyprzemyslowe.pl\/?page_id=559#primaryimage\"},\"image\":{\"@id\":\"https:\/\/mlynyprzemyslowe.pl\/?page_id=559#primaryimage\"},\"thumbnailUrl\":\"http:\/\/mlynyprzemyslowe.pl\/wp-content\/uploads\/2022\/02\/1-1024x683.jpg\",\"datePublished\":\"2022-02-08T18:05:55+00:00\",\"dateModified\":\"2022-02-16T10:40:03+00:00\",\"breadcrumb\":{\"@id\":\"https:\/\/mlynyprzemyslowe.pl\/?page_id=559#breadcrumb\"},\"inLanguage\":\"pl-PL\",\"potentialAction\":[{\"@type\":\"ReadAction\",\"target\":[\"https:\/\/mlynyprzemyslowe.pl\/?page_id=559\"]}]},{\"@type\":\"ImageObject\",\"inLanguage\":\"pl-PL\",\"@id\":\"https:\/\/mlynyprzemyslowe.pl\/?page_id=559#primaryimage\",\"url\":\"http:\/\/mlynyprzemyslowe.pl\/wp-content\/uploads\/2022\/02\/1-1024x683.jpg\",\"contentUrl\":\"http:\/\/mlynyprzemyslowe.pl\/wp-content\/uploads\/2022\/02\/1-1024x683.jpg\"},{\"@type\":\"BreadcrumbList\",\"@id\":\"https:\/\/mlynyprzemyslowe.pl\/?page_id=559#breadcrumb\",\"itemListElement\":[{\"@type\":\"ListItem\",\"position\":1,\"name\":\"Strona g\u0142\u00f3wna\",\"item\":\"https:\/\/mlynyprzemyslowe.pl\/\"},{\"@type\":\"ListItem\",\"position\":2,\"name\":\"Cz\u0119\u015bci zamienne\"}]},{\"@type\":\"WebSite\",\"@id\":\"https:\/\/mlynyprzemyslowe.pl\/#website\",\"url\":\"https:\/\/mlynyprzemyslowe.pl\/\",\"name\":\"M\u0142yny Przemys\u0142owe\",\"description\":\"\",\"publisher\":{\"@id\":\"https:\/\/mlynyprzemyslowe.pl\/#organization\"},\"potentialAction\":[{\"@type\":\"SearchAction\",\"target\":{\"@type\":\"EntryPoint\",\"urlTemplate\":\"https:\/\/mlynyprzemyslowe.pl\/?s={search_term_string}\"},\"query-input\":{\"@type\":\"PropertyValueSpecification\",\"valueRequired\":true,\"valueName\":\"search_term_string\"}}],\"inLanguage\":\"pl-PL\"},{\"@type\":\"Organization\",\"@id\":\"https:\/\/mlynyprzemyslowe.pl\/#organization\",\"name\":\"M\u0142yny Przemys\u0142owe\",\"url\":\"https:\/\/mlynyprzemyslowe.pl\/\",\"logo\":{\"@type\":\"ImageObject\",\"inLanguage\":\"pl-PL\",\"@id\":\"https:\/\/mlynyprzemyslowe.pl\/#\/schema\/logo\/image\/\",\"url\":\"http:\/\/mlynyprzemyslowe.pl\/wp-content\/uploads\/2020\/10\/pomysl4ikons.png\",\"contentUrl\":\"http:\/\/mlynyprzemyslowe.pl\/wp-content\/uploads\/2020\/10\/pomysl4ikons.png\",\"width\":1920,\"height\":1080,\"caption\":\"M\u0142yny Przemys\u0142owe\"},\"image\":{\"@id\":\"https:\/\/mlynyprzemyslowe.pl\/#\/schema\/logo\/image\/\"}}]}<\/script>\n<!-- \/ Yoast SEO plugin. -->","yoast_head_json":{"title":"Cz\u0119\u015bci zamienne &#8226; M\u0142yny Przemys\u0142owe","description":"&nbsp; &nbsp; &nbsp; &nbsp; &nbsp; &nbsp;Produkujemy nast\u0119puj\u0105ce cz\u0119\u015bci zamienne do m\u0142yn\u00f3w w\u0142asnych i innych producent\u00f3w: bijaki, no\u017ce krusz\u0105ce, wirniki krusz\u0105ce, kruszarki wentylatorowe, ok\u0142adziny, \u015bciernice, ko\u0142ki\/piny, tarcze ko\u0142kowe, bijaki wahad\u0142owe, ko\u0142ki i wa\u0142y do m\u0142yn\u00f3w mieszaj\u0105cych, p\u0142yty, wa\u0142y, sita, przesiewacze, lamele z\u0119bate, wirniki turbo, pier\u015bcienie \u015blizgowe . . . &nbsp; &nbsp; &nbsp; &nbsp; &nbsp; Mo\u017cemy r\u00f3wnie\u017c&hellip;","robots":{"index":"index","follow":"follow","max-snippet":"max-snippet:-1","max-image-preview":"max-image-preview:large","max-video-preview":"max-video-preview:-1"},"canonical":"https:\/\/mlynyprzemyslowe.pl\/?page_id=559","og_locale":"pl_PL","og_type":"article","og_title":"Cz\u0119\u015bci zamienne &#8226; M\u0142yny Przemys\u0142owe","og_description":"&nbsp; &nbsp; &nbsp; &nbsp; &nbsp; &nbsp;Produkujemy nast\u0119puj\u0105ce cz\u0119\u015bci zamienne do m\u0142yn\u00f3w w\u0142asnych i innych producent\u00f3w: bijaki, no\u017ce krusz\u0105ce, wirniki krusz\u0105ce, kruszarki wentylatorowe, ok\u0142adziny, \u015bciernice, ko\u0142ki\/piny, tarcze ko\u0142kowe, bijaki wahad\u0142owe, ko\u0142ki i wa\u0142y do m\u0142yn\u00f3w mieszaj\u0105cych, p\u0142yty, wa\u0142y, sita, przesiewacze, lamele z\u0119bate, wirniki turbo, pier\u015bcienie \u015blizgowe . . . &nbsp; &nbsp; &nbsp; &nbsp; &nbsp; Mo\u017cemy r\u00f3wnie\u017c&hellip;","og_url":"https:\/\/mlynyprzemyslowe.pl\/?page_id=559","og_site_name":"M\u0142yny Przemys\u0142owe","article_modified_time":"2022-02-16T10:40:03+00:00","og_image":[{"url":"http:\/\/mlynyprzemyslowe.pl\/wp-content\/uploads\/2022\/02\/1-1024x683.jpg","type":"","width":"","height":""}],"twitter_card":"summary_large_image","twitter_misc":{"Szacowany czas czytania":"3 minuty"},"schema":{"@context":"https:\/\/schema.org","@graph":[{"@type":"WebPage","@id":"https:\/\/mlynyprzemyslowe.pl\/?page_id=559","url":"https:\/\/mlynyprzemyslowe.pl\/?page_id=559","name":"Cz\u0119\u015bci zamienne &#8226; M\u0142yny Przemys\u0142owe","isPartOf":{"@id":"https:\/\/mlynyprzemyslowe.pl\/#website"},"primaryImageOfPage":{"@id":"https:\/\/mlynyprzemyslowe.pl\/?page_id=559#primaryimage"},"image":{"@id":"https:\/\/mlynyprzemyslowe.pl\/?page_id=559#primaryimage"},"thumbnailUrl":"http:\/\/mlynyprzemyslowe.pl\/wp-content\/uploads\/2022\/02\/1-1024x683.jpg","datePublished":"2022-02-08T18:05:55+00:00","dateModified":"2022-02-16T10:40:03+00:00","breadcrumb":{"@id":"https:\/\/mlynyprzemyslowe.pl\/?page_id=559#breadcrumb"},"inLanguage":"pl-PL","potentialAction":[{"@type":"ReadAction","target":["https:\/\/mlynyprzemyslowe.pl\/?page_id=559"]}]},{"@type":"ImageObject","inLanguage":"pl-PL","@id":"https:\/\/mlynyprzemyslowe.pl\/?page_id=559#primaryimage","url":"http:\/\/mlynyprzemyslowe.pl\/wp-content\/uploads\/2022\/02\/1-1024x683.jpg","contentUrl":"http:\/\/mlynyprzemyslowe.pl\/wp-content\/uploads\/2022\/02\/1-1024x683.jpg"},{"@type":"BreadcrumbList","@id":"https:\/\/mlynyprzemyslowe.pl\/?page_id=559#breadcrumb","itemListElement":[{"@type":"ListItem","position":1,"name":"Strona g\u0142\u00f3wna","item":"https:\/\/mlynyprzemyslowe.pl\/"},{"@type":"ListItem","position":2,"name":"Cz\u0119\u015bci zamienne"}]},{"@type":"WebSite","@id":"https:\/\/mlynyprzemyslowe.pl\/#website","url":"https:\/\/mlynyprzemyslowe.pl\/","name":"M\u0142yny Przemys\u0142owe","description":"","publisher":{"@id":"https:\/\/mlynyprzemyslowe.pl\/#organization"},"potentialAction":[{"@type":"SearchAction","target":{"@type":"EntryPoint","urlTemplate":"https:\/\/mlynyprzemyslowe.pl\/?s={search_term_string}"},"query-input":{"@type":"PropertyValueSpecification","valueRequired":true,"valueName":"search_term_string"}}],"inLanguage":"pl-PL"},{"@type":"Organization","@id":"https:\/\/mlynyprzemyslowe.pl\/#organization","name":"M\u0142yny Przemys\u0142owe","url":"https:\/\/mlynyprzemyslowe.pl\/","logo":{"@type":"ImageObject","inLanguage":"pl-PL","@id":"https:\/\/mlynyprzemyslowe.pl\/#\/schema\/logo\/image\/","url":"http:\/\/mlynyprzemyslowe.pl\/wp-content\/uploads\/2020\/10\/pomysl4ikons.png","contentUrl":"http:\/\/mlynyprzemyslowe.pl\/wp-content\/uploads\/2020\/10\/pomysl4ikons.png","width":1920,"height":1080,"caption":"M\u0142yny Przemys\u0142owe"},"image":{"@id":"https:\/\/mlynyprzemyslowe.pl\/#\/schema\/logo\/image\/"}}]}},"_links":{"self":[{"href":"https:\/\/mlynyprzemyslowe.pl\/index.php?rest_route=\/wp\/v2\/pages\/559","targetHints":{"allow":["GET"]}}],"collection":[{"href":"https:\/\/mlynyprzemyslowe.pl\/index.php?rest_route=\/wp\/v2\/pages"}],"about":[{"href":"https:\/\/mlynyprzemyslowe.pl\/index.php?rest_route=\/wp\/v2\/types\/page"}],"author":[{"embeddable":true,"href":"https:\/\/mlynyprzemyslowe.pl\/index.php?rest_route=\/wp\/v2\/users\/1"}],"replies":[{"embeddable":true,"href":"https:\/\/mlynyprzemyslowe.pl\/index.php?rest_route=%2Fwp%2Fv2%2Fcomments&post=559"}],"version-history":[{"count":30,"href":"https:\/\/mlynyprzemyslowe.pl\/index.php?rest_route=\/wp\/v2\/pages\/559\/revisions"}],"predecessor-version":[{"id":658,"href":"https:\/\/mlynyprzemyslowe.pl\/index.php?rest_route=\/wp\/v2\/pages\/559\/revisions\/658"}],"wp:attachment":[{"href":"https:\/\/mlynyprzemyslowe.pl\/index.php?rest_route=%2Fwp%2Fv2%2Fmedia&parent=559"}],"curies":[{"name":"wp","href":"https:\/\/api.w.org\/{rel}","templated":true}]}}