{"id":756,"date":"2023-05-29T22:57:29","date_gmt":"2023-05-29T22:57:29","guid":{"rendered":"https:\/\/mlynyprzemyslowe.pl\/?page_id=756"},"modified":"2023-05-29T22:58:28","modified_gmt":"2023-05-29T22:58:28","slug":"mlyny-wysokoobrotowe","status":"publish","type":"page","link":"https:\/\/mlynyprzemyslowe.pl\/?page_id=756","title":{"rendered":"M\u0141YNY WYSOKOOBROTOWE"},"content":{"rendered":"\n<p class=\"has-medium-font-size\"><strong>M\u0142yny szybkoobrotowe to uniwersalne m\u0142yny m\u0142otkowe. S\u0105 uwa\u017cane za wysokiej jako\u015bci standardow\u0105 opcj\u0119 do produkcji pasz, produkcji etanolu i przetwarzania w\u0142\u00f3kna. Nasze m\u0142yny szybkoobrotowe s\u0142u\u017c\u0105 do mielenia materia\u0142\u00f3w suchych jak r\u00f3wnie\u017c do kruszenia na mokro. Nasze solidne konstrukcje sprawdzi\u0142y si\u0119 przez dziesi\u0119ciolecia, s\u0105 zaawansowane technologicznie i wyj\u0105tkowo \u0142atwe w u\u017cyciu. \u017bywotno\u015b\u0107 maszyn cz\u0119sto przekracza 30 lat.<\/strong><\/p>\n\n\n\n<hr class=\"wp-block-separator has-alpha-channel-opacity\"\/>\n\n\n\n<div class=\"wp-block-columns is-layout-flex wp-container-core-columns-is-layout-9d6595d7 wp-block-columns-is-layout-flex\">\n<div class=\"wp-block-column is-layout-flow wp-block-column-is-layout-flow\"><div class=\"wp-block-image\">\n<figure class=\"aligncenter size-large\"><a href=\"https:\/\/mlynyprzemyslowe.pl\/?page_id=764\"><img loading=\"lazy\" decoding=\"async\" width=\"1024\" height=\"576\" src=\"https:\/\/mlynyprzemyslowe.pl\/wp-content\/uploads\/2023\/05\/vl-1024x576.png\" alt=\"\" class=\"wp-image-765\" srcset=\"https:\/\/mlynyprzemyslowe.pl\/wp-content\/uploads\/2023\/05\/vl-1024x576.png 1024w, https:\/\/mlynyprzemyslowe.pl\/wp-content\/uploads\/2023\/05\/vl-300x169.png 300w, https:\/\/mlynyprzemyslowe.pl\/wp-content\/uploads\/2023\/05\/vl-768x432.png 768w, https:\/\/mlynyprzemyslowe.pl\/wp-content\/uploads\/2023\/05\/vl-1140x641.png 1140w, https:\/\/mlynyprzemyslowe.pl\/wp-content\/uploads\/2023\/05\/vl-720x405.png 720w, https:\/\/mlynyprzemyslowe.pl\/wp-content\/uploads\/2023\/05\/vl.png 1386w\" sizes=\"auto, (max-width: 1024px) 100vw, 1024px\" \/><\/a><\/figure>\n<\/div><\/div>\n\n\n\n<div class=\"wp-block-column is-layout-flow wp-block-column-is-layout-flow\"><div class=\"wp-block-image\">\n<figure class=\"aligncenter size-full\"><a href=\"https:\/\/mlynyprzemyslowe.pl\/?page_id=767\"><img loading=\"lazy\" decoding=\"async\" width=\"1000\" height=\"665\" src=\"https:\/\/mlynyprzemyslowe.pl\/wp-content\/uploads\/2023\/05\/vdk.jpg\" alt=\"\" class=\"wp-image-768\" srcset=\"https:\/\/mlynyprzemyslowe.pl\/wp-content\/uploads\/2023\/05\/vdk.jpg 1000w, https:\/\/mlynyprzemyslowe.pl\/wp-content\/uploads\/2023\/05\/vdk-300x200.jpg 300w, https:\/\/mlynyprzemyslowe.pl\/wp-content\/uploads\/2023\/05\/vdk-768x511.jpg 768w\" sizes=\"auto, (max-width: 1000px) 100vw, 1000px\" \/><\/a><\/figure>\n<\/div><\/div>\n<\/div>\n\n\n\n<div class=\"wp-block-columns is-layout-flex wp-container-core-columns-is-layout-9d6595d7 wp-block-columns-is-layout-flex\">\n<div class=\"wp-block-column is-layout-flow wp-block-column-is-layout-flow\">\n<p class=\"has-text-align-center\"><strong><a href=\"https:\/\/mlynyprzemyslowe.pl\/?page_id=764\" title=\"Typ VL\">Typ VL<\/a><\/strong><\/p>\n<\/div>\n\n\n\n<div class=\"wp-block-column is-layout-flow wp-block-column-is-layout-flow\">\n<p class=\"has-text-align-center\"><strong><a href=\"https:\/\/mlynyprzemyslowe.pl\/?page_id=767\" title=\"Typ VDK\">Typ VDK<\/a><\/strong><\/p>\n<\/div>\n<\/div>\n\n\n\n<div class=\"wp-block-columns is-layout-flex wp-container-core-columns-is-layout-9d6595d7 wp-block-columns-is-layout-flex\">\n<div class=\"wp-block-column is-layout-flow wp-block-column-is-layout-flow\"><div class=\"wp-block-image\">\n<figure class=\"aligncenter size-large\"><a href=\"https:\/\/mlynyprzemyslowe.pl\/?page_id=773\"><img loading=\"lazy\" decoding=\"async\" width=\"1024\" height=\"576\" src=\"https:\/\/mlynyprzemyslowe.pl\/wp-content\/uploads\/2023\/05\/lde-1024x576.png\" alt=\"\" class=\"wp-image-774\" srcset=\"https:\/\/mlynyprzemyslowe.pl\/wp-content\/uploads\/2023\/05\/lde-1024x576.png 1024w, https:\/\/mlynyprzemyslowe.pl\/wp-content\/uploads\/2023\/05\/lde-300x169.png 300w, https:\/\/mlynyprzemyslowe.pl\/wp-content\/uploads\/2023\/05\/lde-768x432.png 768w, https:\/\/mlynyprzemyslowe.pl\/wp-content\/uploads\/2023\/05\/lde-1140x641.png 1140w, https:\/\/mlynyprzemyslowe.pl\/wp-content\/uploads\/2023\/05\/lde-720x405.png 720w, https:\/\/mlynyprzemyslowe.pl\/wp-content\/uploads\/2023\/05\/lde.png 1386w\" sizes=\"auto, (max-width: 1024px) 100vw, 1024px\" \/><\/a><\/figure>\n<\/div><\/div>\n\n\n\n<div class=\"wp-block-column is-layout-flow wp-block-column-is-layout-flow\"><div class=\"wp-block-image\">\n<figure class=\"aligncenter size-large\"><a href=\"https:\/\/mlynyprzemyslowe.pl\/?page_id=776\"><img loading=\"lazy\" decoding=\"async\" width=\"1024\" height=\"576\" src=\"https:\/\/mlynyprzemyslowe.pl\/wp-content\/uploads\/2023\/05\/hm-1024x576.png\" alt=\"\" class=\"wp-image-777\" srcset=\"https:\/\/mlynyprzemyslowe.pl\/wp-content\/uploads\/2023\/05\/hm-1024x576.png 1024w, https:\/\/mlynyprzemyslowe.pl\/wp-content\/uploads\/2023\/05\/hm-300x169.png 300w, https:\/\/mlynyprzemyslowe.pl\/wp-content\/uploads\/2023\/05\/hm-768x432.png 768w, https:\/\/mlynyprzemyslowe.pl\/wp-content\/uploads\/2023\/05\/hm-1140x641.png 1140w, https:\/\/mlynyprzemyslowe.pl\/wp-content\/uploads\/2023\/05\/hm-720x405.png 720w, https:\/\/mlynyprzemyslowe.pl\/wp-content\/uploads\/2023\/05\/hm.png 1386w\" sizes=\"auto, (max-width: 1024px) 100vw, 1024px\" \/><\/a><\/figure>\n<\/div><\/div>\n<\/div>\n\n\n\n<div class=\"wp-block-columns is-layout-flex wp-container-core-columns-is-layout-9d6595d7 wp-block-columns-is-layout-flex\">\n<div class=\"wp-block-column is-layout-flow wp-block-column-is-layout-flow\">\n<p class=\"has-text-align-center\"><strong><a href=\"https:\/\/mlynyprzemyslowe.pl\/?page_id=773\" title=\"Typ LDE\">Typ LDE<\/a><\/strong><\/p>\n<\/div>\n\n\n\n<div class=\"wp-block-column is-layout-flow wp-block-column-is-layout-flow\">\n<p class=\"has-text-align-center\"><strong><a href=\"https:\/\/mlynyprzemyslowe.pl\/?page_id=776\" title=\"Typ HM\">Typ HM<\/a><\/strong><\/p>\n<\/div>\n<\/div>\n\n\n\n<div class=\"wp-block-columns is-layout-flex wp-container-core-columns-is-layout-9d6595d7 wp-block-columns-is-layout-flex\">\n<div class=\"wp-block-column is-layout-flow wp-block-column-is-layout-flow\"><\/div>\n\n\n\n<div class=\"wp-block-column is-layout-flow wp-block-column-is-layout-flow\"><\/div>\n<\/div>\n\n\n\n<div class=\"wp-block-columns is-layout-flex wp-container-core-columns-is-layout-9d6595d7 wp-block-columns-is-layout-flex\">\n<div class=\"wp-block-column is-layout-flow wp-block-column-is-layout-flow\">\n<p class=\"has-text-align-center\"><strong><a href=\"https:\/\/mlynyprzemyslowe.pl\/?page_id=779\" title=\"Typ W\">Typ W<\/a><\/strong><\/p>\n<\/div>\n\n\n\n<div class=\"wp-block-column is-layout-flow wp-block-column-is-layout-flow\"><\/div>\n<\/div>\n","protected":false},"excerpt":{"rendered":"<p>M\u0142yny szybkoobrotowe to uniwersalne m\u0142yny m\u0142otkowe. S\u0105 uwa\u017cane za wysokiej jako\u015bci standardow\u0105 opcj\u0119 do produkcji pasz, produkcji etanolu i przetwarzania w\u0142\u00f3kna. Nasze m\u0142yny szybkoobrotowe s\u0142u\u017c\u0105 do mielenia materia\u0142\u00f3w suchych jak r\u00f3wnie\u017c do kruszenia na mokro. Nasze solidne konstrukcje sprawdzi\u0142y si\u0119 przez dziesi\u0119ciolecia, s\u0105 zaawansowane technologicznie i wyj\u0105tkowo \u0142atwe w u\u017cyciu. \u017bywotno\u015b\u0107 maszyn cz\u0119sto przekracza 30&hellip;<\/p>\n","protected":false},"author":1,"featured_media":0,"parent":0,"menu_order":0,"comment_status":"closed","ping_status":"closed","template":"","meta":{"_monsterinsights_skip_tracking":false,"_monsterinsights_sitenote_active":false,"_monsterinsights_sitenote_note":"","_monsterinsights_sitenote_category":0,"footnotes":""},"class_list":["post-756","page","type-page","status-publish","hentry"],"yoast_head":"<!-- This site is optimized with the Yoast SEO plugin v27.2 - https:\/\/yoast.com\/product\/yoast-seo-wordpress\/ -->\n<title>M\u0141YNY WYSOKOOBROTOWE &#8226; M\u0142yny Przemys\u0142owe<\/title>\n<meta name=\"description\" content=\"M\u0142yny szybkoobrotowe to uniwersalne m\u0142yny m\u0142otkowe. S\u0105 uwa\u017cane za wysokiej jako\u015bci standardow\u0105 opcj\u0119 do produkcji pasz, produkcji etanolu i przetwarzania w\u0142\u00f3kna. Nasze m\u0142yny szybkoobrotowe s\u0142u\u017c\u0105 do mielenia materia\u0142\u00f3w suchych jak r\u00f3wnie\u017c do kruszenia na mokro. Nasze solidne konstrukcje sprawdzi\u0142y si\u0119 przez dziesi\u0119ciolecia, s\u0105 zaawansowane technologicznie i wyj\u0105tkowo \u0142atwe w u\u017cyciu. \u017bywotno\u015b\u0107 maszyn cz\u0119sto przekracza 30&hellip;\" \/>\n<meta name=\"robots\" content=\"index, follow, max-snippet:-1, max-image-preview:large, max-video-preview:-1\" \/>\n<link rel=\"canonical\" href=\"https:\/\/mlynyprzemyslowe.pl\/?page_id=756\" \/>\n<meta property=\"og:locale\" content=\"pl_PL\" \/>\n<meta property=\"og:type\" content=\"article\" \/>\n<meta property=\"og:title\" content=\"M\u0141YNY WYSOKOOBROTOWE &#8226; M\u0142yny Przemys\u0142owe\" \/>\n<meta property=\"og:description\" content=\"M\u0142yny szybkoobrotowe to uniwersalne m\u0142yny m\u0142otkowe. S\u0105 uwa\u017cane za wysokiej jako\u015bci standardow\u0105 opcj\u0119 do produkcji pasz, produkcji etanolu i przetwarzania w\u0142\u00f3kna. Nasze m\u0142yny szybkoobrotowe s\u0142u\u017c\u0105 do mielenia materia\u0142\u00f3w suchych jak r\u00f3wnie\u017c do kruszenia na mokro. Nasze solidne konstrukcje sprawdzi\u0142y si\u0119 przez dziesi\u0119ciolecia, s\u0105 zaawansowane technologicznie i wyj\u0105tkowo \u0142atwe w u\u017cyciu. \u017bywotno\u015b\u0107 maszyn cz\u0119sto przekracza 30&hellip;\" \/>\n<meta property=\"og:url\" content=\"https:\/\/mlynyprzemyslowe.pl\/?page_id=756\" \/>\n<meta property=\"og:site_name\" content=\"M\u0142yny Przemys\u0142owe\" \/>\n<meta property=\"article:modified_time\" content=\"2023-05-29T22:58:28+00:00\" \/>\n<meta property=\"og:image\" content=\"http:\/\/mlynyprzemyslowe.pl\/wp-content\/uploads\/2023\/05\/vl-1024x576.png\" \/>\n<meta name=\"twitter:card\" content=\"summary_large_image\" \/>\n<script type=\"application\/ld+json\" class=\"yoast-schema-graph\">{\"@context\":\"https:\/\/schema.org\",\"@graph\":[{\"@type\":\"WebPage\",\"@id\":\"https:\/\/mlynyprzemyslowe.pl\/?page_id=756\",\"url\":\"https:\/\/mlynyprzemyslowe.pl\/?page_id=756\",\"name\":\"M\u0141YNY WYSOKOOBROTOWE &#8226; M\u0142yny Przemys\u0142owe\",\"isPartOf\":{\"@id\":\"https:\/\/mlynyprzemyslowe.pl\/#website\"},\"primaryImageOfPage\":{\"@id\":\"https:\/\/mlynyprzemyslowe.pl\/?page_id=756#primaryimage\"},\"image\":{\"@id\":\"https:\/\/mlynyprzemyslowe.pl\/?page_id=756#primaryimage\"},\"thumbnailUrl\":\"http:\/\/mlynyprzemyslowe.pl\/wp-content\/uploads\/2023\/05\/vl-1024x576.png\",\"datePublished\":\"2023-05-29T22:57:29+00:00\",\"dateModified\":\"2023-05-29T22:58:28+00:00\",\"breadcrumb\":{\"@id\":\"https:\/\/mlynyprzemyslowe.pl\/?page_id=756#breadcrumb\"},\"inLanguage\":\"pl-PL\",\"potentialAction\":[{\"@type\":\"ReadAction\",\"target\":[\"https:\/\/mlynyprzemyslowe.pl\/?page_id=756\"]}]},{\"@type\":\"ImageObject\",\"inLanguage\":\"pl-PL\",\"@id\":\"https:\/\/mlynyprzemyslowe.pl\/?page_id=756#primaryimage\",\"url\":\"http:\/\/mlynyprzemyslowe.pl\/wp-content\/uploads\/2023\/05\/vl-1024x576.png\",\"contentUrl\":\"http:\/\/mlynyprzemyslowe.pl\/wp-content\/uploads\/2023\/05\/vl-1024x576.png\"},{\"@type\":\"BreadcrumbList\",\"@id\":\"https:\/\/mlynyprzemyslowe.pl\/?page_id=756#breadcrumb\",\"itemListElement\":[{\"@type\":\"ListItem\",\"position\":1,\"name\":\"Strona g\u0142\u00f3wna\",\"item\":\"https:\/\/mlynyprzemyslowe.pl\/\"},{\"@type\":\"ListItem\",\"position\":2,\"name\":\"M\u0141YNY WYSOKOOBROTOWE\"}]},{\"@type\":\"WebSite\",\"@id\":\"https:\/\/mlynyprzemyslowe.pl\/#website\",\"url\":\"https:\/\/mlynyprzemyslowe.pl\/\",\"name\":\"M\u0142yny Przemys\u0142owe\",\"description\":\"\",\"publisher\":{\"@id\":\"https:\/\/mlynyprzemyslowe.pl\/#organization\"},\"potentialAction\":[{\"@type\":\"SearchAction\",\"target\":{\"@type\":\"EntryPoint\",\"urlTemplate\":\"https:\/\/mlynyprzemyslowe.pl\/?s={search_term_string}\"},\"query-input\":{\"@type\":\"PropertyValueSpecification\",\"valueRequired\":true,\"valueName\":\"search_term_string\"}}],\"inLanguage\":\"pl-PL\"},{\"@type\":\"Organization\",\"@id\":\"https:\/\/mlynyprzemyslowe.pl\/#organization\",\"name\":\"M\u0142yny Przemys\u0142owe\",\"url\":\"https:\/\/mlynyprzemyslowe.pl\/\",\"logo\":{\"@type\":\"ImageObject\",\"inLanguage\":\"pl-PL\",\"@id\":\"https:\/\/mlynyprzemyslowe.pl\/#\/schema\/logo\/image\/\",\"url\":\"http:\/\/mlynyprzemyslowe.pl\/wp-content\/uploads\/2020\/10\/pomysl4ikons.png\",\"contentUrl\":\"http:\/\/mlynyprzemyslowe.pl\/wp-content\/uploads\/2020\/10\/pomysl4ikons.png\",\"width\":1920,\"height\":1080,\"caption\":\"M\u0142yny Przemys\u0142owe\"},\"image\":{\"@id\":\"https:\/\/mlynyprzemyslowe.pl\/#\/schema\/logo\/image\/\"}}]}<\/script>\n<!-- \/ Yoast SEO plugin. -->","yoast_head_json":{"title":"M\u0141YNY WYSOKOOBROTOWE &#8226; M\u0142yny Przemys\u0142owe","description":"M\u0142yny szybkoobrotowe to uniwersalne m\u0142yny m\u0142otkowe. S\u0105 uwa\u017cane za wysokiej jako\u015bci standardow\u0105 opcj\u0119 do produkcji pasz, produkcji etanolu i przetwarzania w\u0142\u00f3kna. Nasze m\u0142yny szybkoobrotowe s\u0142u\u017c\u0105 do mielenia materia\u0142\u00f3w suchych jak r\u00f3wnie\u017c do kruszenia na mokro. Nasze solidne konstrukcje sprawdzi\u0142y si\u0119 przez dziesi\u0119ciolecia, s\u0105 zaawansowane technologicznie i wyj\u0105tkowo \u0142atwe w u\u017cyciu. \u017bywotno\u015b\u0107 maszyn cz\u0119sto przekracza 30&hellip;","robots":{"index":"index","follow":"follow","max-snippet":"max-snippet:-1","max-image-preview":"max-image-preview:large","max-video-preview":"max-video-preview:-1"},"canonical":"https:\/\/mlynyprzemyslowe.pl\/?page_id=756","og_locale":"pl_PL","og_type":"article","og_title":"M\u0141YNY WYSOKOOBROTOWE &#8226; M\u0142yny Przemys\u0142owe","og_description":"M\u0142yny szybkoobrotowe to uniwersalne m\u0142yny m\u0142otkowe. S\u0105 uwa\u017cane za wysokiej jako\u015bci standardow\u0105 opcj\u0119 do produkcji pasz, produkcji etanolu i przetwarzania w\u0142\u00f3kna. Nasze m\u0142yny szybkoobrotowe s\u0142u\u017c\u0105 do mielenia materia\u0142\u00f3w suchych jak r\u00f3wnie\u017c do kruszenia na mokro. Nasze solidne konstrukcje sprawdzi\u0142y si\u0119 przez dziesi\u0119ciolecia, s\u0105 zaawansowane technologicznie i wyj\u0105tkowo \u0142atwe w u\u017cyciu. \u017bywotno\u015b\u0107 maszyn cz\u0119sto przekracza 30&hellip;","og_url":"https:\/\/mlynyprzemyslowe.pl\/?page_id=756","og_site_name":"M\u0142yny Przemys\u0142owe","article_modified_time":"2023-05-29T22:58:28+00:00","og_image":[{"url":"http:\/\/mlynyprzemyslowe.pl\/wp-content\/uploads\/2023\/05\/vl-1024x576.png","type":"","width":"","height":""}],"twitter_card":"summary_large_image","schema":{"@context":"https:\/\/schema.org","@graph":[{"@type":"WebPage","@id":"https:\/\/mlynyprzemyslowe.pl\/?page_id=756","url":"https:\/\/mlynyprzemyslowe.pl\/?page_id=756","name":"M\u0141YNY WYSOKOOBROTOWE &#8226; M\u0142yny Przemys\u0142owe","isPartOf":{"@id":"https:\/\/mlynyprzemyslowe.pl\/#website"},"primaryImageOfPage":{"@id":"https:\/\/mlynyprzemyslowe.pl\/?page_id=756#primaryimage"},"image":{"@id":"https:\/\/mlynyprzemyslowe.pl\/?page_id=756#primaryimage"},"thumbnailUrl":"http:\/\/mlynyprzemyslowe.pl\/wp-content\/uploads\/2023\/05\/vl-1024x576.png","datePublished":"2023-05-29T22:57:29+00:00","dateModified":"2023-05-29T22:58:28+00:00","breadcrumb":{"@id":"https:\/\/mlynyprzemyslowe.pl\/?page_id=756#breadcrumb"},"inLanguage":"pl-PL","potentialAction":[{"@type":"ReadAction","target":["https:\/\/mlynyprzemyslowe.pl\/?page_id=756"]}]},{"@type":"ImageObject","inLanguage":"pl-PL","@id":"https:\/\/mlynyprzemyslowe.pl\/?page_id=756#primaryimage","url":"http:\/\/mlynyprzemyslowe.pl\/wp-content\/uploads\/2023\/05\/vl-1024x576.png","contentUrl":"http:\/\/mlynyprzemyslowe.pl\/wp-content\/uploads\/2023\/05\/vl-1024x576.png"},{"@type":"BreadcrumbList","@id":"https:\/\/mlynyprzemyslowe.pl\/?page_id=756#breadcrumb","itemListElement":[{"@type":"ListItem","position":1,"name":"Strona g\u0142\u00f3wna","item":"https:\/\/mlynyprzemyslowe.pl\/"},{"@type":"ListItem","position":2,"name":"M\u0141YNY WYSOKOOBROTOWE"}]},{"@type":"WebSite","@id":"https:\/\/mlynyprzemyslowe.pl\/#website","url":"https:\/\/mlynyprzemyslowe.pl\/","name":"M\u0142yny Przemys\u0142owe","description":"","publisher":{"@id":"https:\/\/mlynyprzemyslowe.pl\/#organization"},"potentialAction":[{"@type":"SearchAction","target":{"@type":"EntryPoint","urlTemplate":"https:\/\/mlynyprzemyslowe.pl\/?s={search_term_string}"},"query-input":{"@type":"PropertyValueSpecification","valueRequired":true,"valueName":"search_term_string"}}],"inLanguage":"pl-PL"},{"@type":"Organization","@id":"https:\/\/mlynyprzemyslowe.pl\/#organization","name":"M\u0142yny Przemys\u0142owe","url":"https:\/\/mlynyprzemyslowe.pl\/","logo":{"@type":"ImageObject","inLanguage":"pl-PL","@id":"https:\/\/mlynyprzemyslowe.pl\/#\/schema\/logo\/image\/","url":"http:\/\/mlynyprzemyslowe.pl\/wp-content\/uploads\/2020\/10\/pomysl4ikons.png","contentUrl":"http:\/\/mlynyprzemyslowe.pl\/wp-content\/uploads\/2020\/10\/pomysl4ikons.png","width":1920,"height":1080,"caption":"M\u0142yny Przemys\u0142owe"},"image":{"@id":"https:\/\/mlynyprzemyslowe.pl\/#\/schema\/logo\/image\/"}}]}},"_links":{"self":[{"href":"https:\/\/mlynyprzemyslowe.pl\/index.php?rest_route=\/wp\/v2\/pages\/756","targetHints":{"allow":["GET"]}}],"collection":[{"href":"https:\/\/mlynyprzemyslowe.pl\/index.php?rest_route=\/wp\/v2\/pages"}],"about":[{"href":"https:\/\/mlynyprzemyslowe.pl\/index.php?rest_route=\/wp\/v2\/types\/page"}],"author":[{"embeddable":true,"href":"https:\/\/mlynyprzemyslowe.pl\/index.php?rest_route=\/wp\/v2\/users\/1"}],"replies":[{"embeddable":true,"href":"https:\/\/mlynyprzemyslowe.pl\/index.php?rest_route=%2Fwp%2Fv2%2Fcomments&post=756"}],"version-history":[{"count":4,"href":"https:\/\/mlynyprzemyslowe.pl\/index.php?rest_route=\/wp\/v2\/pages\/756\/revisions"}],"predecessor-version":[{"id":783,"href":"https:\/\/mlynyprzemyslowe.pl\/index.php?rest_route=\/wp\/v2\/pages\/756\/revisions\/783"}],"wp:attachment":[{"href":"https:\/\/mlynyprzemyslowe.pl\/index.php?rest_route=%2Fwp%2Fv2%2Fmedia&parent=756"}],"curies":[{"name":"wp","href":"https:\/\/api.w.org\/{rel}","templated":true}]}}